{"id":15738,"date":"2025-02-24T22:49:42","date_gmt":"2025-02-24T21:49:42","guid":{"rendered":"https:\/\/staviori.com.pl\/product\/srebrne-kolczyki-sss6131y\/"},"modified":"2026-02-11T00:09:29","modified_gmt":"2026-02-10T23:09:29","slug":"srebrne-kolczyki-sss6131y","status":"publish","type":"product","link":"https:\/\/staviori.com.pl\/de\/product\/srebrne-kolczyki-sss6131y\/","title":{"rendered":"Versilberte und vergoldete Dreifach-Ohrmanschette"},"content":{"rendered":"<p>Model: SSS6131Y<br \/>\nGewicht ca. 1,45g<\/p>\n<p>Ohrring\/Ohrmanschette<br \/>\nSilber 0.925 vergoldet mit Gelbgold<\/p>\n<p>Szeroko\u015b\u0107 10.65 mm.<br \/>\nD\u0142ugo\u015b\u0107 14.02 mm.<\/p>\n<p>Ten minimalistyczny nausznik sk\u0142ada si\u0119 z trzech pask\u00f3w, kt\u00f3re otulaj\u0105 ucho i nadaj\u0105 wygl\u0105d przek\u0142utych k\u00f3\u0142eczek. Ten model jest wykonany ze srebra pr\u00f3by 925 pokrytego \u017c\u00f3\u0142tym z\u0142otem.<\/p>","protected":false},"excerpt":{"rendered":"<p>Minimalistyczny mankiet do ucha wykonany ze srebra pr\u00f3by 925 i pokryty \u017c\u00f3\u0142tym z\u0142otem to nowoczesna bi\u017cuteria o wyj\u0105tkowym designie. Trzy delikatne paski otulaj\u0105 ucho, tworz\u0105c efekt subtelnych k\u00f3\u0142eczek, kt\u00f3re wygl\u0105daj\u0105 niczym prawdziwe przek\u0142ucia. Idealny dodatek dla os\u00f3b ceni\u0105cych oryginalne, a zarazem eleganckie akcenty w stylizacjach.<\/p>","protected":false},"featured_media":7886,"comment_status":"closed","ping_status":"closed","template":"","meta":{"om_disable_all_campaigns":false},"product_brand":[2284],"product_cat":[199,1818,1817],"product_tag":[6020,3402,2384,6061,6060,6062,6057,6059],"class_list":{"0":"post-15738","1":"product","2":"type-product","3":"status-publish","4":"has-post-thumbnail","6":"product_brand-staviori","7":"product_cat-kolczyki","8":"product_cat-srebrne-kolczyki","9":"product_cat-srebro-2","10":"product_tag-gold-plated-ear-cuff","11":"product_tag-mankiet-do-ucha","12":"product_tag-minimalistyczna-bizuteria","13":"product_tag-ohrmanschette-gold","14":"product_tag-srebro-925-pozlacane","15":"product_tag-stribrna-nausnice-pozlacena","16":"product_tag-triple-ear-cuff","17":"product_tag-zloty-mankiet","18":"pa_dlugosc-14-02mm","19":"pa_dostawca-karen-silver","20":"pa_kruszec-srebro","21":"pa_kruszec-srebro-pozlacane","22":"pa_proba-0-925","23":"pa_szerokosc-10-65mm","24":"pa_waga-145g","26":"first","27":"instock","28":"purchasable","29":"product-type-simple"},"aioseo_notices":[],"_links":{"self":[{"href":"https:\/\/staviori.com.pl\/de\/wp-json\/wp\/v2\/product\/15738","targetHints":{"allow":["GET"]}}],"collection":[{"href":"https:\/\/staviori.com.pl\/de\/wp-json\/wp\/v2\/product"}],"about":[{"href":"https:\/\/staviori.com.pl\/de\/wp-json\/wp\/v2\/types\/product"}],"replies":[{"embeddable":true,"href":"https:\/\/staviori.com.pl\/de\/wp-json\/wp\/v2\/comments?post=15738"}],"wp:featuredmedia":[{"embeddable":true,"href":"https:\/\/staviori.com.pl\/de\/wp-json\/wp\/v2\/media\/7886"}],"wp:attachment":[{"href":"https:\/\/staviori.com.pl\/de\/wp-json\/wp\/v2\/media?parent=15738"}],"wp:term":[{"taxonomy":"product_brand","embeddable":true,"href":"https:\/\/staviori.com.pl\/de\/wp-json\/wp\/v2\/product_brand?post=15738"},{"taxonomy":"product_cat","embeddable":true,"href":"https:\/\/staviori.com.pl\/de\/wp-json\/wp\/v2\/product_cat?post=15738"},{"taxonomy":"product_tag","embeddable":true,"href":"https:\/\/staviori.com.pl\/de\/wp-json\/wp\/v2\/product_tag?post=15738"}],"curies":[{"name":"wp","href":"https:\/\/api.w.org\/{rel}","templated":true}]}}