{"id":15737,"date":"2025-02-24T22:49:42","date_gmt":"2025-02-24T21:49:42","guid":{"rendered":"https:\/\/staviori.com.pl\/product\/srebrne-kolczyki-sss6131w\/"},"modified":"2026-02-11T00:09:29","modified_gmt":"2026-02-10T23:09:29","slug":"srebrne-kolczyki-sss6131w","status":"publish","type":"product","link":"https:\/\/staviori.com.pl\/de\/product\/srebrne-kolczyki-sss6131w\/","title":{"rendered":"Srebrny mankiet do ucha potr\u00f3jny"},"content":{"rendered":"<p>Model: SSS6131W<br \/>\nGewicht ca. 1,45g<\/p>\n<p>Ohrring\/Ohrmanschette<br \/>\n0,925 Silber.<\/p>\n<p>Szeroko\u015b\u0107 10.65 mm.<br \/>\nD\u0142ugo\u015b\u0107 14.02 mm.<\/p>","protected":false},"excerpt":{"rendered":"<p>Nowoczesny mankiet do ucha wykonany ze srebra pr\u00f3by 925 to wyj\u0105tkowa bi\u017cuteria o minimalistycznym charakterze. Tr\u00f3jpier\u015bcieniowa forma nadaje mu niepowtarzalnego wygl\u0105du i sprawia, \u017ce doskonale komponuje si\u0119 z modnymi stylizacjami. To odwa\u017cny, a zarazem elegancki dodatek dla os\u00f3b, kt\u00f3re chc\u0105 wyr\u00f3\u017cnia\u0107 si\u0119 oryginalnym stylem.<\/p>","protected":false},"featured_media":7880,"comment_status":"closed","ping_status":"closed","template":"","meta":{"om_disable_all_campaigns":false},"product_brand":[2284],"product_cat":[199,1818,1817],"product_tag":[3402,2384,6058,6010,6006,2427,6000,6057],"class_list":{"0":"post-15737","1":"product","2":"type-product","3":"status-publish","4":"has-post-thumbnail","6":"product_brand-staviori","7":"product_cat-kolczyki","8":"product_cat-srebrne-kolczyki","9":"product_cat-srebro-2","10":"product_tag-mankiet-do-ucha","11":"product_tag-minimalistyczna-bizuteria","12":"product_tag-modern-ear-cuff","13":"product_tag-ohrmanschette-silber","14":"product_tag-srebrny-mankiet","15":"product_tag-srebro-925","16":"product_tag-stribrna-nausnice-manzeta","17":"product_tag-triple-ear-cuff","18":"pa_dlugosc-14-02mm","19":"pa_dostawca-karen-silver","20":"pa_kruszec-srebro","21":"pa_kruszec-srebro-rodowane","22":"pa_proba-0-925","23":"pa_szerokosc-10-65mm","24":"pa_waga-145g","26":"first","27":"instock","28":"purchasable","29":"product-type-simple"},"aioseo_notices":[],"_links":{"self":[{"href":"https:\/\/staviori.com.pl\/de\/wp-json\/wp\/v2\/product\/15737","targetHints":{"allow":["GET"]}}],"collection":[{"href":"https:\/\/staviori.com.pl\/de\/wp-json\/wp\/v2\/product"}],"about":[{"href":"https:\/\/staviori.com.pl\/de\/wp-json\/wp\/v2\/types\/product"}],"replies":[{"embeddable":true,"href":"https:\/\/staviori.com.pl\/de\/wp-json\/wp\/v2\/comments?post=15737"}],"wp:featuredmedia":[{"embeddable":true,"href":"https:\/\/staviori.com.pl\/de\/wp-json\/wp\/v2\/media\/7880"}],"wp:attachment":[{"href":"https:\/\/staviori.com.pl\/de\/wp-json\/wp\/v2\/media?parent=15737"}],"wp:term":[{"taxonomy":"product_brand","embeddable":true,"href":"https:\/\/staviori.com.pl\/de\/wp-json\/wp\/v2\/product_brand?post=15737"},{"taxonomy":"product_cat","embeddable":true,"href":"https:\/\/staviori.com.pl\/de\/wp-json\/wp\/v2\/product_cat?post=15737"},{"taxonomy":"product_tag","embeddable":true,"href":"https:\/\/staviori.com.pl\/de\/wp-json\/wp\/v2\/product_tag?post=15737"}],"curies":[{"name":"wp","href":"https:\/\/api.w.org\/{rel}","templated":true}]}}