{"id":15732,"date":"2025-02-24T22:49:39","date_gmt":"2025-02-24T21:49:39","guid":{"rendered":"https:\/\/staviori.com.pl\/product\/srebrne-kolczyki-sss6075\/"},"modified":"2026-02-11T00:09:29","modified_gmt":"2026-02-10T23:09:29","slug":"srebrne-kolczyki-sss6075","status":"publish","type":"product","link":"https:\/\/staviori.com.pl\/de\/product\/srebrne-kolczyki-sss6075\/","title":{"rendered":"Silberne kleine Vorh\u00e4ngeschloss-Ohrringe | Silber"},"content":{"rendered":"<p>Model: SSS6075<br \/>\nWaga ok. 0,65g<\/p>\n<p>Ohrringe.<br \/>\n0,925 Silber.<\/p>\n<p>Szeroko\u015b\u0107 3.20 mm.<br \/>\nWysoko\u015b\u0107 5.30 mm.<\/p>","protected":false},"excerpt":{"rendered":"<p>Subtelne kolczyki w kszta\u0142cie k\u0142\u00f3dki wykonane ze srebra pr\u00f3by 925 to oryginalny dodatek o nowoczesnym charakterze. Ich minimalistyczny design symbolizuje bezpiecze\u0144stwo, tajemnic\u0119 i wi\u0119\u017a, czyni\u0105c je wyj\u0105tkow\u0105 ozdob\u0105 na co dzie\u0144. Idealne dla os\u00f3b, kt\u00f3re lubi\u0105 bi\u017cuteri\u0119 z przes\u0142aniem.<\/p>","protected":false},"featured_media":7854,"comment_status":"closed","ping_status":"closed","template":"","meta":{"om_disable_all_campaigns":false},"product_brand":[2284],"product_cat":[199,1818,1817],"product_tag":[6047,2668,6050,5826,6048,6049,5820,2942,2427,5824],"class_list":{"0":"post-15732","1":"product","2":"type-product","3":"status-publish","4":"has-post-thumbnail","6":"product_brand-staviori","7":"product_cat-kolczyki","8":"product_cat-srebrne-kolczyki","9":"product_cat-srebro-2","10":"product_tag-kolczyki-klodki","11":"product_tag-minimalistyczne-kolczyki","12":"product_tag-nausnice-zamek","13":"product_tag-ohrringe-silber","14":"product_tag-padlock-earrings","15":"product_tag-schloss-ohrringe","16":"product_tag-silver-earrings","17":"product_tag-srebrne-kolczyki","18":"product_tag-srebro-925","19":"product_tag-stribrne-nausnice","20":"pa_dostawca-karen-silver","21":"pa_kruszec-srebro","22":"pa_kruszec-srebro-rodowane","23":"pa_motyw-klodka","24":"pa_proba-0-925","25":"pa_szerokosc-3-20mm","26":"pa_waga-065g","27":"pa_wysokosc-5-30mm","28":"pa_zapiecie-sztyft","30":"first","31":"instock","32":"purchasable","33":"product-type-simple"},"aioseo_notices":[],"_links":{"self":[{"href":"https:\/\/staviori.com.pl\/de\/wp-json\/wp\/v2\/product\/15732","targetHints":{"allow":["GET"]}}],"collection":[{"href":"https:\/\/staviori.com.pl\/de\/wp-json\/wp\/v2\/product"}],"about":[{"href":"https:\/\/staviori.com.pl\/de\/wp-json\/wp\/v2\/types\/product"}],"replies":[{"embeddable":true,"href":"https:\/\/staviori.com.pl\/de\/wp-json\/wp\/v2\/comments?post=15732"}],"wp:featuredmedia":[{"embeddable":true,"href":"https:\/\/staviori.com.pl\/de\/wp-json\/wp\/v2\/media\/7854"}],"wp:attachment":[{"href":"https:\/\/staviori.com.pl\/de\/wp-json\/wp\/v2\/media?parent=15732"}],"wp:term":[{"taxonomy":"product_brand","embeddable":true,"href":"https:\/\/staviori.com.pl\/de\/wp-json\/wp\/v2\/product_brand?post=15732"},{"taxonomy":"product_cat","embeddable":true,"href":"https:\/\/staviori.com.pl\/de\/wp-json\/wp\/v2\/product_cat?post=15732"},{"taxonomy":"product_tag","embeddable":true,"href":"https:\/\/staviori.com.pl\/de\/wp-json\/wp\/v2\/product_tag?post=15732"}],"curies":[{"name":"wp","href":"https:\/\/api.w.org\/{rel}","templated":true}]}}