{"id":15731,"date":"2025-02-24T22:49:39","date_gmt":"2025-02-24T21:49:39","guid":{"rendered":"https:\/\/staviori.com.pl\/product\/srebrny-pierscionek-sss6074\/"},"modified":"2026-02-11T00:09:58","modified_gmt":"2026-02-10T23:09:58","slug":"srebrny-pierscionek-sss6074","status":"publish","type":"product","link":"https:\/\/staviori.com.pl\/de\/product\/srebrny-pierscionek-sss6074\/","title":{"rendered":"Silberner Ring mit einem kleinen Herz"},"content":{"rendered":"<p>Model: SSS6074<br \/>\nWaga ok. 0,55g<\/p>\n<p>Ring.<br \/>\n0,925 Silber.<\/p>\n<p>Wymiary 3.59&#215;3.1 mm.<br \/>\nSzeroko\u015b\u0107 obr\u0105czki ok. 1 mm.<\/p>\n<p>Nur einige Gr\u00f6\u00dfen verf\u00fcgbar - bitte anfragen<\/p>","protected":false},"excerpt":{"rendered":"<p>Delikatny pier\u015bcionek ze srebra pr\u00f3by 925 z motywem a\u017curowego serduszka to subtelny dodatek pe\u0142en uroku. Jego minimalistyczna forma sprawia, \u017ce doskonale nadaje si\u0119 do codziennego noszenia, a jednocze\u015bnie stanowi symbol ciep\u0142a i blisko\u015bci. Idealny na prezent dla ukochanej osoby lub jako romantyczny akcent w codziennej bi\u017cuterii.<\/p>","protected":false},"featured_media":7851,"comment_status":"closed","ping_status":"closed","template":"","meta":{"om_disable_all_campaigns":false},"product_brand":[2284],"product_cat":[801,2206,1817],"product_tag":[5259,2384,6044,5552,5160,6043,2427,6045],"class_list":{"0":"post-15731","1":"product","2":"type-product","3":"status-publish","4":"has-post-thumbnail","6":"product_brand-staviori","7":"product_cat-pierscionki","8":"product_cat-srebrny-pierscionek","9":"product_cat-srebro-2","10":"product_tag-azurowy-pierscionek","11":"product_tag-minimalistyczna-bizuteria","12":"product_tag-ohrring-silber-herz","13":"product_tag-pierscionek-serce","14":"product_tag-pierscionek-srebrny","15":"product_tag-silver-heart-ring","16":"product_tag-srebro-925","17":"product_tag-stribrny-prsten-srdce","18":"pa_dostawca-karen-silver","19":"pa_kruszec-srebro","20":"pa_motyw-serce","21":"pa_proba-0-925","22":"pa_rozmiar-2351","23":"pa_rozmiar-2352","24":"pa_rozmiar-2354","25":"pa_rozmiar-2356","26":"pa_rozmiar-4862","27":"pa_szerokosc-obraczki-ok-1mm","28":"pa_waga-055g","29":"pa_wymiary-3-59x3-1mm","31":"first","32":"instock","33":"purchasable","34":"product-type-variable"},"aioseo_notices":[],"_links":{"self":[{"href":"https:\/\/staviori.com.pl\/de\/wp-json\/wp\/v2\/product\/15731","targetHints":{"allow":["GET"]}}],"collection":[{"href":"https:\/\/staviori.com.pl\/de\/wp-json\/wp\/v2\/product"}],"about":[{"href":"https:\/\/staviori.com.pl\/de\/wp-json\/wp\/v2\/types\/product"}],"replies":[{"embeddable":true,"href":"https:\/\/staviori.com.pl\/de\/wp-json\/wp\/v2\/comments?post=15731"}],"wp:featuredmedia":[{"embeddable":true,"href":"https:\/\/staviori.com.pl\/de\/wp-json\/wp\/v2\/media\/7851"}],"wp:attachment":[{"href":"https:\/\/staviori.com.pl\/de\/wp-json\/wp\/v2\/media?parent=15731"}],"wp:term":[{"taxonomy":"product_brand","embeddable":true,"href":"https:\/\/staviori.com.pl\/de\/wp-json\/wp\/v2\/product_brand?post=15731"},{"taxonomy":"product_cat","embeddable":true,"href":"https:\/\/staviori.com.pl\/de\/wp-json\/wp\/v2\/product_cat?post=15731"},{"taxonomy":"product_tag","embeddable":true,"href":"https:\/\/staviori.com.pl\/de\/wp-json\/wp\/v2\/product_tag?post=15731"}],"curies":[{"name":"wp","href":"https:\/\/api.w.org\/{rel}","templated":true}]}}