{"id":15730,"date":"2025-02-24T22:49:39","date_gmt":"2025-02-24T21:49:39","guid":{"rendered":"https:\/\/staviori.com.pl\/product\/srebrny-pierscionek-sss6073\/"},"modified":"2026-02-11T00:09:58","modified_gmt":"2026-02-10T23:09:58","slug":"srebrny-pierscionek-sss6073","status":"publish","type":"product","link":"https:\/\/staviori.com.pl\/de\/product\/srebrny-pierscionek-sss6073\/","title":{"rendered":"Silberner Herzring"},"content":{"rendered":"<p>Model: SSS6073<br \/>\nWaga ok. 0,84g<\/p>\n<p>Ring.<br \/>\n0,925 Silber.<br \/>\nWymiary 5.40&#215;5.0 mm.<\/p>\n<p>Nur einige Gr\u00f6\u00dfen verf\u00fcgbar - bitte anfragen<\/p>\n<p>Delikatny, pi\u0119kny srebrny pier\u015bcionek z serduszkiem. Idealny, aby da\u0107 zna\u0107, \u017ce na kim\u015b nam zale\u017cy \ud83d\ude42<\/p>","protected":false},"excerpt":{"rendered":"<p>Delikatny pier\u015bcionek wykonany ze srebra pr\u00f3by 925 z subtelnym motywem serduszka to bi\u017cuteria pe\u0142na uroku i symboliki. Minimalistyczny design sprawia, \u017ce doskonale nadaje si\u0119 do codziennego noszenia, a jednocze\u015bnie jest wyj\u0105tkowym wyrazem uczu\u0107. Idealny jako prezent dla ukochanej osoby lub drobny upominek \u201eod serca\u201d.<\/p>\n<p>Nur einige Gr\u00f6\u00dfen verf\u00fcgbar - bitte anfragen<\/p>","protected":false},"featured_media":7848,"comment_status":"closed","ping_status":"closed","template":"","meta":{"om_disable_all_campaigns":false},"product_brand":[2284],"product_cat":[801,2206,1817],"product_tag":[4256,2384,6044,5552,5160,6043,2427,6045],"class_list":{"0":"post-15730","1":"product","2":"type-product","3":"status-publish","4":"has-post-thumbnail","6":"product_brand-staviori","7":"product_cat-pierscionki","8":"product_cat-srebrny-pierscionek","9":"product_cat-srebro-2","10":"product_tag-heart-jewelry","11":"product_tag-minimalistyczna-bizuteria","12":"product_tag-ohrring-silber-herz","13":"product_tag-pierscionek-serce","14":"product_tag-pierscionek-srebrny","15":"product_tag-silver-heart-ring","16":"product_tag-srebro-925","17":"product_tag-stribrny-prsten-srdce","18":"pa_dostawca-karen-silver","19":"pa_kruszec-srebro","20":"pa_motyw-serce","21":"pa_proba-0-925","22":"pa_rozmiar-2351","23":"pa_rozmiar-2354","24":"pa_rozmiar-2356","25":"pa_rozmiar-2359","26":"pa_rozmiar-4862","27":"pa_waga-080g","28":"pa_wymiary-5-40x5-0mm","30":"first","31":"instock","32":"purchasable","33":"product-type-variable"},"aioseo_notices":[],"_links":{"self":[{"href":"https:\/\/staviori.com.pl\/de\/wp-json\/wp\/v2\/product\/15730","targetHints":{"allow":["GET"]}}],"collection":[{"href":"https:\/\/staviori.com.pl\/de\/wp-json\/wp\/v2\/product"}],"about":[{"href":"https:\/\/staviori.com.pl\/de\/wp-json\/wp\/v2\/types\/product"}],"replies":[{"embeddable":true,"href":"https:\/\/staviori.com.pl\/de\/wp-json\/wp\/v2\/comments?post=15730"}],"wp:featuredmedia":[{"embeddable":true,"href":"https:\/\/staviori.com.pl\/de\/wp-json\/wp\/v2\/media\/7848"}],"wp:attachment":[{"href":"https:\/\/staviori.com.pl\/de\/wp-json\/wp\/v2\/media?parent=15730"}],"wp:term":[{"taxonomy":"product_brand","embeddable":true,"href":"https:\/\/staviori.com.pl\/de\/wp-json\/wp\/v2\/product_brand?post=15730"},{"taxonomy":"product_cat","embeddable":true,"href":"https:\/\/staviori.com.pl\/de\/wp-json\/wp\/v2\/product_cat?post=15730"},{"taxonomy":"product_tag","embeddable":true,"href":"https:\/\/staviori.com.pl\/de\/wp-json\/wp\/v2\/product_tag?post=15730"}],"curies":[{"name":"wp","href":"https:\/\/api.w.org\/{rel}","templated":true}]}}