{"id":15729,"date":"2025-02-24T22:49:39","date_gmt":"2025-02-24T21:49:39","guid":{"rendered":"https:\/\/staviori.com.pl\/product\/srebrne-kolczyki-sss5975y\/"},"modified":"2026-02-11T00:09:28","modified_gmt":"2026-02-10T23:09:28","slug":"srebrne-kolczyki-sss5975y","status":"publish","type":"product","link":"https:\/\/staviori.com.pl\/de\/product\/srebrne-kolczyki-sss5975y\/","title":{"rendered":"Silberne Ohrringe mit Gelbgold \u00fcberzogen mit Zirkonen"},"content":{"rendered":"<p>Model: SSS5975Y<br \/>\nGewicht ca. 1,09g<\/p>\n<p>Ohrringe.<br \/>\nSilber 0.925 vergoldet mit Gelbgold<br \/>\nZirkoniumdioxid.<\/p>\n<p>6 mm breit.<br \/>\nGrubo\u015b\u0107 2 mm.<br \/>\n\u015arednica ogniwa 2 mm.<\/p>","protected":false},"excerpt":{"rendered":"<p>Eleganckie kolczyki wykonane ze srebra pr\u00f3by 925, pokryte \u017c\u00f3\u0142tym z\u0142otem i ozdobione trzema l\u015bni\u0105cymi cyrkoniami to klasyka w nowoczesnym wydaniu. Minimalistyczny design sprawia, \u017ce s\u0105 subtelne, a jednocze\u015bnie efektowne. Doskona\u0142y wyb\u00f3r zar\u00f3wno na co dzie\u0144, jak i do eleganckich stylizacji, podkre\u015blaj\u0105c kobiec\u0105 delikatno\u015b\u0107 i szyk.<\/p>","protected":false},"featured_media":7845,"comment_status":"closed","ping_status":"closed","template":"","meta":{"om_disable_all_campaigns":false},"product_brand":[2284],"product_cat":[199,1818,1817],"product_tag":[6041,5916,2953,2708,6037,5917,3200,2427,5988,6042],"class_list":{"0":"post-15729","1":"product","2":"type-product","3":"status-publish","4":"has-post-thumbnail","6":"product_brand-staviori","7":"product_cat-kolczyki","8":"product_cat-srebrne-kolczyki","9":"product_cat-srebro-2","10":"product_tag-cubic-zirconia-earrings","11":"product_tag-gold-plated-earrings","12":"product_tag-kolczyki-z-cyrkoniami","13":"product_tag-kolczyki-zlote","14":"product_tag-nausnice-zlato","15":"product_tag-ohrringe-vergoldet","16":"product_tag-pozlacane-kolczyki","17":"product_tag-srebro-925","18":"product_tag-stribrne-nausnice-pozlacene","19":"product_tag-zirkonia-ohrringe","20":"pa_dostawca-karen-silver","21":"pa_grubosc-2mm","22":"pa_kamien-cyrkonia","23":"pa_kruszec-srebro","24":"pa_kruszec-srebro-pozlacane","25":"pa_proba-0-925","26":"pa_szerokosc-6mm","27":"pa_waga-109g","28":"pa_zapiecie-sztyft","30":"first","31":"instock","32":"purchasable","33":"product-type-simple"},"aioseo_notices":[],"_links":{"self":[{"href":"https:\/\/staviori.com.pl\/de\/wp-json\/wp\/v2\/product\/15729","targetHints":{"allow":["GET"]}}],"collection":[{"href":"https:\/\/staviori.com.pl\/de\/wp-json\/wp\/v2\/product"}],"about":[{"href":"https:\/\/staviori.com.pl\/de\/wp-json\/wp\/v2\/types\/product"}],"replies":[{"embeddable":true,"href":"https:\/\/staviori.com.pl\/de\/wp-json\/wp\/v2\/comments?post=15729"}],"wp:featuredmedia":[{"embeddable":true,"href":"https:\/\/staviori.com.pl\/de\/wp-json\/wp\/v2\/media\/7845"}],"wp:attachment":[{"href":"https:\/\/staviori.com.pl\/de\/wp-json\/wp\/v2\/media?parent=15729"}],"wp:term":[{"taxonomy":"product_brand","embeddable":true,"href":"https:\/\/staviori.com.pl\/de\/wp-json\/wp\/v2\/product_brand?post=15729"},{"taxonomy":"product_cat","embeddable":true,"href":"https:\/\/staviori.com.pl\/de\/wp-json\/wp\/v2\/product_cat?post=15729"},{"taxonomy":"product_tag","embeddable":true,"href":"https:\/\/staviori.com.pl\/de\/wp-json\/wp\/v2\/product_tag?post=15729"}],"curies":[{"name":"wp","href":"https:\/\/api.w.org\/{rel}","templated":true}]}}