{"id":15728,"date":"2025-02-24T22:49:39","date_gmt":"2025-02-24T21:49:39","guid":{"rendered":"https:\/\/staviori.com.pl\/product\/srebrne-kolczyki-sss5975r\/"},"modified":"2026-02-11T00:09:28","modified_gmt":"2026-02-10T23:09:28","slug":"srebrne-kolczyki-sss5975r","status":"publish","type":"product","link":"https:\/\/staviori.com.pl\/de\/product\/srebrne-kolczyki-sss5975r\/","title":{"rendered":"Ros\u00e9vergoldete Silberohrringe mit Zirkonen"},"content":{"rendered":"<p>Model: SSS5975R<br \/>\nGewicht ca. 1,09g<\/p>\n<p>Ohrringe<br \/>\nSrebro 0,925 pokryte r\u00f3\u017cowym z\u0142otem<br \/>\nZirkoniumdioxid.<\/p>\n<p>6 mm breit.<br \/>\nGrubo\u015b\u0107 2 mm.<\/p>","protected":false},"excerpt":{"rendered":"<p>Delikatne kolczyki wykonane ze srebra pr\u00f3by 925, pokryte r\u00f3\u017cowym z\u0142otem i ozdobione trzema l\u015bni\u0105cymi cyrkoniami, to elegancki dodatek pe\u0142en blasku. Ich minimalistyczny design sprawia, \u017ce s\u0105 idealne zar\u00f3wno do codziennych stylizacji, jak i na wyj\u0105tkowe okazje. Subtelny urok r\u00f3\u017cowego z\u0142ota w po\u0142\u0105czeniu z po\u0142yskiem kamieni tworzy harmonijn\u0105 i kobiec\u0105 kompozycj\u0119.<\/p>","protected":false},"featured_media":7842,"comment_status":"closed","ping_status":"closed","template":"","meta":{"om_disable_all_campaigns":false},"product_brand":[2284],"product_cat":[199,1818,1817],"product_tag":[6041,3270,2953,5929,5928,3200,5927,2427,5988,6042],"class_list":{"0":"post-15728","1":"product","2":"type-product","3":"status-publish","4":"has-post-thumbnail","6":"product_brand-staviori","7":"product_cat-kolczyki","8":"product_cat-srebrne-kolczyki","9":"product_cat-srebro-2","10":"product_tag-cubic-zirconia-earrings","11":"product_tag-kolczyki-rozowe-zloto","12":"product_tag-kolczyki-z-cyrkoniami","13":"product_tag-nausnice-ruzove-zlato","14":"product_tag-ohrringe-rosegold","15":"product_tag-pozlacane-kolczyki","16":"product_tag-rose-gold-earrings","17":"product_tag-srebro-925","18":"product_tag-stribrne-nausnice-pozlacene","19":"product_tag-zirkonia-ohrringe","20":"pa_dostawca-karen-silver","21":"pa_grubosc-2mm","22":"pa_kamien-cyrkonia","23":"pa_kruszec-srebro","24":"pa_kruszec-srebro-pozlacane","25":"pa_proba-0-925","26":"pa_szerokosc-6mm","27":"pa_waga-109g","28":"pa_zapiecie-sztyft","30":"first","31":"instock","32":"purchasable","33":"product-type-simple"},"aioseo_notices":[],"_links":{"self":[{"href":"https:\/\/staviori.com.pl\/de\/wp-json\/wp\/v2\/product\/15728","targetHints":{"allow":["GET"]}}],"collection":[{"href":"https:\/\/staviori.com.pl\/de\/wp-json\/wp\/v2\/product"}],"about":[{"href":"https:\/\/staviori.com.pl\/de\/wp-json\/wp\/v2\/types\/product"}],"replies":[{"embeddable":true,"href":"https:\/\/staviori.com.pl\/de\/wp-json\/wp\/v2\/comments?post=15728"}],"wp:featuredmedia":[{"embeddable":true,"href":"https:\/\/staviori.com.pl\/de\/wp-json\/wp\/v2\/media\/7842"}],"wp:attachment":[{"href":"https:\/\/staviori.com.pl\/de\/wp-json\/wp\/v2\/media?parent=15728"}],"wp:term":[{"taxonomy":"product_brand","embeddable":true,"href":"https:\/\/staviori.com.pl\/de\/wp-json\/wp\/v2\/product_brand?post=15728"},{"taxonomy":"product_cat","embeddable":true,"href":"https:\/\/staviori.com.pl\/de\/wp-json\/wp\/v2\/product_cat?post=15728"},{"taxonomy":"product_tag","embeddable":true,"href":"https:\/\/staviori.com.pl\/de\/wp-json\/wp\/v2\/product_tag?post=15728"}],"curies":[{"name":"wp","href":"https:\/\/api.w.org\/{rel}","templated":true}]}}