{"id":15727,"date":"2025-02-24T22:49:39","date_gmt":"2025-02-24T21:49:39","guid":{"rendered":"https:\/\/staviori.com.pl\/product\/srebrne-kolczyki-sss5973\/"},"modified":"2026-02-11T00:09:28","modified_gmt":"2026-02-10T23:09:28","slug":"srebrne-kolczyki-sss5973","status":"publish","type":"product","link":"https:\/\/staviori.com.pl\/de\/product\/srebrne-kolczyki-sss5973\/","title":{"rendered":"Silberanh\u00e4nger Ohrringe mit Perle"},"content":{"rendered":"<p>Model: SSS5973<br \/>\nGewicht ca. 1,90g<\/p>\n<p>Ohrringe.<br \/>\n0,925 rhodiniertes Silber.<br \/>\nPer\u0142a syntetyczna.<\/p>\n<p>D\u0142ugo\u015b\u0107 18.72 mm.<br \/>\nSzeroko\u015b\u0107 6.89 mm.<\/p>","protected":false},"excerpt":{"rendered":"<p>Klasyczne kolczyki srebrne z syntetyczn\u0105 per\u0142\u0105 to ponadczasowa bi\u017cuteria pe\u0142na elegancji. Wykonane z rodowanego srebra pr\u00f3by 925, zachwycaj\u0105 subtelnym po\u0142yskiem i delikatnym zwisem, kt\u00f3ry pi\u0119knie wyd\u0142u\u017ca szyj\u0119. Idealne zar\u00f3wno na co dzie\u0144, jak i do eleganckich kreacji wieczorowych, dodaj\u0105c ca\u0142o\u015bci kobiecego wdzi\u0119ku.<\/p>","protected":false},"featured_media":7835,"comment_status":"closed","ping_status":"closed","template":"","meta":{"om_disable_all_campaigns":false},"product_brand":[2284],"product_cat":[199,1818,1817],"product_tag":[3581,6028,5826,3869,6040,2942,6038,5824,6039],"class_list":{"0":"post-15727","1":"product","2":"type-product","3":"status-publish","4":"has-post-thumbnail","6":"product_brand-staviori","7":"product_cat-kolczyki","8":"product_cat-srebrne-kolczyki","9":"product_cat-srebro-2","10":"product_tag-kolczyki-z-perla","11":"product_tag-nausnice-perla","12":"product_tag-ohrringe-silber","13":"product_tag-pearl-earrings","14":"product_tag-perlen-ohrringe","15":"product_tag-srebrne-kolczyki","16":"product_tag-srebro-rodowane-925","17":"product_tag-stribrne-nausnice","18":"product_tag-synthetic-pearl-earrings","19":"pa_dlugosc-18-72mm","20":"pa_dostawca-karen-silver","21":"pa_kamien-perla-syntetyczna","22":"pa_kruszec-srebro-rodowane","23":"pa_proba-0-925","24":"pa_szerokosc-6-89mm","25":"pa_waga-190g","26":"pa_zapiecie-sztyft","28":"first","29":"instock","30":"purchasable","31":"product-type-simple"},"aioseo_notices":[],"_links":{"self":[{"href":"https:\/\/staviori.com.pl\/de\/wp-json\/wp\/v2\/product\/15727","targetHints":{"allow":["GET"]}}],"collection":[{"href":"https:\/\/staviori.com.pl\/de\/wp-json\/wp\/v2\/product"}],"about":[{"href":"https:\/\/staviori.com.pl\/de\/wp-json\/wp\/v2\/types\/product"}],"replies":[{"embeddable":true,"href":"https:\/\/staviori.com.pl\/de\/wp-json\/wp\/v2\/comments?post=15727"}],"wp:featuredmedia":[{"embeddable":true,"href":"https:\/\/staviori.com.pl\/de\/wp-json\/wp\/v2\/media\/7835"}],"wp:attachment":[{"href":"https:\/\/staviori.com.pl\/de\/wp-json\/wp\/v2\/media?parent=15727"}],"wp:term":[{"taxonomy":"product_brand","embeddable":true,"href":"https:\/\/staviori.com.pl\/de\/wp-json\/wp\/v2\/product_brand?post=15727"},{"taxonomy":"product_cat","embeddable":true,"href":"https:\/\/staviori.com.pl\/de\/wp-json\/wp\/v2\/product_cat?post=15727"},{"taxonomy":"product_tag","embeddable":true,"href":"https:\/\/staviori.com.pl\/de\/wp-json\/wp\/v2\/product_tag?post=15727"}],"curies":[{"name":"wp","href":"https:\/\/api.w.org\/{rel}","templated":true}]}}