{"id":15726,"date":"2025-02-24T22:49:39","date_gmt":"2025-02-24T21:49:39","guid":{"rendered":"https:\/\/staviori.com.pl\/product\/srebrne-kolczyki-sss5971y\/"},"modified":"2026-02-11T00:09:27","modified_gmt":"2026-02-10T23:09:27","slug":"srebrne-kolczyki-sss5971y","status":"publish","type":"product","link":"https:\/\/staviori.com.pl\/de\/product\/srebrne-kolczyki-sss5971y\/","title":{"rendered":"Srebrne kolczyki \/ mankiety poz\u0142acane m\u0142otkowane | z\u0142ote"},"content":{"rendered":"<p>Model: SSS5971Y<br \/>\nWaga ok. 0,82g<\/p>\n<p>Ohrringe.<br \/>\nSilber 0.925 vergoldet mit Gelbgold<\/p>\n<p>D\u0142ugo\u015b\u0107 26 mm.<br \/>\nSzeroko\u015b\u0107 2.46 mm.<\/p>","protected":false},"excerpt":{"rendered":"<p>Nowoczesne kolczyki wykonane ze srebra pr\u00f3by 925 i pokryte \u017c\u00f3\u0142tym z\u0142otem to propozycja dla kobiet ceni\u0105cych elegancki minimalizm. Ich smuk\u0142a forma oraz delikatnie m\u0142otkowana faktura sprawiaj\u0105, \u017ce prezentuj\u0105 si\u0119 wyj\u0105tkowo i z charakterem. Idealny wyb\u00f3r zar\u00f3wno na co dzie\u0144, jak i do eleganckich stylizacji wieczorowych.<\/p>","protected":false},"featured_media":7832,"comment_status":"closed","ping_status":"closed","template":"","meta":{"om_disable_all_campaigns":false},"product_brand":[2284],"product_cat":[199,1818,1817],"product_tag":[6036,5916,5965,2708,5822,6037,5917,3200,2427,5988],"class_list":{"0":"post-15726","1":"product","2":"type-product","3":"status-publish","4":"has-post-thumbnail","6":"product_brand-staviori","7":"product_cat-kolczyki","8":"product_cat-srebrne-kolczyki","9":"product_cat-srebro-2","10":"product_tag-gehammerte-ohrringe","11":"product_tag-gold-plated-earrings","12":"product_tag-hammered-earrings","13":"product_tag-kolczyki-zlote","14":"product_tag-minimalist-earrings","15":"product_tag-nausnice-zlato","16":"product_tag-ohrringe-vergoldet","17":"product_tag-pozlacane-kolczyki","18":"product_tag-srebro-925","19":"product_tag-stribrne-nausnice-pozlacene","20":"pa_dlugosc-26mm","21":"pa_dostawca-karen-silver","22":"pa_kruszec-srebro","23":"pa_kruszec-srebro-pozlacane","24":"pa_proba-0-925","25":"pa_szerokosc-2-46mm","26":"pa_waga-080g","28":"first","29":"instock","30":"purchasable","31":"product-type-simple"},"aioseo_notices":[],"_links":{"self":[{"href":"https:\/\/staviori.com.pl\/de\/wp-json\/wp\/v2\/product\/15726","targetHints":{"allow":["GET"]}}],"collection":[{"href":"https:\/\/staviori.com.pl\/de\/wp-json\/wp\/v2\/product"}],"about":[{"href":"https:\/\/staviori.com.pl\/de\/wp-json\/wp\/v2\/types\/product"}],"replies":[{"embeddable":true,"href":"https:\/\/staviori.com.pl\/de\/wp-json\/wp\/v2\/comments?post=15726"}],"wp:featuredmedia":[{"embeddable":true,"href":"https:\/\/staviori.com.pl\/de\/wp-json\/wp\/v2\/media\/7832"}],"wp:attachment":[{"href":"https:\/\/staviori.com.pl\/de\/wp-json\/wp\/v2\/media?parent=15726"}],"wp:term":[{"taxonomy":"product_brand","embeddable":true,"href":"https:\/\/staviori.com.pl\/de\/wp-json\/wp\/v2\/product_brand?post=15726"},{"taxonomy":"product_cat","embeddable":true,"href":"https:\/\/staviori.com.pl\/de\/wp-json\/wp\/v2\/product_cat?post=15726"},{"taxonomy":"product_tag","embeddable":true,"href":"https:\/\/staviori.com.pl\/de\/wp-json\/wp\/v2\/product_tag?post=15726"}],"curies":[{"name":"wp","href":"https:\/\/api.w.org\/{rel}","templated":true}]}}