{"id":15723,"date":"2025-02-24T22:49:39","date_gmt":"2025-02-24T21:49:39","guid":{"rendered":"https:\/\/staviori.com.pl\/product\/srebrne-kolczyki-sss5970y\/"},"modified":"2026-03-12T14:31:56","modified_gmt":"2026-03-12T13:31:56","slug":"srebrne-kolczyki-sss5970y","status":"publish","type":"product","link":"https:\/\/staviori.com.pl\/de\/product\/srebrne-kolczyki-sss5970y\/","title":{"rendered":"Versilberte und vergoldete Hundepfoten-Ohrringe | gold"},"content":{"rendered":"<p>Model: SSS5970Y<br \/>\nWaga ok. 1,35g<\/p>\n<p>Ohrringe.<br \/>\nSilber 0.925 vergoldet mit Gelbgold<\/p>\n<p>Szeroko\u015b\u0107 10.54 mm.<br \/>\nWysoko\u015b\u0107 9.95 mm.<\/p>\n<p>Cudowne, srebrne kolczyki pokryte \u017c\u00f3\u0142tym z\u0142otem w kszta\u0142cie psiej \u0142apy &#8211; dla ka\u017cdego przyjaciela ps\u00f3w.<\/p>","protected":false},"excerpt":{"rendered":"<p>Urocze kolczyki w kszta\u0142cie psiej \u0142apki wykonane ze srebra pr\u00f3by 925 i pokryte \u017c\u00f3\u0142tym z\u0142otem to bi\u017cuteria, kt\u00f3ra skradnie serce ka\u017cdego mi\u0142o\u015bnika ps\u00f3w. Delikatny z\u0142oty po\u0142ysk nadaje im elegancji, a symboliczna forma podkre\u015bla wi\u0119\u017a i lojalno\u015b\u0107 mi\u0119dzy cz\u0142owiekiem a jego pupilem. Idealne na co dzie\u0144 oraz jako prezent dla wielbiciela czworonog\u00f3w.<\/p>\n<p>https:\/\/www.youtube.com\/watch?v=_xDZv-l_7hQ<\/p>","protected":false},"featured_media":7823,"comment_status":"closed","ping_status":"closed","template":"","meta":{"om_disable_all_campaigns":false},"product_brand":[2284],"product_cat":[199,1818,1817],"product_tag":[6032,5916,6029,6035,6034,5917,6031,6033,3200,2427,5988],"class_list":{"0":"post-15723","1":"product","2":"type-product","3":"status-publish","4":"has-post-thumbnail","6":"product_brand-staviori","7":"product_cat-kolczyki","8":"product_cat-srebrne-kolczyki","9":"product_cat-srebro-2","10":"product_tag-dog-lover-earrings","11":"product_tag-gold-plated-earrings","12":"product_tag-kolczyki-lapki","13":"product_tag-kolczyki-zloto","14":"product_tag-nausnice-tlapka","15":"product_tag-ohrringe-vergoldet","16":"product_tag-paw-earrings","17":"product_tag-pfote-ohrringe","18":"product_tag-pozlacane-kolczyki","19":"product_tag-srebro-925","20":"product_tag-stribrne-nausnice-pozlacene","21":"pa_barwa-zloty","22":"pa_dostawca-karen-silver","23":"pa_kruszec-srebro","24":"pa_kruszec-srebro-pozlacane","25":"pa_motyw-pies","26":"pa_proba-0-925","27":"pa_szerokosc-10-54mm","28":"pa_waga-135g-2","29":"pa_wysokosc-9-95mm","30":"pa_zapiecie-sztyft","32":"first","33":"instock","34":"purchasable","35":"product-type-simple"},"aioseo_notices":[],"_links":{"self":[{"href":"https:\/\/staviori.com.pl\/de\/wp-json\/wp\/v2\/product\/15723","targetHints":{"allow":["GET"]}}],"collection":[{"href":"https:\/\/staviori.com.pl\/de\/wp-json\/wp\/v2\/product"}],"about":[{"href":"https:\/\/staviori.com.pl\/de\/wp-json\/wp\/v2\/types\/product"}],"replies":[{"embeddable":true,"href":"https:\/\/staviori.com.pl\/de\/wp-json\/wp\/v2\/comments?post=15723"}],"wp:featuredmedia":[{"embeddable":true,"href":"https:\/\/staviori.com.pl\/de\/wp-json\/wp\/v2\/media\/7823"}],"wp:attachment":[{"href":"https:\/\/staviori.com.pl\/de\/wp-json\/wp\/v2\/media?parent=15723"}],"wp:term":[{"taxonomy":"product_brand","embeddable":true,"href":"https:\/\/staviori.com.pl\/de\/wp-json\/wp\/v2\/product_brand?post=15723"},{"taxonomy":"product_cat","embeddable":true,"href":"https:\/\/staviori.com.pl\/de\/wp-json\/wp\/v2\/product_cat?post=15723"},{"taxonomy":"product_tag","embeddable":true,"href":"https:\/\/staviori.com.pl\/de\/wp-json\/wp\/v2\/product_tag?post=15723"}],"curies":[{"name":"wp","href":"https:\/\/api.w.org\/{rel}","templated":true}]}}