{"id":15718,"date":"2025-02-24T22:49:39","date_gmt":"2025-02-24T21:49:39","guid":{"rendered":"https:\/\/staviori.com.pl\/product\/srebrne-kolczyki-sss5933y\/"},"modified":"2026-03-12T12:07:07","modified_gmt":"2026-03-12T11:07:07","slug":"srebrne-kolczyki-sss5933y","status":"publish","type":"product","link":"https:\/\/staviori.com.pl\/de\/product\/srebrne-kolczyki-sss5933y\/","title":{"rendered":"Ohrmanschette mit Kette gelb vergoldet"},"content":{"rendered":"<p>Model: SSS5933Y<br \/>\nWaga ok. 0,50g<\/p>\n<p>Ohrring\/Ohrmanschette<br \/>\nSilber 0.925 vergoldet mit Gelbgold<br \/>\nSzeroko\u015b\u0107 2.50 mm.<\/p>\n<p>Pi\u0119kny, d\u0142ugi mankiet do ucha, na ko\u0144cu wczepiany w inny kolczyk. Wykonany ze srebrna 0,925 i pokryty 18K z\u0142otem.<\/p>","protected":false},"excerpt":{"rendered":"<p>Modny mankiet do ucha z \u0142a\u0144cuszkiem wykonany ze srebra pr\u00f3by 925, pokryty \u017c\u00f3\u0142tym z\u0142otem 18K, to efektowny dodatek, kt\u00f3ry nadaje stylizacji wyj\u0105tkowego charakteru. Delikatny \u0142a\u0144cuszek mo\u017cna zaczepi\u0107 o inny kolczyk, tworz\u0105c oryginalny i stylowy efekt. Idealny wyb\u00f3r dla os\u00f3b ceni\u0105cych nowoczesn\u0105 bi\u017cuteri\u0119 z nut\u0105 ekstrawagancji.<\/p>","protected":false},"featured_media":7805,"comment_status":"closed","ping_status":"closed","template":"","meta":{"om_disable_all_campaigns":false},"product_brand":[2284],"product_cat":[199,1818,1817],"product_tag":[3403,6023,6020,3402,6022,6019,6021,6024,6011,6007,2427,6000],"class_list":{"0":"post-15718","1":"product","2":"type-product","3":"status-publish","4":"has-post-thumbnail","6":"product_brand-staviori","7":"product_cat-kolczyki","8":"product_cat-srebrne-kolczyki","9":"product_cat-srebro-2","10":"product_tag-ear-cuff","11":"product_tag-ear-cuff-with-chain","12":"product_tag-gold-plated-ear-cuff","13":"product_tag-mankiet-do-ucha","14":"product_tag-mankiet-z-lancuszkiem","15":"product_tag-mankiet-zloto","16":"product_tag-nausnice-zlute-zlato","17":"product_tag-ohrmanschette-mit-kette","18":"product_tag-ohrmanschette-vergoldet","19":"product_tag-pozlacany-mankiet-do-ucha","20":"product_tag-srebro-925","21":"product_tag-stribrna-nausnice-manzeta","22":"pa_barwa-zloty","23":"pa_dostawca-karen-silver","24":"pa_kruszec-srebro","25":"pa_kruszec-srebro-pozlacane","26":"pa_proba-0-925","27":"pa_szerokosc-2-50mm","28":"pa_waga-050g","30":"first","31":"instock","32":"purchasable","33":"product-type-simple"},"aioseo_notices":[],"_links":{"self":[{"href":"https:\/\/staviori.com.pl\/de\/wp-json\/wp\/v2\/product\/15718","targetHints":{"allow":["GET"]}}],"collection":[{"href":"https:\/\/staviori.com.pl\/de\/wp-json\/wp\/v2\/product"}],"about":[{"href":"https:\/\/staviori.com.pl\/de\/wp-json\/wp\/v2\/types\/product"}],"replies":[{"embeddable":true,"href":"https:\/\/staviori.com.pl\/de\/wp-json\/wp\/v2\/comments?post=15718"}],"wp:featuredmedia":[{"embeddable":true,"href":"https:\/\/staviori.com.pl\/de\/wp-json\/wp\/v2\/media\/7805"}],"wp:attachment":[{"href":"https:\/\/staviori.com.pl\/de\/wp-json\/wp\/v2\/media?parent=15718"}],"wp:term":[{"taxonomy":"product_brand","embeddable":true,"href":"https:\/\/staviori.com.pl\/de\/wp-json\/wp\/v2\/product_brand?post=15718"},{"taxonomy":"product_cat","embeddable":true,"href":"https:\/\/staviori.com.pl\/de\/wp-json\/wp\/v2\/product_cat?post=15718"},{"taxonomy":"product_tag","embeddable":true,"href":"https:\/\/staviori.com.pl\/de\/wp-json\/wp\/v2\/product_tag?post=15718"}],"curies":[{"name":"wp","href":"https:\/\/api.w.org\/{rel}","templated":true}]}}