{"id":15715,"date":"2025-02-24T22:49:39","date_gmt":"2025-02-24T21:49:39","guid":{"rendered":"https:\/\/staviori.com.pl\/product\/srebrne-kolczyki-sss5930y\/"},"modified":"2026-02-11T00:09:27","modified_gmt":"2026-02-10T23:09:27","slug":"srebrne-kolczyki-sss5930y","status":"publish","type":"product","link":"https:\/\/staviori.com.pl\/de\/product\/srebrne-kolczyki-sss5930y\/","title":{"rendered":"gelbvergoldetes Silber, minimalistische Ohrmanschette"},"content":{"rendered":"<p>Model: SSS5930Y<br \/>\nWaga ok. 0,65g<\/p>\n<p>Ohrring\/Ohrmanschette<br \/>\nSilber 0.925 vergoldet mit Gelbgold<\/p>\n<p>Szeroko\u015b\u0107 1.45 mm.<br \/>\nWysoko\u015b\u0107 12.45 mm.<\/p>","protected":false},"excerpt":{"rendered":"<p>Minimalistyczny mankiet do ucha wykonany ze srebra pr\u00f3by 925 i pokryty \u017c\u00f3\u0142tym z\u0142otem to elegancki dodatek, kt\u00f3ry \u015bwietnie podkre\u015bla nowoczesny styl. Smuk\u0142a, g\u0142adka forma sprawia, \u017ce bi\u017cuteria jest subtelna i uniwersalna. Doskona\u0142y wyb\u00f3r dla os\u00f3b, kt\u00f3re chc\u0105 ozdobi\u0107 ucho bez konieczno\u015bci przek\u0142uwania, dodaj\u0105c stylizacji z\u0142otego akcentu.<\/p>","protected":false},"featured_media":7800,"comment_status":"closed","ping_status":"closed","template":"","meta":{"om_disable_all_campaigns":false},"product_brand":[2284],"product_cat":[199,1818,1817],"product_tag":[3403,6020,3402,6019,6018,6021,6011,6007,2427,6000],"class_list":{"0":"post-15715","1":"product","2":"type-product","3":"status-publish","4":"has-post-thumbnail","6":"product_brand-staviori","7":"product_cat-kolczyki","8":"product_cat-srebrne-kolczyki","9":"product_cat-srebro-2","10":"product_tag-ear-cuff","11":"product_tag-gold-plated-ear-cuff","12":"product_tag-mankiet-do-ucha","13":"product_tag-mankiet-zloto","14":"product_tag-minimalistyczny-mankiet","15":"product_tag-nausnice-zlute-zlato","16":"product_tag-ohrmanschette-vergoldet","17":"product_tag-pozlacany-mankiet-do-ucha","18":"product_tag-srebro-925","19":"product_tag-stribrna-nausnice-manzeta","20":"pa_dostawca-karen-silver","21":"pa_kruszec-srebro","22":"pa_kruszec-srebro-pozlacane","23":"pa_proba-0-925","24":"pa_szerokosc-1-45mm","25":"pa_waga-065g","26":"pa_wysokosc-12-45mm","28":"first","29":"instock","30":"purchasable","31":"product-type-simple"},"aioseo_notices":[],"_links":{"self":[{"href":"https:\/\/staviori.com.pl\/de\/wp-json\/wp\/v2\/product\/15715","targetHints":{"allow":["GET"]}}],"collection":[{"href":"https:\/\/staviori.com.pl\/de\/wp-json\/wp\/v2\/product"}],"about":[{"href":"https:\/\/staviori.com.pl\/de\/wp-json\/wp\/v2\/types\/product"}],"replies":[{"embeddable":true,"href":"https:\/\/staviori.com.pl\/de\/wp-json\/wp\/v2\/comments?post=15715"}],"wp:featuredmedia":[{"embeddable":true,"href":"https:\/\/staviori.com.pl\/de\/wp-json\/wp\/v2\/media\/7800"}],"wp:attachment":[{"href":"https:\/\/staviori.com.pl\/de\/wp-json\/wp\/v2\/media?parent=15715"}],"wp:term":[{"taxonomy":"product_brand","embeddable":true,"href":"https:\/\/staviori.com.pl\/de\/wp-json\/wp\/v2\/product_brand?post=15715"},{"taxonomy":"product_cat","embeddable":true,"href":"https:\/\/staviori.com.pl\/de\/wp-json\/wp\/v2\/product_cat?post=15715"},{"taxonomy":"product_tag","embeddable":true,"href":"https:\/\/staviori.com.pl\/de\/wp-json\/wp\/v2\/product_tag?post=15715"}],"curies":[{"name":"wp","href":"https:\/\/api.w.org\/{rel}","templated":true}]}}