{"id":15713,"date":"2025-02-24T22:49:36","date_gmt":"2025-02-24T21:49:36","guid":{"rendered":"https:\/\/staviori.com.pl\/product\/srebrne-kolczyki-sss5930\/"},"modified":"2026-02-11T00:09:27","modified_gmt":"2026-02-10T23:09:27","slug":"srebrne-kolczyki-sss5930","status":"publish","type":"product","link":"https:\/\/staviori.com.pl\/de\/product\/srebrne-kolczyki-sss5930\/","title":{"rendered":"Minimalistische silberne Ohrmanschette"},"content":{"rendered":"<p>Model: SSS5930<br \/>\nWaga ok. 0,65g<\/p>\n<p>Ohrring\/Ohrmanschette<br \/>\n0,925 Silber.<\/p>\n<p>Szeroko\u015b\u0107 1.45 mm.<br \/>\nWysoko\u015b\u0107 12.45 mm.<\/p>","protected":false},"excerpt":{"rendered":"<p>Minimalistyczny srebrny mankiet do ucha to subtelny dodatek, kt\u00f3ry doskonale podkre\u015bli nowoczesny styl. Wykonany ze srebra pr\u00f3by 925, wyr\u00f3\u017cnia si\u0119 prost\u0105, g\u0142adk\u0105 form\u0105 i lekk\u0105 konstrukcj\u0105. Idealny wyb\u00f3r dla os\u00f3b, kt\u00f3re lubi\u0105 delikatn\u0105 bi\u017cuteri\u0119 i chc\u0105 ozdobi\u0107 ucho bez konieczno\u015bci przek\u0142uwania.<\/p>","protected":false},"featured_media":7794,"comment_status":"closed","ping_status":"closed","template":"","meta":{"om_disable_all_campaigns":false},"product_brand":[2284],"product_cat":[199,1818,1817],"product_tag":[3403,6018,6001,6010,5998,5997,2427,6000],"class_list":{"0":"post-15713","1":"product","2":"type-product","3":"status-publish","4":"has-post-thumbnail","6":"product_brand-staviori","7":"product_cat-kolczyki","8":"product_cat-srebrne-kolczyki","9":"product_cat-srebro-2","10":"product_tag-ear-cuff","11":"product_tag-minimalistyczny-mankiet","12":"product_tag-nausnice-bez-propichnuti","13":"product_tag-ohrmanschette-silber","14":"product_tag-silver-ear-cuff","15":"product_tag-srebrny-mankiet-do-ucha","16":"product_tag-srebro-925","17":"product_tag-stribrna-nausnice-manzeta","18":"pa_dostawca-karen-silver","19":"pa_kruszec-srebro","20":"pa_kruszec-srebro-rodowane","21":"pa_proba-0-925","22":"pa_szerokosc-1-45mm","23":"pa_waga-065g","24":"pa_wysokosc-12-45mm","26":"first","27":"outofstock","28":"purchasable","29":"product-type-simple"},"aioseo_notices":[],"_links":{"self":[{"href":"https:\/\/staviori.com.pl\/de\/wp-json\/wp\/v2\/product\/15713","targetHints":{"allow":["GET"]}}],"collection":[{"href":"https:\/\/staviori.com.pl\/de\/wp-json\/wp\/v2\/product"}],"about":[{"href":"https:\/\/staviori.com.pl\/de\/wp-json\/wp\/v2\/types\/product"}],"replies":[{"embeddable":true,"href":"https:\/\/staviori.com.pl\/de\/wp-json\/wp\/v2\/comments?post=15713"}],"wp:featuredmedia":[{"embeddable":true,"href":"https:\/\/staviori.com.pl\/de\/wp-json\/wp\/v2\/media\/7794"}],"wp:attachment":[{"href":"https:\/\/staviori.com.pl\/de\/wp-json\/wp\/v2\/media?parent=15713"}],"wp:term":[{"taxonomy":"product_brand","embeddable":true,"href":"https:\/\/staviori.com.pl\/de\/wp-json\/wp\/v2\/product_brand?post=15713"},{"taxonomy":"product_cat","embeddable":true,"href":"https:\/\/staviori.com.pl\/de\/wp-json\/wp\/v2\/product_cat?post=15713"},{"taxonomy":"product_tag","embeddable":true,"href":"https:\/\/staviori.com.pl\/de\/wp-json\/wp\/v2\/product_tag?post=15713"}],"curies":[{"name":"wp","href":"https:\/\/api.w.org\/{rel}","templated":true}]}}