{"id":15712,"date":"2025-02-24T22:49:36","date_gmt":"2025-02-24T21:49:36","guid":{"rendered":"https:\/\/staviori.com.pl\/product\/srebrne-kolczyki-sss5929r\/"},"modified":"2026-02-11T00:09:27","modified_gmt":"2026-02-10T23:09:27","slug":"srebrne-kolczyki-sss5929r","status":"publish","type":"product","link":"https:\/\/staviori.com.pl\/de\/product\/srebrne-kolczyki-sss5929r\/","title":{"rendered":"Ohrring aus ros\u00e9vergoldetem Silber mit Zirkonen"},"content":{"rendered":"<p>Model: SSS5929R<br \/>\nWaga ok. 1,00g<\/p>\n<p>Ohrring\/Ohrmanschette<br \/>\nSrebro 0,925 pokryte r\u00f3\u017cowym z\u0142otem<br \/>\nZirkoniumdioxid.<\/p>\n<p>Szeroko\u015b\u0107 2.80 mm.<\/p>\n<p>Nowoczesny i elegancki wygl\u0105d tego mankietu do uszu dope\u0142niaj\u0105 \u015bliczne, po\u0142yskuj\u0105ce cyrkonie.<\/p>","protected":false},"excerpt":{"rendered":"<p>Nowoczesny mankiet do ucha wykonany ze srebra pr\u00f3by 925 i pokryty r\u00f3\u017cowym z\u0142otem to wyj\u0105tkowa propozycja dla mi\u0142o\u015bniczek elegancji z nut\u0105 subtelno\u015bci. B\u0142yszcz\u0105ce cyrkonie pi\u0119knie odbijaj\u0105 \u015bwiat\u0142o, nadaj\u0105c bi\u017cuterii luksusowego charakteru. Idealny dodatek zar\u00f3wno do codziennych, jak i wieczorowych stylizacji \u2013 bez konieczno\u015bci przek\u0142uwania ucha.<\/p>","protected":false},"featured_media":7791,"comment_status":"closed","ping_status":"closed","template":"","meta":{"om_disable_all_campaigns":false},"product_brand":[2284],"product_cat":[199,1818,1817],"product_tag":[6013,3403,3402,6008,6012,5929,6017,6016,5997,2427,6000],"class_list":{"0":"post-15712","1":"product","2":"type-product","3":"status-publish","4":"has-post-thumbnail","6":"product_brand-staviori","7":"product_cat-kolczyki","8":"product_cat-srebrne-kolczyki","9":"product_cat-srebro-2","10":"product_tag-cubic-zirconia-ear-cuff","11":"product_tag-ear-cuff","12":"product_tag-mankiet-do-ucha","13":"product_tag-mankiet-rozowe-zloto","14":"product_tag-mankiet-z-cyrkoniami","15":"product_tag-nausnice-ruzove-zlato","16":"product_tag-ohrmanschette-rosegold","17":"product_tag-rose-gold-ear-cuff","18":"product_tag-srebrny-mankiet-do-ucha","19":"product_tag-srebro-925","20":"product_tag-stribrna-nausnice-manzeta","21":"pa_dostawca-karen-silver","22":"pa_kamien-cyrkonia","23":"pa_kruszec-srebro","24":"pa_kruszec-srebro-pozlacane","25":"pa_proba-0-925","26":"pa_szerokosc-2-80mm","27":"pa_waga-100g-2","29":"first","30":"instock","31":"purchasable","32":"product-type-simple"},"aioseo_notices":[],"_links":{"self":[{"href":"https:\/\/staviori.com.pl\/de\/wp-json\/wp\/v2\/product\/15712","targetHints":{"allow":["GET"]}}],"collection":[{"href":"https:\/\/staviori.com.pl\/de\/wp-json\/wp\/v2\/product"}],"about":[{"href":"https:\/\/staviori.com.pl\/de\/wp-json\/wp\/v2\/types\/product"}],"replies":[{"embeddable":true,"href":"https:\/\/staviori.com.pl\/de\/wp-json\/wp\/v2\/comments?post=15712"}],"wp:featuredmedia":[{"embeddable":true,"href":"https:\/\/staviori.com.pl\/de\/wp-json\/wp\/v2\/media\/7791"}],"wp:attachment":[{"href":"https:\/\/staviori.com.pl\/de\/wp-json\/wp\/v2\/media?parent=15712"}],"wp:term":[{"taxonomy":"product_brand","embeddable":true,"href":"https:\/\/staviori.com.pl\/de\/wp-json\/wp\/v2\/product_brand?post=15712"},{"taxonomy":"product_cat","embeddable":true,"href":"https:\/\/staviori.com.pl\/de\/wp-json\/wp\/v2\/product_cat?post=15712"},{"taxonomy":"product_tag","embeddable":true,"href":"https:\/\/staviori.com.pl\/de\/wp-json\/wp\/v2\/product_tag?post=15712"}],"curies":[{"name":"wp","href":"https:\/\/api.w.org\/{rel}","templated":true}]}}