{"id":15705,"date":"2025-02-24T22:49:36","date_gmt":"2025-02-24T21:49:36","guid":{"rendered":"https:\/\/staviori.com.pl\/product\/srebrne-kolczyki-sss5926\/"},"modified":"2026-03-17T09:33:52","modified_gmt":"2026-03-17T08:33:52","slug":"srebrne-kolczyki-sss5926","status":"publish","type":"product","link":"https:\/\/staviori.com.pl\/de\/product\/srebrne-kolczyki-sss5926\/","title":{"rendered":"Silberne Ohrmanschette | 3 Farben"},"content":{"rendered":"<p>Model: SSS5926<br \/>\nGewicht ca. 0,49g<\/p>\n<p>Ohrringe.<br \/>\nSrebro 0,925 rodowane lub poz\u0142acane<\/p>\n<p>Szeroko\u015b\u0107 10.30 mm.<br \/>\nWysoko\u015b\u0107 7.18 mm.<\/p>\n<p>Mankiet do uszu<br \/>\nA\u017curowa, delikatna koncepcja, nadaje mankietowi super lekkiego, niezobowi\u0105zuj\u0105cego stylu.<\/p>","protected":false},"excerpt":{"rendered":"<p>Subtelny srebrny mankiet do ucha o a\u017curowej formie to bi\u017cuteria idealna dla mi\u0142o\u015bniczek nowoczesnych dodatk\u00f3w. Wykonany ze srebra pr\u00f3by 925, zachwyca lekko\u015bci\u0105 i minimalistycznym designem. Doskonale uzupe\u0142ni codzienne stylizacje, dodaj\u0105c im odrobin\u0119 swobody i niepowtarzalnego charakteru \u2013 bez konieczno\u015bci przek\u0142uwania ucha.<\/p>","protected":false},"featured_media":7773,"comment_status":"closed","ping_status":"closed","template":"","meta":{"om_disable_all_campaigns":false},"product_brand":[2284],"product_cat":[199,1818,1817],"product_tag":[3403,6001,5999,5826,5998,5997,2427,6000],"class_list":{"0":"post-15705","1":"product","2":"type-product","3":"status-publish","4":"has-post-thumbnail","6":"product_brand-staviori","7":"product_cat-kolczyki","8":"product_cat-srebrne-kolczyki","9":"product_cat-srebro-2","10":"product_tag-ear-cuff","11":"product_tag-nausnice-bez-propichnuti","12":"product_tag-ohrmanschette","13":"product_tag-ohrringe-silber","14":"product_tag-silver-ear-cuff","15":"product_tag-srebrny-mankiet-do-ucha","16":"product_tag-srebro-925","17":"product_tag-stribrna-nausnice-manzeta","18":"pa_barwa-rozowy","19":"pa_barwa-srebrny","20":"pa_barwa-zloty","21":"pa_dostawca-karen-silver","22":"pa_kruszec-srebro","23":"pa_kruszec-srebro-pozlacane","24":"pa_kruszec-srebro-rodowane","25":"pa_proba-0-925","26":"pa_szerokosc-10-30mm","27":"pa_waga-049g","28":"pa_wysokosc-7-18mm","30":"first","31":"instock","32":"purchasable","33":"product-type-variable"},"aioseo_notices":[],"_links":{"self":[{"href":"https:\/\/staviori.com.pl\/de\/wp-json\/wp\/v2\/product\/15705","targetHints":{"allow":["GET"]}}],"collection":[{"href":"https:\/\/staviori.com.pl\/de\/wp-json\/wp\/v2\/product"}],"about":[{"href":"https:\/\/staviori.com.pl\/de\/wp-json\/wp\/v2\/types\/product"}],"replies":[{"embeddable":true,"href":"https:\/\/staviori.com.pl\/de\/wp-json\/wp\/v2\/comments?post=15705"}],"wp:featuredmedia":[{"embeddable":true,"href":"https:\/\/staviori.com.pl\/de\/wp-json\/wp\/v2\/media\/7773"}],"wp:attachment":[{"href":"https:\/\/staviori.com.pl\/de\/wp-json\/wp\/v2\/media?parent=15705"}],"wp:term":[{"taxonomy":"product_brand","embeddable":true,"href":"https:\/\/staviori.com.pl\/de\/wp-json\/wp\/v2\/product_brand?post=15705"},{"taxonomy":"product_cat","embeddable":true,"href":"https:\/\/staviori.com.pl\/de\/wp-json\/wp\/v2\/product_cat?post=15705"},{"taxonomy":"product_tag","embeddable":true,"href":"https:\/\/staviori.com.pl\/de\/wp-json\/wp\/v2\/product_tag?post=15705"}],"curies":[{"name":"wp","href":"https:\/\/api.w.org\/{rel}","templated":true}]}}