{"id":15699,"date":"2025-02-24T22:49:36","date_gmt":"2025-02-24T21:49:36","guid":{"rendered":"https:\/\/staviori.com.pl\/product\/srebrne-kolczyki-sss5921\/"},"modified":"2026-02-11T00:09:27","modified_gmt":"2026-02-10T23:09:27","slug":"srebrne-kolczyki-sss5921","status":"publish","type":"product","link":"https:\/\/staviori.com.pl\/de\/product\/srebrne-kolczyki-sss5921\/","title":{"rendered":"Srebrne rodowane kolczyki plastry miodu na sztyft"},"content":{"rendered":"<p>Model: SSS5921<br \/>\nWaga ok. 3,56g<\/p>\n<p>Ohrringe.<br \/>\nSrebro 925.<\/p>\n<p>Szeroko\u015b\u0107 19 mm.<br \/>\nWysoko\u015b\u0107 15 mm.<\/p>\n<p>Srebrne kolczyki inspirowane srebrnymi \u0107wiekami o otwartym geometrycznym kszta\u0142cie plastra miodu, solidarnie i ze wsparciem dla zapracowanych bohater\u00f3w natury! Kolczyki idealnie uzupe\u0142niaj\u0105 stylizacje na codzie\u0144, ale tak\u017ce na wyj\u0105tkowe okazje.<\/p>","protected":false},"excerpt":{"rendered":"<p>Nowoczesne srebrne kolczyki o geometrycznym kszta\u0142cie plastra miodu, wykonane ze srebra pr\u00f3by 0,925. Ich otwarta forma nawi\u0105zuje do natury i symbolizuje harmoni\u0119 oraz pracowito\u015b\u0107. Minimalistyczny, a zarazem efektowny design sprawia, \u017ce b\u0119d\u0105 idealnym dodatkiem zar\u00f3wno na co dzie\u0144, jak i na wyj\u0105tkowe okazje.<\/p>","protected":false},"featured_media":7758,"comment_status":"closed","ping_status":"closed","template":"","meta":{"om_disable_all_campaigns":false},"product_brand":[2284],"product_cat":[199,1818,1817],"product_tag":[5829,5976,3158,3196,5975,3718,5978,5977,5820,2942,2427,5905],"class_list":{"0":"post-15699","1":"product","2":"type-product","3":"status-publish","4":"has-post-thumbnail","6":"product_brand-staviori","7":"product_cat-kolczyki","8":"product_cat-srebrne-kolczyki","9":"product_cat-srebro-2","10":"product_tag-geometric-earrings","11":"product_tag-honeycomb-earrings","12":"product_tag-kolczyki-geometryczne","13":"product_tag-kolczyki-nowoczesne","14":"product_tag-kolczyki-plastry-miodu","15":"product_tag-modne-kolczyki","16":"product_tag-nausnice-plastve","17":"product_tag-ohrringe-wabe","18":"product_tag-silver-earrings","19":"product_tag-srebrne-kolczyki","20":"product_tag-srebro-925","21":"product_tag-sterling-silver","22":"pa_dostawca-karen-silver","23":"pa_kruszec-srebro","24":"pa_kruszec-srebro-rodowane","25":"pa_proba-0-925","26":"pa_szerokosc-19mm","27":"pa_waga-350g","28":"pa_wysokosc-15mm","29":"pa_zapiecie-sztyft","31":"first","32":"instock","33":"purchasable","34":"product-type-simple"},"aioseo_notices":[],"_links":{"self":[{"href":"https:\/\/staviori.com.pl\/de\/wp-json\/wp\/v2\/product\/15699","targetHints":{"allow":["GET"]}}],"collection":[{"href":"https:\/\/staviori.com.pl\/de\/wp-json\/wp\/v2\/product"}],"about":[{"href":"https:\/\/staviori.com.pl\/de\/wp-json\/wp\/v2\/types\/product"}],"replies":[{"embeddable":true,"href":"https:\/\/staviori.com.pl\/de\/wp-json\/wp\/v2\/comments?post=15699"}],"wp:featuredmedia":[{"embeddable":true,"href":"https:\/\/staviori.com.pl\/de\/wp-json\/wp\/v2\/media\/7758"}],"wp:attachment":[{"href":"https:\/\/staviori.com.pl\/de\/wp-json\/wp\/v2\/media?parent=15699"}],"wp:term":[{"taxonomy":"product_brand","embeddable":true,"href":"https:\/\/staviori.com.pl\/de\/wp-json\/wp\/v2\/product_brand?post=15699"},{"taxonomy":"product_cat","embeddable":true,"href":"https:\/\/staviori.com.pl\/de\/wp-json\/wp\/v2\/product_cat?post=15699"},{"taxonomy":"product_tag","embeddable":true,"href":"https:\/\/staviori.com.pl\/de\/wp-json\/wp\/v2\/product_tag?post=15699"}],"curies":[{"name":"wp","href":"https:\/\/api.w.org\/{rel}","templated":true}]}}