{"id":15696,"date":"2025-02-24T22:49:36","date_gmt":"2025-02-24T21:49:36","guid":{"rendered":"https:\/\/staviori.com.pl\/product\/srebrne-kolczyki-sss5917y\/"},"modified":"2026-02-11T00:09:27","modified_gmt":"2026-02-10T23:09:27","slug":"srebrne-kolczyki-sss5917y","status":"publish","type":"product","link":"https:\/\/staviori.com.pl\/de\/product\/srebrne-kolczyki-sss5917y\/","title":{"rendered":"Versilberte, elegante, nicht offensichtlich geh\u00e4mmerte Ohrringe"},"content":{"rendered":"<p>Model: SSS5917Y<br \/>\nWaga ok. 2.09g<\/p>\n<p>Ohrringe.<br \/>\nSrebro 925 pokryte \u017c\u00f3\u0142tym z\u0142otem<\/p>\n<p>Szeroko\u015b\u0107 7 mm.<br \/>\nWysoko\u015b\u0107 13.5 mm.<\/p>\n<p>Pi\u0119kne srebrne kolczyki pokryte \u017c\u00f3\u0142tym z\u0142otem. Rozkloszowany kszta\u0142t i kute elementy sprawiaj\u0105, \u017ce kolczyki cudownie uzupe\u0142niaj\u0105 stylizacje zar\u00f3wno t\u0119 codzienn\u0105 jak i na specjaln\u0105 okazj\u0119.<\/p>","protected":false},"excerpt":{"rendered":"<p>Eleganckie kolczyki wykonane ze srebra pr\u00f3by 0,925, pokryte \u017c\u00f3\u0142tym z\u0142otem. Delikatnie rozkloszowany kszta\u0142t z m\u0142otkowan\u0105 faktur\u0105 nadaje im niepowtarzalnego charakteru. To bi\u017cuteria, kt\u00f3ra doskonale sprawdzi si\u0119 zar\u00f3wno w codziennych stylizacjach, jak i podczas wyj\u0105tkowych okazji.<\/p>","protected":false},"featured_media":7749,"comment_status":"closed","ping_status":"closed","template":"","meta":{"om_disable_all_campaigns":false},"product_brand":[2284],"product_cat":[199,1818,1817],"product_tag":[2660,5916,5965,3440,3568,3718,5967,5966,5914,2427,5905],"class_list":{"0":"post-15696","1":"product","2":"type-product","3":"status-publish","4":"has-post-thumbnail","6":"product_brand-staviori","7":"product_cat-kolczyki","8":"product_cat-srebrne-kolczyki","9":"product_cat-srebro-2","10":"product_tag-eleganckie-kolczyki","11":"product_tag-gold-plated-earrings","12":"product_tag-hammered-earrings","13":"product_tag-kolczyki-mlotkowane","14":"product_tag-kolczyki-zolte-zloto","15":"product_tag-modne-kolczyki","16":"product_tag-nausnice-tepane","17":"product_tag-ohrringe-gehammert","18":"product_tag-srebrne-kolczyki-pozlacane","19":"product_tag-srebro-925","20":"product_tag-sterling-silver","21":"pa_dostawca-karen-silver","22":"pa_kruszec-srebro","23":"pa_kruszec-srebro-pozlacane","24":"pa_proba-0-925","25":"pa_szerokosc-7mm","26":"pa_waga-205g","27":"pa_wysokosc-13-5mm","28":"pa_zapiecie-sztyft","30":"first","31":"instock","32":"purchasable","33":"product-type-simple"},"aioseo_notices":[],"_links":{"self":[{"href":"https:\/\/staviori.com.pl\/de\/wp-json\/wp\/v2\/product\/15696","targetHints":{"allow":["GET"]}}],"collection":[{"href":"https:\/\/staviori.com.pl\/de\/wp-json\/wp\/v2\/product"}],"about":[{"href":"https:\/\/staviori.com.pl\/de\/wp-json\/wp\/v2\/types\/product"}],"replies":[{"embeddable":true,"href":"https:\/\/staviori.com.pl\/de\/wp-json\/wp\/v2\/comments?post=15696"}],"wp:featuredmedia":[{"embeddable":true,"href":"https:\/\/staviori.com.pl\/de\/wp-json\/wp\/v2\/media\/7749"}],"wp:attachment":[{"href":"https:\/\/staviori.com.pl\/de\/wp-json\/wp\/v2\/media?parent=15696"}],"wp:term":[{"taxonomy":"product_brand","embeddable":true,"href":"https:\/\/staviori.com.pl\/de\/wp-json\/wp\/v2\/product_brand?post=15696"},{"taxonomy":"product_cat","embeddable":true,"href":"https:\/\/staviori.com.pl\/de\/wp-json\/wp\/v2\/product_cat?post=15696"},{"taxonomy":"product_tag","embeddable":true,"href":"https:\/\/staviori.com.pl\/de\/wp-json\/wp\/v2\/product_tag?post=15696"}],"curies":[{"name":"wp","href":"https:\/\/api.w.org\/{rel}","templated":true}]}}