{"id":15694,"date":"2025-02-24T22:49:36","date_gmt":"2025-02-24T21:49:36","guid":{"rendered":"https:\/\/staviori.com.pl\/product\/srebrne-kolczyki-sss5915\/"},"modified":"2026-02-11T00:09:26","modified_gmt":"2026-02-10T23:09:26","slug":"srebrne-kolczyki-sss5915","status":"publish","type":"product","link":"https:\/\/staviori.com.pl\/de\/product\/srebrne-kolczyki-sss5915\/","title":{"rendered":"Quadratische Silberohrringe | rhodiniertes Silber"},"content":{"rendered":"<p>Model: SSS5915<br \/>\nWaga ok. 2,22g<\/p>\n<p>Ohrringe.<br \/>\nSrebro 925.<br \/>\nSzeroko\u015b\u0107 10 mm.<br \/>\nWysoko\u015b\u0107 10 mm.<\/p>\n<p>Te unikalne kwadratowe obr\u0119cze ze srebra s\u0105 tak stylowe, \u017ce z pewno\u015bci\u0105 je pokochasz. Bardzo modne i idealne na codzie\u0144.<\/p>","protected":false},"excerpt":{"rendered":"<p>Nowoczesne kolczyki w kszta\u0142cie kwadratowych obr\u0119czy, wykonane ze srebra pr\u00f3by 0,925. Minimalistyczny, geometryczny design sprawia, \u017ce s\u0105 wyj\u0105tkowo modne i uniwersalne \u2013 idealne zar\u00f3wno na co dzie\u0144, jak i do eleganckich stylizacji. Stylowy dodatek, kt\u00f3ry przyci\u0105ga spojrzenia.<\/p>","protected":false},"featured_media":7740,"comment_status":"closed","ping_status":"closed","template":"","meta":{"om_disable_all_campaigns":false},"product_brand":[2284],"product_cat":[199,1818,1817],"product_tag":[3847,3158,5959,3542,3718,5962,5961,5820,5960,2942,2427,5905],"class_list":{"0":"post-15694","1":"product","2":"type-product","3":"status-publish","4":"has-post-thumbnail","6":"product_brand-staviori","7":"product_cat-kolczyki","8":"product_cat-srebrne-kolczyki","9":"product_cat-srebro-2","10":"product_tag-hoop-earrings","11":"product_tag-kolczyki-geometryczne","12":"product_tag-kolczyki-kwadratowe","13":"product_tag-kolczyki-obrecze","14":"product_tag-modne-kolczyki","15":"product_tag-nausnice-ctvercove","16":"product_tag-ohrringe-quadrat","17":"product_tag-silver-earrings","18":"product_tag-square-earrings","19":"product_tag-srebrne-kolczyki","20":"product_tag-srebro-925","21":"product_tag-sterling-silver","22":"pa_dostawca-karen-silver","23":"pa_kruszec-srebro","24":"pa_kruszec-srebro-rodowane","25":"pa_proba-0-925","26":"pa_szerokosc-10mm","27":"pa_waga-220g","28":"pa_wysokosc-10mm","29":"pa_zapiecie-angielskie","31":"first","32":"outofstock","33":"purchasable","34":"product-type-simple"},"aioseo_notices":[],"_links":{"self":[{"href":"https:\/\/staviori.com.pl\/de\/wp-json\/wp\/v2\/product\/15694","targetHints":{"allow":["GET"]}}],"collection":[{"href":"https:\/\/staviori.com.pl\/de\/wp-json\/wp\/v2\/product"}],"about":[{"href":"https:\/\/staviori.com.pl\/de\/wp-json\/wp\/v2\/types\/product"}],"replies":[{"embeddable":true,"href":"https:\/\/staviori.com.pl\/de\/wp-json\/wp\/v2\/comments?post=15694"}],"wp:featuredmedia":[{"embeddable":true,"href":"https:\/\/staviori.com.pl\/de\/wp-json\/wp\/v2\/media\/7740"}],"wp:attachment":[{"href":"https:\/\/staviori.com.pl\/de\/wp-json\/wp\/v2\/media?parent=15694"}],"wp:term":[{"taxonomy":"product_brand","embeddable":true,"href":"https:\/\/staviori.com.pl\/de\/wp-json\/wp\/v2\/product_brand?post=15694"},{"taxonomy":"product_cat","embeddable":true,"href":"https:\/\/staviori.com.pl\/de\/wp-json\/wp\/v2\/product_cat?post=15694"},{"taxonomy":"product_tag","embeddable":true,"href":"https:\/\/staviori.com.pl\/de\/wp-json\/wp\/v2\/product_tag?post=15694"}],"curies":[{"name":"wp","href":"https:\/\/api.w.org\/{rel}","templated":true}]}}