{"id":15691,"date":"2025-02-24T22:49:32","date_gmt":"2025-02-24T21:49:32","guid":{"rendered":"https:\/\/staviori.com.pl\/product\/srebrne-kolczyki-sss5912\/"},"modified":"2026-02-11T00:09:26","modified_gmt":"2026-02-10T23:09:26","slug":"srebrne-kolczyki-sss5912","status":"publish","type":"product","link":"https:\/\/staviori.com.pl\/de\/product\/srebrne-kolczyki-sss5912\/","title":{"rendered":"Wundersch\u00f6ne Ohrringe - Libellen - rhodiniertes Silber | Sterlingsilber"},"content":{"rendered":"<p>Model: SSS5912<br \/>\nWaga ok. 0,90g<\/p>\n<p>Ohrringe.<br \/>\n0,925 Silber.<\/p>\n<p>Szeroko\u015b\u0107 10 mm.<br \/>\nWysoko\u015b\u0107 5.5 mm.<\/p>\n<p>Czaruj\u0105ce kolczyki srebrne w kszta\u0142cie wa\u017cki uchwyconej w locie. Idealne na co dzie\u0144. Maj\u0105 wiele uroku!<\/p>","protected":false},"excerpt":{"rendered":"<p>Urocze kolczyki w kszta\u0142cie wa\u017cki, wykonane ze srebra pr\u00f3by 0,925. Subtelny motyw natury nadaje im lekko\u015bci i wdzi\u0119ku, czyni\u0105c je idealnym dodatkiem na co dzie\u0144. Delikatny po\u0142ysk srebra pi\u0119knie podkre\u015bla ich wyj\u0105tkowy charakter.<\/p>","protected":false},"featured_media":7731,"comment_status":"closed","ping_status":"closed","template":"","meta":{"om_disable_all_campaigns":false},"product_brand":[2284],"product_cat":[199,1818,1817],"product_tag":[2858,5952,5844,3512,5903,5954,5953,5820,2942,2427,5905],"class_list":{"0":"post-15691","1":"product","2":"type-product","3":"status-publish","4":"has-post-thumbnail","6":"product_brand-staviori","7":"product_cat-kolczyki","8":"product_cat-srebrne-kolczyki","9":"product_cat-srebro-2","10":"product_tag-delikatne-kolczyki","11":"product_tag-dragonfly-earrings","12":"product_tag-kolczyki-natura","13":"product_tag-kolczyki-wazki","14":"product_tag-kolczyki-zwierzatka","15":"product_tag-nausnice-vazka","16":"product_tag-ohrringe-libelle","17":"product_tag-silver-earrings","18":"product_tag-srebrne-kolczyki","19":"product_tag-srebro-925","20":"product_tag-sterling-silver","21":"pa_dostawca-karen-silver","22":"pa_kruszec-srebro","23":"pa_kruszec-srebro-rodowane","24":"pa_motyw-wazka","25":"pa_proba-0-925","26":"pa_szerokosc-10mm","27":"pa_waga-090g","28":"pa_wysokosc-5-5mm","29":"pa_zapiecie-sztyft","31":"first","32":"instock","33":"purchasable","34":"product-type-simple"},"aioseo_notices":[],"_links":{"self":[{"href":"https:\/\/staviori.com.pl\/de\/wp-json\/wp\/v2\/product\/15691","targetHints":{"allow":["GET"]}}],"collection":[{"href":"https:\/\/staviori.com.pl\/de\/wp-json\/wp\/v2\/product"}],"about":[{"href":"https:\/\/staviori.com.pl\/de\/wp-json\/wp\/v2\/types\/product"}],"replies":[{"embeddable":true,"href":"https:\/\/staviori.com.pl\/de\/wp-json\/wp\/v2\/comments?post=15691"}],"wp:featuredmedia":[{"embeddable":true,"href":"https:\/\/staviori.com.pl\/de\/wp-json\/wp\/v2\/media\/7731"}],"wp:attachment":[{"href":"https:\/\/staviori.com.pl\/de\/wp-json\/wp\/v2\/media?parent=15691"}],"wp:term":[{"taxonomy":"product_brand","embeddable":true,"href":"https:\/\/staviori.com.pl\/de\/wp-json\/wp\/v2\/product_brand?post=15691"},{"taxonomy":"product_cat","embeddable":true,"href":"https:\/\/staviori.com.pl\/de\/wp-json\/wp\/v2\/product_cat?post=15691"},{"taxonomy":"product_tag","embeddable":true,"href":"https:\/\/staviori.com.pl\/de\/wp-json\/wp\/v2\/product_tag?post=15691"}],"curies":[{"name":"wp","href":"https:\/\/api.w.org\/{rel}","templated":true}]}}