{"id":15689,"date":"2025-02-24T22:49:32","date_gmt":"2025-02-24T21:49:32","guid":{"rendered":"https:\/\/staviori.com.pl\/product\/srebrne-kolczyki-sss5909r\/"},"modified":"2026-02-11T00:09:26","modified_gmt":"2026-02-10T23:09:26","slug":"srebrne-kolczyki-sss5909r","status":"publish","type":"product","link":"https:\/\/staviori.com.pl\/de\/product\/srebrne-kolczyki-sss5909r\/","title":{"rendered":"Kreuz-Ohrringe auf Stange, versilbert | rosa"},"content":{"rendered":"<p>Model: SSS5909R<br \/>\nWaga ok. 0,61g<\/p>\n<p>Ohrringe.<br \/>\nSrebro 925 pokryte r\u00f3\u017cowym z\u0142otem<br \/>\n6 mm breit.<br \/>\nH\u00f6he 8 mm.<\/p>\n<p>Ponadczasowy symbol nadziei, wiary i odnowy. Te srebrne kolczyki pomog\u0105 od\u015bwie\u017cy\u0107 ducha ka\u017cdemu, kto je nosi. S\u0105 idealne do ko\u015bcio\u0142a, s\u0105 r\u00f3wnie\u017c pi\u0119knie wykonane w celu wygodnego noszenia na codzie\u0144.<\/p>","protected":false},"excerpt":{"rendered":"<p>Staviori Kolczyki. Srebro 925.  pokryte r\u00f3\u017cowym z\u0142otem Szeroko\u015b\u0107 6 mm. Wysoko\u015b\u0107 8 mm.<br \/>\nPonadczasowy symbol nadziei, wiary i odnowy. Te srebrne kolczyki pomog\u0105 od\u015bwie\u017cy\u0107 ducha ka\u017cdemu, kto je nosi. S\u0105 idealne do ko\u015bcio\u0142a, s\u0105 r\u00f3wnie\u017c pi\u0119knie wykonane w celu wygodnego noszenia na codzie\u0144.<\/p>","protected":false},"featured_media":7723,"comment_status":"closed","ping_status":"closed","template":"","meta":{"om_disable_all_campaigns":false},"product_brand":[2284],"product_cat":[199,1818,1817],"product_tag":[5947,5916,3073,3197,5946,3270,5951,5950,5914,2427,5905],"class_list":{"0":"post-15689","1":"product","2":"type-product","3":"status-publish","4":"has-post-thumbnail","6":"product_brand-staviori","7":"product_cat-kolczyki","8":"product_cat-srebrne-kolczyki","9":"product_cat-srebro-2","10":"product_tag-cross-earrings","11":"product_tag-gold-plated-earrings","12":"product_tag-kolczyki-krzyzyki","13":"product_tag-kolczyki-minimalistyczne","14":"product_tag-kolczyki-religijne","15":"product_tag-kolczyki-rozowe-zloto","16":"product_tag-nausnice-krizek-zlato","17":"product_tag-ohrringe-kreuz-gold","18":"product_tag-srebrne-kolczyki-pozlacane","19":"product_tag-srebro-925","20":"product_tag-sterling-silver","21":"pa_dostawca-karen-silver","22":"pa_kruszec-srebro","23":"pa_kruszec-srebro-pozlacane","24":"pa_motyw-krzyzyk","25":"pa_proba-0-925","26":"pa_szerokosc-6mm","27":"pa_waga-060g","28":"pa_wysokosc-8mm","29":"pa_zapiecie-sztyft","31":"first","32":"instock","33":"purchasable","34":"product-type-simple"},"aioseo_notices":[],"_links":{"self":[{"href":"https:\/\/staviori.com.pl\/de\/wp-json\/wp\/v2\/product\/15689","targetHints":{"allow":["GET"]}}],"collection":[{"href":"https:\/\/staviori.com.pl\/de\/wp-json\/wp\/v2\/product"}],"about":[{"href":"https:\/\/staviori.com.pl\/de\/wp-json\/wp\/v2\/types\/product"}],"replies":[{"embeddable":true,"href":"https:\/\/staviori.com.pl\/de\/wp-json\/wp\/v2\/comments?post=15689"}],"wp:featuredmedia":[{"embeddable":true,"href":"https:\/\/staviori.com.pl\/de\/wp-json\/wp\/v2\/media\/7723"}],"wp:attachment":[{"href":"https:\/\/staviori.com.pl\/de\/wp-json\/wp\/v2\/media?parent=15689"}],"wp:term":[{"taxonomy":"product_brand","embeddable":true,"href":"https:\/\/staviori.com.pl\/de\/wp-json\/wp\/v2\/product_brand?post=15689"},{"taxonomy":"product_cat","embeddable":true,"href":"https:\/\/staviori.com.pl\/de\/wp-json\/wp\/v2\/product_cat?post=15689"},{"taxonomy":"product_tag","embeddable":true,"href":"https:\/\/staviori.com.pl\/de\/wp-json\/wp\/v2\/product_tag?post=15689"}],"curies":[{"name":"wp","href":"https:\/\/api.w.org\/{rel}","templated":true}]}}