{"id":15688,"date":"2025-02-24T22:49:32","date_gmt":"2025-02-24T21:49:32","guid":{"rendered":"https:\/\/staviori.com.pl\/product\/srebrne-kolczyki-sss5909\/"},"modified":"2026-04-13T23:26:34","modified_gmt":"2026-04-13T21:26:34","slug":"srebrne-kolczyki-sss5909","status":"publish","type":"product","link":"https:\/\/staviori.com.pl\/de\/product\/srebrne-kolczyki-sss5909\/","title":{"rendered":"Kreuz-Ohrringe mit Stift, rhodiniertes 925er Silber | Sterlingsilber"},"content":{"rendered":"<p>Model: SSS5909<br \/>\nWaga ok. 0,61g<\/p>\n<p>Ohrringe.<br \/>\nSrebro 925.<br \/>\n6 mm breit.<br \/>\nH\u00f6he 8 mm.<\/p>\n<p>Ponadczasowy symbol nadziei, wiary i odnowy. Te srebrne kolczyki pomog\u0105 od\u015bwie\u017cy\u0107 ducha ka\u017cdego kto je nosi. S\u0105 idealn\u0105 par\u0105 do ko\u015bcio\u0142a, s\u0105 r\u00f3wnie\u017c pi\u0119knie wykonane w celu wygodnego noszenia na codzie\u0144<\/p>","protected":false},"excerpt":{"rendered":"<p>Delikatne srebrne kolczyki w kszta\u0142cie krzy\u017cyka, wykonane ze srebra pr\u00f3by 0,925. Ponadczasowy symbol wiary i nadziei, kt\u00f3ry sprawdzi si\u0119 zar\u00f3wno jako subtelny dodatek na co dzie\u0144, jak i wyj\u0105tkowa bi\u017cuteria na uroczyste okazje. Prosta forma podkre\u015bla elegancj\u0119 i duchowy charakter.<\/p>","protected":false},"featured_media":7717,"comment_status":"closed","ping_status":"closed","template":"","meta":{"om_disable_all_campaigns":false},"product_brand":[2284],"product_cat":[199,1818,1817],"product_tag":[5947,3073,3197,5946,5949,5948,5820,2942,2427,5905],"class_list":{"0":"post-15688","1":"product","2":"type-product","3":"status-publish","4":"has-post-thumbnail","6":"product_brand-staviori","7":"product_cat-kolczyki","8":"product_cat-srebrne-kolczyki","9":"product_cat-srebro-2","10":"product_tag-cross-earrings","11":"product_tag-kolczyki-krzyzyki","12":"product_tag-kolczyki-minimalistyczne","13":"product_tag-kolczyki-religijne","14":"product_tag-nausnice-krizek","15":"product_tag-ohrringe-kreuz","16":"product_tag-silver-earrings","17":"product_tag-srebrne-kolczyki","18":"product_tag-srebro-925","19":"product_tag-sterling-silver","20":"pa_dostawca-karen-silver","21":"pa_kruszec-srebro","22":"pa_kruszec-srebro-rodowane","23":"pa_motyw-krzyzyk","24":"pa_proba-0-925","25":"pa_szerokosc-6mm","26":"pa_waga-060g","27":"pa_wysokosc-8mm","28":"pa_zapiecie-sztyft","30":"first","31":"instock","32":"purchasable","33":"product-type-simple"},"aioseo_notices":[],"_links":{"self":[{"href":"https:\/\/staviori.com.pl\/de\/wp-json\/wp\/v2\/product\/15688","targetHints":{"allow":["GET"]}}],"collection":[{"href":"https:\/\/staviori.com.pl\/de\/wp-json\/wp\/v2\/product"}],"about":[{"href":"https:\/\/staviori.com.pl\/de\/wp-json\/wp\/v2\/types\/product"}],"replies":[{"embeddable":true,"href":"https:\/\/staviori.com.pl\/de\/wp-json\/wp\/v2\/comments?post=15688"}],"wp:featuredmedia":[{"embeddable":true,"href":"https:\/\/staviori.com.pl\/de\/wp-json\/wp\/v2\/media\/7717"}],"wp:attachment":[{"href":"https:\/\/staviori.com.pl\/de\/wp-json\/wp\/v2\/media?parent=15688"}],"wp:term":[{"taxonomy":"product_brand","embeddable":true,"href":"https:\/\/staviori.com.pl\/de\/wp-json\/wp\/v2\/product_brand?post=15688"},{"taxonomy":"product_cat","embeddable":true,"href":"https:\/\/staviori.com.pl\/de\/wp-json\/wp\/v2\/product_cat?post=15688"},{"taxonomy":"product_tag","embeddable":true,"href":"https:\/\/staviori.com.pl\/de\/wp-json\/wp\/v2\/product_tag?post=15688"}],"curies":[{"name":"wp","href":"https:\/\/api.w.org\/{rel}","templated":true}]}}