{"id":15679,"date":"2025-02-24T22:49:32","date_gmt":"2025-02-24T21:49:32","guid":{"rendered":"https:\/\/staviori.com.pl\/product\/srebrny-pierscionek-sss5193\/"},"modified":"2026-02-11T00:09:25","modified_gmt":"2026-02-10T23:09:25","slug":"srebrny-pierscionek-sss5193","status":"publish","type":"product","link":"https:\/\/staviori.com.pl\/de\/product\/srebrny-pierscionek-sss5193\/","title":{"rendered":"Durchbrochener Silberring | Gr\u00f6\u00dfe 11"},"content":{"rendered":"<p>Model: SSS5193<br \/>\nWaga ok. 0,90g<\/p>\n<p>Ring.<br \/>\n0,925 Silber.<br \/>\n4 mm breit.<\/p>\n<p>Dost\u0119pny tylko rozmiar: 11<\/p>","protected":false},"excerpt":{"rendered":"<p>Delikatny srebrny pier\u015bcionek o szeroko\u015bci 4 mm, wykonany z wysokiej jako\u015bci srebra pr\u00f3by 0,925. A\u017curowy wz\u00f3r z faluj\u0105cymi liniami nadaje mu lekko\u015bci i subtelnego uroku. Idealny wyb\u00f3r dla os\u00f3b, kt\u00f3re ceni\u0105 eleganckie, a zarazem nowoczesne dodatki bi\u017cuteryjne.<\/p>\n<p>Dost\u0119pny tylko rozmiar: 11<\/p>","protected":false},"featured_media":7679,"comment_status":"closed","ping_status":"closed","template":"","meta":{"om_disable_all_campaigns":false},"product_brand":[2284],"product_cat":[801,2206,1817],"product_tag":[4679,5919,4757,5297,5921,5920,5229,5304,2427,5905],"class_list":{"0":"post-15679","1":"product","2":"type-product","3":"status-publish","4":"has-post-thumbnail","6":"product_brand-staviori","7":"product_cat-pierscionki","8":"product_cat-srebrny-pierscionek","9":"product_cat-srebro-2","10":"product_tag-delikatny-pierscionek","11":"product_tag-filigree-ring","12":"product_tag-nowoczesny-pierscionek","13":"product_tag-pierscionek-azurowy","14":"product_tag-prsten-stribrny","15":"product_tag-ring-modern","16":"product_tag-silver-ring","17":"product_tag-srebrny-pierscionek","18":"product_tag-srebro-925","19":"product_tag-sterling-silver","20":"pa_dostawca-karen-silver","21":"pa_kruszec-srebro","22":"pa_proba-0-925","23":"pa_szerokosc-4mm","24":"pa_waga-090g","26":"first","27":"instock","28":"purchasable","29":"product-type-simple"},"aioseo_notices":[],"_links":{"self":[{"href":"https:\/\/staviori.com.pl\/de\/wp-json\/wp\/v2\/product\/15679","targetHints":{"allow":["GET"]}}],"collection":[{"href":"https:\/\/staviori.com.pl\/de\/wp-json\/wp\/v2\/product"}],"about":[{"href":"https:\/\/staviori.com.pl\/de\/wp-json\/wp\/v2\/types\/product"}],"replies":[{"embeddable":true,"href":"https:\/\/staviori.com.pl\/de\/wp-json\/wp\/v2\/comments?post=15679"}],"wp:featuredmedia":[{"embeddable":true,"href":"https:\/\/staviori.com.pl\/de\/wp-json\/wp\/v2\/media\/7679"}],"wp:attachment":[{"href":"https:\/\/staviori.com.pl\/de\/wp-json\/wp\/v2\/media?parent=15679"}],"wp:term":[{"taxonomy":"product_brand","embeddable":true,"href":"https:\/\/staviori.com.pl\/de\/wp-json\/wp\/v2\/product_brand?post=15679"},{"taxonomy":"product_cat","embeddable":true,"href":"https:\/\/staviori.com.pl\/de\/wp-json\/wp\/v2\/product_cat?post=15679"},{"taxonomy":"product_tag","embeddable":true,"href":"https:\/\/staviori.com.pl\/de\/wp-json\/wp\/v2\/product_tag?post=15679"}],"curies":[{"name":"wp","href":"https:\/\/api.w.org\/{rel}","templated":true}]}}