{"id":15676,"date":"2025-02-24T22:49:32","date_gmt":"2025-02-24T21:49:32","guid":{"rendered":"https:\/\/staviori.com.pl\/product\/srebrne-kolczyki-sss5190\/"},"modified":"2026-02-11T00:09:25","modified_gmt":"2026-02-10T23:09:25","slug":"srebrne-kolczyki-sss5190","status":"publish","type":"product","link":"https:\/\/staviori.com.pl\/de\/product\/srebrne-kolczyki-sss5190\/","title":{"rendered":"Srebrne kolczyki strza\u0142y  &#8211; no\u015b na dwa sposoby"},"content":{"rendered":"<p>Model: SSS5190<br \/>\nWaga ok. 3,37g<\/p>\n<p>Ohrringe.<br \/>\n0,925 Silber.<br \/>\nWymiary 22&#215;23 mm.<\/p>\n<p>Te wyj\u0105tkowe, srebrne kolczyki s\u0105 modnym akcentem, kt\u00f3ry ma zachwyca\u0107. \u0141atwo wymienialne,<br \/>\nmo\u017cesz nosi\u0107 na dwa sposoby &#8211; z lub bez od\u0142\u0105czanych czterech strza\u0142 dla delikatniejszego wygl\u0105du.<\/p>","protected":false},"excerpt":{"rendered":"<p>Wyj\u0105tkowe srebrne kolczyki w kszta\u0142cie strza\u0142y z odczepianymi elementami, kt\u00f3re pozwalaj\u0105 na dwa sposoby noszenia \u2013 w wersji minimalistycznej lub bardziej wyrazistej. Wykonane z wysokiej jako\u015bci srebra pr\u00f3by 0,925, przyci\u0105gaj\u0105 wzrok nowoczesnym designem i oryginaln\u0105 form\u0105. Idealny wyb\u00f3r dla kobiet ceni\u0105cych mod\u0119 i niebanalne dodatki.<\/p>","protected":false},"featured_media":7661,"comment_status":"closed","ping_status":"closed","template":"","meta":{"om_disable_all_campaigns":false},"product_brand":[2284],"product_cat":[199,1818,1817],"product_tag":[5909,3196,5908,5911,5910,5820,2942,2427,5905],"class_list":{"0":"post-15676","1":"product","2":"type-product","3":"status-publish","4":"has-post-thumbnail","6":"product_brand-staviori","7":"product_cat-kolczyki","8":"product_cat-srebrne-kolczyki","9":"product_cat-srebro-2","10":"product_tag-arrow-earrings","11":"product_tag-kolczyki-nowoczesne","12":"product_tag-kolczyki-strzaly","13":"product_tag-nausnice-sip","14":"product_tag-ohrringe-pfeil","15":"product_tag-silver-earrings","16":"product_tag-srebrne-kolczyki","17":"product_tag-srebro-925","18":"product_tag-sterling-silver","19":"pa_dostawca-karen-silver","20":"pa_kruszec-srebro","21":"pa_proba-0-925","22":"pa_waga-330g","23":"pa_wymiary-22x23mm","25":"first","26":"instock","27":"purchasable","28":"product-type-simple"},"aioseo_notices":[],"_links":{"self":[{"href":"https:\/\/staviori.com.pl\/de\/wp-json\/wp\/v2\/product\/15676","targetHints":{"allow":["GET"]}}],"collection":[{"href":"https:\/\/staviori.com.pl\/de\/wp-json\/wp\/v2\/product"}],"about":[{"href":"https:\/\/staviori.com.pl\/de\/wp-json\/wp\/v2\/types\/product"}],"replies":[{"embeddable":true,"href":"https:\/\/staviori.com.pl\/de\/wp-json\/wp\/v2\/comments?post=15676"}],"wp:featuredmedia":[{"embeddable":true,"href":"https:\/\/staviori.com.pl\/de\/wp-json\/wp\/v2\/media\/7661"}],"wp:attachment":[{"href":"https:\/\/staviori.com.pl\/de\/wp-json\/wp\/v2\/media?parent=15676"}],"wp:term":[{"taxonomy":"product_brand","embeddable":true,"href":"https:\/\/staviori.com.pl\/de\/wp-json\/wp\/v2\/product_brand?post=15676"},{"taxonomy":"product_cat","embeddable":true,"href":"https:\/\/staviori.com.pl\/de\/wp-json\/wp\/v2\/product_cat?post=15676"},{"taxonomy":"product_tag","embeddable":true,"href":"https:\/\/staviori.com.pl\/de\/wp-json\/wp\/v2\/product_tag?post=15676"}],"curies":[{"name":"wp","href":"https:\/\/api.w.org\/{rel}","templated":true}]}}