{"id":15674,"date":"2025-02-24T22:49:32","date_gmt":"2025-02-24T21:49:32","guid":{"rendered":"https:\/\/staviori.com.pl\/product\/srebrne-kolczyki-sss5126\/"},"modified":"2026-02-11T00:09:25","modified_gmt":"2026-02-10T23:09:25","slug":"srebrne-kolczyki-sss5126","status":"publish","type":"product","link":"https:\/\/staviori.com.pl\/de\/product\/srebrne-kolczyki-sss5126\/","title":{"rendered":"Silberne Rentier-Ohrringe"},"content":{"rendered":"<p>Model: SSS5126<br \/>\nWaga ok. 1,10g<\/p>\n<p>Ohrringe.<br \/>\n0,925 Silber.<br \/>\nWymiary 8&#215;9 mm.<\/p>\n<p>Pi\u0119kne kolczyki RENIFERKI, idealne na okres \u015awi\u0105teczny i zimowy.<br \/>\nS\u0142odkie i \u015bliczne.<\/p>","protected":false},"excerpt":{"rendered":"<p>Urocze kolczyki w kszta\u0142cie reniferk\u00f3w, wykonane ze srebra pr\u00f3by 0,925. Ich delikatna forma i b\u0142yszcz\u0105ca powierzchnia sprawiaj\u0105, \u017ce s\u0105 idealnym dodatkiem na zimowe dni i okres \u015bwi\u0105teczny. To pe\u0142na uroku bi\u017cuteria, kt\u00f3ra wprowadza nut\u0119 rado\u015bci i magii do ka\u017cdej stylizacji.<\/p>","protected":false},"featured_media":7639,"comment_status":"closed","ping_status":"closed","template":"","meta":{"om_disable_all_campaigns":false},"product_brand":[2284],"product_cat":[199,1818,1817],"product_tag":[3932,5900,5895,5880,5896,5899,5897,2942,5882,5898],"class_list":{"0":"post-15674","1":"product","2":"type-product","3":"status-publish","4":"has-post-thumbnail","6":"product_brand-staviori","7":"product_cat-kolczyki","8":"product_cat-srebrne-kolczyki","9":"product_cat-srebro-2","10":"product_tag-3932","11":"product_tag-bizuteria-swiateczna-srebrna","12":"product_tag-kolczyki-reniferki","13":"product_tag-kolczyki-srebro-0","14":"product_tag-kolczyki-swiateczne","15":"product_tag-silber-ohrringe-rentier","16":"product_tag-silver-reindeer-earrings","17":"product_tag-srebrne-kolczyki","18":"product_tag-srebro-925-earrings","19":"product_tag-stribrne-nausnice-sob","20":"pa_dostawca-karen-silver","21":"pa_kruszec-srebro","22":"pa_kruszec-srebro-rodowane","23":"pa_proba-0-925","24":"pa_waga-110g","25":"pa_wymiary-8x9mm","27":"first","28":"instock","29":"purchasable","30":"product-type-simple"},"aioseo_notices":[],"_links":{"self":[{"href":"https:\/\/staviori.com.pl\/de\/wp-json\/wp\/v2\/product\/15674","targetHints":{"allow":["GET"]}}],"collection":[{"href":"https:\/\/staviori.com.pl\/de\/wp-json\/wp\/v2\/product"}],"about":[{"href":"https:\/\/staviori.com.pl\/de\/wp-json\/wp\/v2\/types\/product"}],"replies":[{"embeddable":true,"href":"https:\/\/staviori.com.pl\/de\/wp-json\/wp\/v2\/comments?post=15674"}],"wp:featuredmedia":[{"embeddable":true,"href":"https:\/\/staviori.com.pl\/de\/wp-json\/wp\/v2\/media\/7639"}],"wp:attachment":[{"href":"https:\/\/staviori.com.pl\/de\/wp-json\/wp\/v2\/media?parent=15674"}],"wp:term":[{"taxonomy":"product_brand","embeddable":true,"href":"https:\/\/staviori.com.pl\/de\/wp-json\/wp\/v2\/product_brand?post=15674"},{"taxonomy":"product_cat","embeddable":true,"href":"https:\/\/staviori.com.pl\/de\/wp-json\/wp\/v2\/product_cat?post=15674"},{"taxonomy":"product_tag","embeddable":true,"href":"https:\/\/staviori.com.pl\/de\/wp-json\/wp\/v2\/product_tag?post=15674"}],"curies":[{"name":"wp","href":"https:\/\/api.w.org\/{rel}","templated":true}]}}