{"id":15673,"date":"2025-02-24T22:49:28","date_gmt":"2025-02-24T21:49:28","guid":{"rendered":"https:\/\/staviori.com.pl\/product\/srebrne-kolczyki-sss5125\/"},"modified":"2026-02-11T00:09:25","modified_gmt":"2026-02-10T23:09:25","slug":"srebrne-kolczyki-sss5125","status":"publish","type":"product","link":"https:\/\/staviori.com.pl\/de\/product\/srebrne-kolczyki-sss5125\/","title":{"rendered":"Stab-Ohrringe aus geb\u00fcrstetem Silber"},"content":{"rendered":"<p>Model: SSS5125<br \/>\nWaga ok. 1,70g<\/p>\n<p>Ohrringe.<br \/>\nSrebro 0,925 szczotkowane<br \/>\nWymiary 2&#215;19 mm.<\/p>","protected":false},"excerpt":{"rendered":"<p>Eleganckie kolczyki ze srebra pr\u00f3by 0,925 o szczotkowanej powierzchni, kt\u00f3ra nadaje im subtelnego, matowego blasku. Smuk\u0142y, wyd\u0142u\u017cony kszta\u0142t o d\u0142ugo\u015bci 19 mm sprawia, \u017ce s\u0105 niezwykle stylowe i nowoczesne. Idealny wyb\u00f3r dla kobiet ceni\u0105cych minimalistyczn\u0105, a jednocze\u015bnie oryginaln\u0105 bi\u017cuteri\u0119.<\/p>","protected":false},"featured_media":7628,"comment_status":"closed","ping_status":"closed","template":"","meta":{"om_disable_all_campaigns":false},"product_brand":[2284],"product_cat":[199,1818,1817],"product_tag":[3932,3197,5880,5891,5890,5894,5892,2942,5882,5893],"class_list":{"0":"post-15673","1":"product","2":"type-product","3":"status-publish","4":"has-post-thumbnail","6":"product_brand-staviori","7":"product_cat-kolczyki","8":"product_cat-srebrne-kolczyki","9":"product_cat-srebro-2","10":"product_tag-3932","11":"product_tag-kolczyki-minimalistyczne","12":"product_tag-kolczyki-srebro-0","13":"product_tag-kolczyki-szczotkowane","14":"product_tag-nowoczesna-bizuteria-srebrna","15":"product_tag-silber-ohrringe-matt","16":"product_tag-silver-brushed-earrings","17":"product_tag-srebrne-kolczyki","18":"product_tag-srebro-925-earrings","19":"product_tag-stribrne-brousene-nausnice","20":"pa_dostawca-karen-silver","21":"pa_kruszec-srebro","22":"pa_kruszec-srebro-szczotkowane","23":"pa_proba-0-925","24":"pa_waga-030g","25":"pa_waga-170g","26":"pa_wymiary-2x19mm","28":"first","29":"instock","30":"purchasable","31":"product-type-simple"},"aioseo_notices":[],"_links":{"self":[{"href":"https:\/\/staviori.com.pl\/de\/wp-json\/wp\/v2\/product\/15673","targetHints":{"allow":["GET"]}}],"collection":[{"href":"https:\/\/staviori.com.pl\/de\/wp-json\/wp\/v2\/product"}],"about":[{"href":"https:\/\/staviori.com.pl\/de\/wp-json\/wp\/v2\/types\/product"}],"replies":[{"embeddable":true,"href":"https:\/\/staviori.com.pl\/de\/wp-json\/wp\/v2\/comments?post=15673"}],"wp:featuredmedia":[{"embeddable":true,"href":"https:\/\/staviori.com.pl\/de\/wp-json\/wp\/v2\/media\/7628"}],"wp:attachment":[{"href":"https:\/\/staviori.com.pl\/de\/wp-json\/wp\/v2\/media?parent=15673"}],"wp:term":[{"taxonomy":"product_brand","embeddable":true,"href":"https:\/\/staviori.com.pl\/de\/wp-json\/wp\/v2\/product_brand?post=15673"},{"taxonomy":"product_cat","embeddable":true,"href":"https:\/\/staviori.com.pl\/de\/wp-json\/wp\/v2\/product_cat?post=15673"},{"taxonomy":"product_tag","embeddable":true,"href":"https:\/\/staviori.com.pl\/de\/wp-json\/wp\/v2\/product_tag?post=15673"}],"curies":[{"name":"wp","href":"https:\/\/api.w.org\/{rel}","templated":true}]}}