{"id":15669,"date":"2025-02-24T22:49:28","date_gmt":"2025-02-24T21:49:28","guid":{"rendered":"https:\/\/staviori.com.pl\/product\/srebrny-pierscionek-sss4812\/"},"modified":"2026-02-11T00:09:58","modified_gmt":"2026-02-10T23:09:58","slug":"srebrny-pierscionek-sss4812","status":"publish","type":"product","link":"https:\/\/staviori.com.pl\/de\/product\/srebrny-pierscionek-sss4812\/","title":{"rendered":"Silberring mit Perlen"},"content":{"rendered":"<p>Model: SSS4812<br \/>\nWaga ok. 1,39g<\/p>\n<p>Ring.<br \/>\n0,925 Silber.<\/p>\n<p>Szeroko\u015b\u0107 obr\u0105czki ok. 2.60-4.6 mm.<br \/>\n\u015arednica kulki 3 mm.<\/p>\n<p>Dost\u0119pne tylko niekt\u00f3re rozmiary<br \/>\nDost\u0119pne rozmiary: 10\/11 i 12\/13<\/p>","protected":false},"excerpt":{"rendered":"<p>Delikatny pier\u015bcionek ze srebra pr\u00f3by 0,925 o subtelnym, nowoczesnym charakterze. Podw\u00f3jna obr\u0105czka zako\u0144czona dwiema g\u0142adkimi kulkami tworzy minimalistyczny i elegancki design. Ten model \u015bwietnie sprawdzi si\u0119 jako codzienna ozdoba, a tak\u017ce jako stylowy akcent do bardziej wyrafinowanych stylizacji.<\/p>\n<p>Dost\u0119pne tylko niekt\u00f3re rozmiary<\/p>","protected":false},"featured_media":7593,"comment_status":"closed","ping_status":"closed","template":"","meta":{"om_disable_all_campaigns":false},"product_brand":[2284],"product_cat":[801,2206,1817],"product_tag":[3932,5871,5869,5866,5860,5867,5870,5868,5304,5861],"class_list":{"0":"post-15669","1":"product","2":"type-product","3":"status-publish","4":"has-post-thumbnail","6":"product_brand-staviori","7":"product_cat-pierscionki","8":"product_cat-srebrny-pierscionek","9":"product_cat-srebro-2","10":"product_tag-3932","11":"product_tag-bizuteria-srebrna-nowoczesna","12":"product_tag-minimalisticky-stribrny-prsten","13":"product_tag-pierscionek-minimalistyczny","14":"product_tag-pierscionek-srebro-0","15":"product_tag-pierscionek-z-kulkami","16":"product_tag-silberring-mit-kugeln","17":"product_tag-silver-ring-with-balls","18":"product_tag-srebrny-pierscionek","19":"product_tag-srebro-925-ring","20":"pa_dostawca-karen-silver","21":"pa_kruszec-srebro","22":"pa_proba-0-925","23":"pa_rozmiar-4355","24":"pa_rozmiar-2352","25":"pa_srednica-kulki-3mm","26":"pa_szerokosc-obraczki-ok-2-60-4-6mm","27":"pa_waga-135g-2","29":"first","30":"instock","31":"sale","32":"purchasable","33":"product-type-variable","34":"has-default-attributes"},"aioseo_notices":[],"_links":{"self":[{"href":"https:\/\/staviori.com.pl\/de\/wp-json\/wp\/v2\/product\/15669","targetHints":{"allow":["GET"]}}],"collection":[{"href":"https:\/\/staviori.com.pl\/de\/wp-json\/wp\/v2\/product"}],"about":[{"href":"https:\/\/staviori.com.pl\/de\/wp-json\/wp\/v2\/types\/product"}],"replies":[{"embeddable":true,"href":"https:\/\/staviori.com.pl\/de\/wp-json\/wp\/v2\/comments?post=15669"}],"wp:featuredmedia":[{"embeddable":true,"href":"https:\/\/staviori.com.pl\/de\/wp-json\/wp\/v2\/media\/7593"}],"wp:attachment":[{"href":"https:\/\/staviori.com.pl\/de\/wp-json\/wp\/v2\/media?parent=15669"}],"wp:term":[{"taxonomy":"product_brand","embeddable":true,"href":"https:\/\/staviori.com.pl\/de\/wp-json\/wp\/v2\/product_brand?post=15669"},{"taxonomy":"product_cat","embeddable":true,"href":"https:\/\/staviori.com.pl\/de\/wp-json\/wp\/v2\/product_cat?post=15669"},{"taxonomy":"product_tag","embeddable":true,"href":"https:\/\/staviori.com.pl\/de\/wp-json\/wp\/v2\/product_tag?post=15669"}],"curies":[{"name":"wp","href":"https:\/\/api.w.org\/{rel}","templated":true}]}}