{"id":15667,"date":"2025-02-24T22:49:28","date_gmt":"2025-02-24T21:49:28","guid":{"rendered":"https:\/\/staviori.com.pl\/product\/srebrny-pierscionek-sss4809\/"},"modified":"2026-02-11T00:09:57","modified_gmt":"2026-02-10T23:09:57","slug":"srebrny-pierscionek-sss4809","status":"publish","type":"product","link":"https:\/\/staviori.com.pl\/de\/product\/srebrny-pierscionek-sss4809\/","title":{"rendered":"Runder Silberring | 925 geb\u00fcrstetes Silber"},"content":{"rendered":"<p>Model: SSS4809<br \/>\nWaga ok. 3,50g<\/p>\n<p>Ring.<br \/>\n0,925 Silber.<br \/>\n\u015arednica korony ok. 15.20 mm.<br \/>\nSzeroko\u015b\u0107 obr\u0105czki ok. 2.70 mm.<\/p>\n<p>Dost\u0119pny rozmiar: 12<\/p>","protected":false},"excerpt":{"rendered":"<p>Nowoczesny pier\u015bcionek ze srebra pr\u00f3by 0,925 o geometrycznej formie. Du\u017ca, matowa korona o \u015brednicy 15 mm pi\u0119knie kontrastuje z l\u015bni\u0105c\u0105, g\u0142adk\u0105 obr\u0105czk\u0105, tworz\u0105c niepowtarzalny efekt. Idealny wyb\u00f3r dla kobiet, kt\u00f3re ceni\u0105 sobie minimalistyczny, a zarazem odwa\u017cny styl. Ten model doskonale sprawdzi si\u0119 zar\u00f3wno na co dzie\u0144, jak i jako nietuzinkowy dodatek do wieczorowej kreacji.<\/p>\n<p>Dost\u0119pny tylko rozmiar: 12<\/p>","protected":false},"featured_media":7581,"comment_status":"closed","ping_status":"closed","template":"","meta":{"om_disable_all_campaigns":false},"product_brand":[2284],"product_cat":[801,2206,1817],"product_tag":[3932,5863,2384,5865,4829,5860,5864,5862,5304,5861],"class_list":{"0":"post-15667","1":"product","2":"type-product","3":"status-publish","4":"has-post-thumbnail","6":"product_brand-staviori","7":"product_cat-pierscionki","8":"product_cat-srebrny-pierscionek","9":"product_cat-srebro-2","10":"product_tag-3932","11":"product_tag-minimalisticky-prsten-stribrny","12":"product_tag-minimalistyczna-bizuteria","13":"product_tag-nowoczesny-pierscionek-srebrny","14":"product_tag-pierscionek-geometryczny","15":"product_tag-pierscionek-srebro-0","16":"product_tag-silberring-925-minimalistisch","17":"product_tag-silver-ring-minimalist","18":"product_tag-srebrny-pierscionek","19":"product_tag-srebro-925-ring","20":"pa_dostawca-karen-silver","21":"pa_kruszec-srebro","22":"pa_kruszec-srebro-szczotkowane","23":"pa_proba-0-925","24":"pa_rozmiar-2352","25":"pa_srednica-korony-ok-15-20mm","26":"pa_szerokosc-obraczki-ok-2-70mm","27":"pa_waga-350g","29":"first","30":"instock","31":"sale","32":"purchasable","33":"product-type-variable","34":"has-default-attributes"},"aioseo_notices":[],"_links":{"self":[{"href":"https:\/\/staviori.com.pl\/de\/wp-json\/wp\/v2\/product\/15667","targetHints":{"allow":["GET"]}}],"collection":[{"href":"https:\/\/staviori.com.pl\/de\/wp-json\/wp\/v2\/product"}],"about":[{"href":"https:\/\/staviori.com.pl\/de\/wp-json\/wp\/v2\/types\/product"}],"replies":[{"embeddable":true,"href":"https:\/\/staviori.com.pl\/de\/wp-json\/wp\/v2\/comments?post=15667"}],"wp:featuredmedia":[{"embeddable":true,"href":"https:\/\/staviori.com.pl\/de\/wp-json\/wp\/v2\/media\/7581"}],"wp:attachment":[{"href":"https:\/\/staviori.com.pl\/de\/wp-json\/wp\/v2\/media?parent=15667"}],"wp:term":[{"taxonomy":"product_brand","embeddable":true,"href":"https:\/\/staviori.com.pl\/de\/wp-json\/wp\/v2\/product_brand?post=15667"},{"taxonomy":"product_cat","embeddable":true,"href":"https:\/\/staviori.com.pl\/de\/wp-json\/wp\/v2\/product_cat?post=15667"},{"taxonomy":"product_tag","embeddable":true,"href":"https:\/\/staviori.com.pl\/de\/wp-json\/wp\/v2\/product_tag?post=15667"}],"curies":[{"name":"wp","href":"https:\/\/api.w.org\/{rel}","templated":true}]}}