{"id":15661,"date":"2025-02-24T22:49:28","date_gmt":"2025-02-24T21:49:28","guid":{"rendered":"https:\/\/staviori.com.pl\/product\/srebrne-kolczyki-sss4780\/"},"modified":"2026-04-24T10:55:25","modified_gmt":"2026-04-24T08:55:25","slug":"srebrne-kolczyki-sss4780","status":"publish","type":"product","link":"https:\/\/staviori.com.pl\/de\/product\/srebrne-kolczyki-sss4780\/","title":{"rendered":"925 geb\u00fcrstetes Silber Kreis Ohrringe"},"content":{"rendered":"<p>Model: SSS4780<br \/>\nWaga ok. 1,10g<\/p>\n<p>Ohrringe.<br \/>\n0,925 Silber.<br \/>\n\u015arednica 9 mm.<\/p>\n<p>Pi\u0119kne i wyraziste kolczyki. Szczotkowane srebro daje spektakularny efekt wizualny. Te kolczyki, jak i ca\u0142y komplet s\u0105 absolutnie rewelacyjne.<\/p>","protected":false},"excerpt":{"rendered":"<p>Minimalistyczne kolczyki wykonane ze srebra pr\u00f3by 0,925 o \u015brednicy 9 mm. Otwarty, okr\u0105g\u0142y kszta\u0142t oraz szczotkowane wyko\u0144czenie powierzchni nadaj\u0105 im nowoczesny charakter i wyj\u0105tkowy blask. To doskona\u0142y wyb\u00f3r dla kobiet ceni\u0105cych prostot\u0119, elegancj\u0119 i uniwersalny design pasuj\u0105cy do ka\u017cdej stylizacji.<\/p>","protected":false},"featured_media":7521,"comment_status":"closed","ping_status":"closed","template":"","meta":{"om_disable_all_campaigns":false},"product_brand":[2284],"product_cat":[199,1818,1817],"product_tag":[5823,5821,2317,3158,2682,3197,3623,1396,5822,3845,5825,5826,5768,5820,3159,2427,5824],"class_list":{"0":"post-15661","1":"product","2":"type-product","3":"status-publish","4":"has-post-thumbnail","6":"product_brand-staviori","7":"product_cat-kolczyki","8":"product_cat-srebrne-kolczyki","9":"product_cat-srebro-2","10":"product_tag-brushed-silver","11":"product_tag-circle-earrings","12":"product_tag-elegancka-bizuteria","13":"product_tag-kolczyki-geometryczne","14":"product_tag-kolczyki-kola","15":"product_tag-kolczyki-minimalistyczne","16":"product_tag-kolczyki-okragle","17":"product_tag-kolczyki-srebrne","18":"product_tag-minimalist-earrings","19":"product_tag-minimalisticke-sperky","20":"product_tag-nausnice-kruhy","21":"product_tag-ohrringe-silber","22":"product_tag-schmuck-silber-925","23":"product_tag-silver-earrings","24":"product_tag-srebrne-kolczyki-damskie","25":"product_tag-srebro-925","26":"product_tag-stribrne-nausnice","27":"pa_dostawca-karen-silver","28":"pa_kruszec-srebro","29":"pa_proba-0-925","30":"pa_srednica-9mm","31":"pa_waga-110g","33":"first","34":"instock","35":"purchasable","36":"product-type-simple"},"aioseo_notices":[],"_links":{"self":[{"href":"https:\/\/staviori.com.pl\/de\/wp-json\/wp\/v2\/product\/15661","targetHints":{"allow":["GET"]}}],"collection":[{"href":"https:\/\/staviori.com.pl\/de\/wp-json\/wp\/v2\/product"}],"about":[{"href":"https:\/\/staviori.com.pl\/de\/wp-json\/wp\/v2\/types\/product"}],"replies":[{"embeddable":true,"href":"https:\/\/staviori.com.pl\/de\/wp-json\/wp\/v2\/comments?post=15661"}],"wp:featuredmedia":[{"embeddable":true,"href":"https:\/\/staviori.com.pl\/de\/wp-json\/wp\/v2\/media\/7521"}],"wp:attachment":[{"href":"https:\/\/staviori.com.pl\/de\/wp-json\/wp\/v2\/media?parent=15661"}],"wp:term":[{"taxonomy":"product_brand","embeddable":true,"href":"https:\/\/staviori.com.pl\/de\/wp-json\/wp\/v2\/product_brand?post=15661"},{"taxonomy":"product_cat","embeddable":true,"href":"https:\/\/staviori.com.pl\/de\/wp-json\/wp\/v2\/product_cat?post=15661"},{"taxonomy":"product_tag","embeddable":true,"href":"https:\/\/staviori.com.pl\/de\/wp-json\/wp\/v2\/product_tag?post=15661"}],"curies":[{"name":"wp","href":"https:\/\/api.w.org\/{rel}","templated":true}]}}