{"id":15649,"date":"2025-02-24T22:49:24","date_gmt":"2025-02-24T21:49:24","guid":{"rendered":"https:\/\/staviori.com.pl\/product\/srebrna-broszka-rsm3284\/"},"modified":"2026-04-02T09:30:41","modified_gmt":"2026-04-02T07:30:41","slug":"srebrna-broszka-rsm3284","status":"publish","type":"product","link":"https:\/\/staviori.com.pl\/de\/product\/srebrna-broszka-rsm3284\/","title":{"rendered":"Silberbrosche - Libelle - mit Emaille und Markasiten"},"content":{"rendered":"<p>Model: RSM3284<br \/>\nWaga ok. 9,90g<\/p>\n<p>Brosche.<br \/>\n0,925 Silber.<br \/>\nMarkasiten.<br \/>\nSchmelz.<\/p>\n<p>Wymiary 48&#215;64 mm.<\/p>","protected":false},"excerpt":{"rendered":"<p>Zachwycaj\u0105ca broszka w kszta\u0142cie wa\u017cki, wykonana ze srebra pr\u00f3by 0,925. Skrzyd\u0142a ozdobione barwn\u0105 emali\u0105 w \u017cywych odcieniach turkusu, r\u00f3\u017cu, czerwieni i \u017c\u00f3\u0142ci pi\u0119knie kontrastuj\u0105 z po\u0142yskiem markazyt\u00f3w. Precyzyjne detale i artystyczne wyko\u0144czenie sprawiaj\u0105, \u017ce broszka prezentuje si\u0119 niezwykle elegancko i oryginalnie. To idealny dodatek, kt\u00f3ry doda wyj\u0105tkowego charakteru ka\u017cdej stylizacji.<\/p>","protected":false},"featured_media":21138,"comment_status":"closed","ping_status":"closed","template":"","meta":{"om_disable_all_campaigns":false},"product_brand":[2284,2350],"product_cat":[2233,2235,1817],"product_tag":[2907,5779,5672,5776,5675,5674,5778,5777,5767,5677,5763,4118,5768,5676,2427,5766,5775],"class_list":{"0":"post-15649","1":"product","2":"type-product","3":"status-publish","4":"has-post-thumbnail","6":"product_brand-staviori","7":"product_brand-verona","8":"product_cat-broszki-3","9":"product_cat-srebrna-broszka","10":"product_cat-srebro-2","11":"product_tag-bizuteria-artystyczna","12":"product_tag-brosche-libelle","13":"product_tag-broszka-srebrna","14":"product_tag-broszka-wazka","15":"product_tag-broszka-z-emalia","16":"product_tag-broszka-z-markazytami","17":"product_tag-broz-vazka","18":"product_tag-dragonfly-brooch","19":"product_tag-emailova-broz","20":"product_tag-enamel-brooch","21":"product_tag-kolorowa-broszka","22":"product_tag-marcasite-jewelry","23":"product_tag-schmuck-silber-925","24":"product_tag-silver-brooch","25":"product_tag-srebro-925","26":"product_tag-stribrna-broz","27":"product_tag-wazka","28":"pa_kamien-emalia","29":"pa_kamien-markazyty","30":"pa_kruszec-srebro","31":"pa_motyw-owad","32":"pa_motyw-wazka","33":"pa_proba-0-925","34":"pa_waga-990g","35":"pa_wymiary-48x64mm","37":"first","38":"instock","39":"purchasable","40":"product-type-simple"},"aioseo_notices":[],"_links":{"self":[{"href":"https:\/\/staviori.com.pl\/de\/wp-json\/wp\/v2\/product\/15649","targetHints":{"allow":["GET"]}}],"collection":[{"href":"https:\/\/staviori.com.pl\/de\/wp-json\/wp\/v2\/product"}],"about":[{"href":"https:\/\/staviori.com.pl\/de\/wp-json\/wp\/v2\/types\/product"}],"replies":[{"embeddable":true,"href":"https:\/\/staviori.com.pl\/de\/wp-json\/wp\/v2\/comments?post=15649"}],"wp:featuredmedia":[{"embeddable":true,"href":"https:\/\/staviori.com.pl\/de\/wp-json\/wp\/v2\/media\/21138"}],"wp:attachment":[{"href":"https:\/\/staviori.com.pl\/de\/wp-json\/wp\/v2\/media?parent=15649"}],"wp:term":[{"taxonomy":"product_brand","embeddable":true,"href":"https:\/\/staviori.com.pl\/de\/wp-json\/wp\/v2\/product_brand?post=15649"},{"taxonomy":"product_cat","embeddable":true,"href":"https:\/\/staviori.com.pl\/de\/wp-json\/wp\/v2\/product_cat?post=15649"},{"taxonomy":"product_tag","embeddable":true,"href":"https:\/\/staviori.com.pl\/de\/wp-json\/wp\/v2\/product_tag?post=15649"}],"curies":[{"name":"wp","href":"https:\/\/api.w.org\/{rel}","templated":true}]}}