{"id":15647,"date":"2025-02-24T22:49:24","date_gmt":"2025-02-24T21:49:24","guid":{"rendered":"https:\/\/staviori.com.pl\/product\/srebrna-broszka-rsm3282\/"},"modified":"2026-02-11T00:09:23","modified_gmt":"2026-02-10T23:09:23","slug":"srebrna-broszka-rsm3282","status":"publish","type":"product","link":"https:\/\/staviori.com.pl\/de\/product\/srebrna-broszka-rsm3282\/","title":{"rendered":"silberne Schmetterlingsbrosche mit Emaille und Markasiten"},"content":{"rendered":"<p>Model: RSM3282<br \/>\nWaga ok. 9,00g<\/p>\n<p>Brosche.<br \/>\n0,925 Silber.<br \/>\nMarkasiten.<br \/>\nSchmelz.<\/p>\n<p>Wymiary 24&#215;64 mm.<\/p>","protected":false},"excerpt":{"rendered":"<p>Oryginalna broszka w kszta\u0142cie motyla wykonana ze srebra pr\u00f3by 0,925. Barwna emalia w po\u0142\u0105czeniu z po\u0142yskuj\u0105cymi markazytami tworzy efekt niezwykle elegancki i przyci\u0105gaj\u0105cy wzrok. Centralnym punktem ozdoby jest intensywnie fioletowy kamie\u0144, kt\u00f3ry dodaje ca\u0142o\u015bci szlachetno\u015bci i wyj\u0105tkowego charakteru. Idealny wyb\u00f3r dla kobiet ceni\u0105cych unikaln\u0105 bi\u017cuteri\u0119 z artystycznym akcentem.<\/p>","protected":false},"featured_media":21130,"comment_status":"closed","ping_status":"closed","template":"","meta":{"om_disable_all_campaigns":false},"product_brand":[2284,2350],"product_cat":[2233,2235,1817],"product_tag":[2907,5769,5672,5675,5764,5674,5765,5696,5767,5677,5763,4118,2493,5768,5676,2427,5766],"class_list":{"0":"post-15647","1":"product","2":"type-product","3":"status-publish","4":"has-post-thumbnail","6":"product_brand-staviori","7":"product_brand-verona","8":"product_cat-broszki-3","9":"product_cat-srebrna-broszka","10":"product_cat-srebro-2","11":"product_tag-bizuteria-artystyczna","12":"product_tag-brosche-schmetterling","13":"product_tag-broszka-srebrna","14":"product_tag-broszka-z-emalia","15":"product_tag-broszka-z-fioletowym-kamieniem","16":"product_tag-broszka-z-markazytami","17":"product_tag-broz-motyl","18":"product_tag-butterfly-brooch","19":"product_tag-emailova-broz","20":"product_tag-enamel-brooch","21":"product_tag-kolorowa-broszka","22":"product_tag-marcasite-jewelry","23":"product_tag-motyl","24":"product_tag-schmuck-silber-925","25":"product_tag-silver-brooch","26":"product_tag-srebro-925","27":"product_tag-stribrna-broz","28":"pa_dostawca-verona","29":"pa_kamien-emalia","30":"pa_kamien-markazyty","31":"pa_kruszec-srebro","32":"pa_motyw-motylek","33":"pa_proba-0-925","34":"pa_waga-910g","35":"pa_wymiary-63x26mm","37":"first","38":"instock","39":"purchasable","40":"product-type-simple"},"aioseo_notices":[],"_links":{"self":[{"href":"https:\/\/staviori.com.pl\/de\/wp-json\/wp\/v2\/product\/15647","targetHints":{"allow":["GET"]}}],"collection":[{"href":"https:\/\/staviori.com.pl\/de\/wp-json\/wp\/v2\/product"}],"about":[{"href":"https:\/\/staviori.com.pl\/de\/wp-json\/wp\/v2\/types\/product"}],"replies":[{"embeddable":true,"href":"https:\/\/staviori.com.pl\/de\/wp-json\/wp\/v2\/comments?post=15647"}],"wp:featuredmedia":[{"embeddable":true,"href":"https:\/\/staviori.com.pl\/de\/wp-json\/wp\/v2\/media\/21130"}],"wp:attachment":[{"href":"https:\/\/staviori.com.pl\/de\/wp-json\/wp\/v2\/media?parent=15647"}],"wp:term":[{"taxonomy":"product_brand","embeddable":true,"href":"https:\/\/staviori.com.pl\/de\/wp-json\/wp\/v2\/product_brand?post=15647"},{"taxonomy":"product_cat","embeddable":true,"href":"https:\/\/staviori.com.pl\/de\/wp-json\/wp\/v2\/product_cat?post=15647"},{"taxonomy":"product_tag","embeddable":true,"href":"https:\/\/staviori.com.pl\/de\/wp-json\/wp\/v2\/product_tag?post=15647"}],"curies":[{"name":"wp","href":"https:\/\/api.w.org\/{rel}","templated":true}]}}