{"id":15646,"date":"2025-02-24T22:49:24","date_gmt":"2025-02-24T21:49:24","guid":{"rendered":"https:\/\/staviori.com.pl\/product\/srebrna-broszka-rdm5525\/"},"modified":"2026-02-23T13:28:49","modified_gmt":"2026-02-23T12:28:49","slug":"srebrna-broszka-rdm5525","status":"publish","type":"product","link":"https:\/\/staviori.com.pl\/de\/product\/srebrna-broszka-rdm5525\/","title":{"rendered":"Silberne Geigenbrosche mit Markasiten"},"content":{"rendered":"<p>Model: RDM5525<br \/>\nWaga ok. 7,90g<\/p>\n<p>Brosche.<br \/>\n0,925 Silber.<br \/>\nMarkasiten.<\/p>\n<p>D\u0142ugo\u015b\u0107 50 mm.<br \/>\nSzeroko\u015b\u0107 17 mm.<br \/>\nGrubo\u015b\u0107 7 mm.<\/p>\n<p>Skrzypce<\/p>","protected":false},"excerpt":{"rendered":"<p>Oryginalna broszka w kszta\u0142cie skrzypiec, wykonana ze srebra pr\u00f3by 0,925 i ozdobiona po\u0142yskuj\u0105cymi markazytami. Precyzyjne detale nadaj\u0105 jej niezwyk\u0142ego charakteru i czyni\u0105 z niej idealny dodatek dla mi\u0142o\u015bnik\u00f3w muzyki i eleganckich, artystycznych akcent\u00f3w. Doskona\u0142a, aby podkre\u015bli\u0107 wyj\u0105tkowy styl i pasj\u0119.<\/p>","protected":false},"featured_media":21126,"comment_status":"closed","ping_status":"closed","template":"","meta":{"om_disable_all_campaigns":false},"product_brand":[2284],"product_cat":[2233,2235,1817],"product_tag":[5757,5756,5672,5674,5723,5760,5725,5728,5759,5676,2427,5758],"class_list":{"0":"post-15646","1":"product","2":"type-product","3":"status-publish","4":"has-post-thumbnail","6":"product_brand-staviori","7":"product_cat-broszki-3","8":"product_cat-srebrna-broszka","9":"product_cat-srebro-2","10":"product_tag-broszka-muzyczna","11":"product_tag-broszka-skrzypce","12":"product_tag-broszka-srebrna","13":"product_tag-broszka-z-markazytami","14":"product_tag-elegancka-broszka","15":"product_tag-geigenbrosche","16":"product_tag-marcasite-brooch","17":"product_tag-markasitbrosche","18":"product_tag-musikbrosche","19":"product_tag-silver-brooch","20":"product_tag-srebro-925","21":"product_tag-violin-brooch","22":"pa_dlugosc-50mm","23":"pa_dostawca-markazyty-hong","24":"pa_kamien-markazyty","25":"pa_kruszec-srebro","26":"pa_motyw-instrument","27":"pa_motyw-muzyka","28":"pa_motyw-skrzypce","29":"pa_proba-0-925","30":"pa_szerokosc-17mm","31":"pa_waga-790g","33":"first","34":"instock","35":"purchasable","36":"product-type-simple"},"aioseo_notices":[],"_links":{"self":[{"href":"https:\/\/staviori.com.pl\/de\/wp-json\/wp\/v2\/product\/15646","targetHints":{"allow":["GET"]}}],"collection":[{"href":"https:\/\/staviori.com.pl\/de\/wp-json\/wp\/v2\/product"}],"about":[{"href":"https:\/\/staviori.com.pl\/de\/wp-json\/wp\/v2\/types\/product"}],"replies":[{"embeddable":true,"href":"https:\/\/staviori.com.pl\/de\/wp-json\/wp\/v2\/comments?post=15646"}],"wp:featuredmedia":[{"embeddable":true,"href":"https:\/\/staviori.com.pl\/de\/wp-json\/wp\/v2\/media\/21126"}],"wp:attachment":[{"href":"https:\/\/staviori.com.pl\/de\/wp-json\/wp\/v2\/media?parent=15646"}],"wp:term":[{"taxonomy":"product_brand","embeddable":true,"href":"https:\/\/staviori.com.pl\/de\/wp-json\/wp\/v2\/product_brand?post=15646"},{"taxonomy":"product_cat","embeddable":true,"href":"https:\/\/staviori.com.pl\/de\/wp-json\/wp\/v2\/product_cat?post=15646"},{"taxonomy":"product_tag","embeddable":true,"href":"https:\/\/staviori.com.pl\/de\/wp-json\/wp\/v2\/product_tag?post=15646"}],"curies":[{"name":"wp","href":"https:\/\/api.w.org\/{rel}","templated":true}]}}