{"id":15645,"date":"2025-02-24T22:49:24","date_gmt":"2025-02-24T21:49:24","guid":{"rendered":"https:\/\/staviori.com.pl\/product\/srebrna-broszka-rdm5179\/"},"modified":"2026-03-19T11:26:00","modified_gmt":"2026-03-19T10:26:00","slug":"srebrna-broszka-rdm5179","status":"publish","type":"product","link":"https:\/\/staviori.com.pl\/de\/product\/srebrna-broszka-rdm5179\/","title":{"rendered":"Silberne Schleifenbrosche mit Markasiten - ein Symbol der Solidarit\u00e4t mit Frauen"},"content":{"rendered":"<p>Model: RDM5179<br \/>\nWaga ok. 4,80g<\/p>\n<p>Brosche.<br \/>\n0,925 Silber.<br \/>\nMarkasiten.<\/p>\n<p>Wymiary 30&#215;20 mm.<\/p>","protected":false},"excerpt":{"rendered":"<p>Subtelna broszka w kszta\u0142cie klasycznej wst\u0105\u017cki, wykonana ze srebra pr\u00f3by\u202f0,925 i zdobiona l\u015bni\u0105cymi markazytami. Prosty, ale wyrazisty symbol\u2014wst\u0105\u017cka w kontek\u015bcie kobiecym najcz\u0119\u015bciej kojarzona jest z solidarno\u015bci\u0105, wsparciem i podnoszeniem \u015bwiadomo\u015bci, zw\u0142aszcza w odniesieniu do walki z rakiem piersi<\/p>","protected":false},"featured_media":7488,"comment_status":"closed","ping_status":"closed","template":"","meta":{"om_disable_all_campaigns":false},"product_brand":[2284],"product_cat":[2233,2235,1817],"product_tag":[5672,5732,5725,5728,2425,5750,5733,5676,5752,5751,2427,5749],"class_list":{"0":"post-15645","1":"product","2":"type-product","3":"status-publish","4":"has-post-thumbnail","6":"product_brand-staviori","7":"product_cat-broszki-3","8":"product_cat-srebrna-broszka","9":"product_cat-srebro-2","10":"product_tag-broszka-srebrna","11":"product_tag-broszka-wstazka","12":"product_tag-marcasite-brooch","13":"product_tag-markasitbrosche","14":"product_tag-markazyty","15":"product_tag-ribbon-brooch","16":"product_tag-schleifenbrosche","17":"product_tag-silver-brooch","18":"product_tag-solidaritatsbrosche","19":"product_tag-solidarity-ribbon-brooch","20":"product_tag-srebro-925","21":"product_tag-symbol-solidarnosci","22":"pa_dostawca-markazyty-hong","23":"pa_kamien-markazyty","24":"pa_kruszec-srebro","25":"pa_motyw-wstazka","26":"pa_proba-0-925","27":"pa_waga-480g","28":"pa_wymiary-30x20mm","30":"first","31":"instock","32":"purchasable","33":"product-type-simple"},"aioseo_notices":[],"_links":{"self":[{"href":"https:\/\/staviori.com.pl\/de\/wp-json\/wp\/v2\/product\/15645","targetHints":{"allow":["GET"]}}],"collection":[{"href":"https:\/\/staviori.com.pl\/de\/wp-json\/wp\/v2\/product"}],"about":[{"href":"https:\/\/staviori.com.pl\/de\/wp-json\/wp\/v2\/types\/product"}],"replies":[{"embeddable":true,"href":"https:\/\/staviori.com.pl\/de\/wp-json\/wp\/v2\/comments?post=15645"}],"wp:featuredmedia":[{"embeddable":true,"href":"https:\/\/staviori.com.pl\/de\/wp-json\/wp\/v2\/media\/7488"}],"wp:attachment":[{"href":"https:\/\/staviori.com.pl\/de\/wp-json\/wp\/v2\/media?parent=15645"}],"wp:term":[{"taxonomy":"product_brand","embeddable":true,"href":"https:\/\/staviori.com.pl\/de\/wp-json\/wp\/v2\/product_brand?post=15645"},{"taxonomy":"product_cat","embeddable":true,"href":"https:\/\/staviori.com.pl\/de\/wp-json\/wp\/v2\/product_cat?post=15645"},{"taxonomy":"product_tag","embeddable":true,"href":"https:\/\/staviori.com.pl\/de\/wp-json\/wp\/v2\/product_tag?post=15645"}],"curies":[{"name":"wp","href":"https:\/\/api.w.org\/{rel}","templated":true}]}}