{"id":15644,"date":"2025-02-24T22:49:24","date_gmt":"2025-02-24T21:49:24","guid":{"rendered":"https:\/\/staviori.com.pl\/product\/srebrna-broszka-rdm4907\/"},"modified":"2026-02-11T00:09:23","modified_gmt":"2026-02-10T23:09:23","slug":"srebrna-broszka-rdm4907","status":"publish","type":"product","link":"https:\/\/staviori.com.pl\/de\/product\/srebrna-broszka-rdm4907\/","title":{"rendered":"Silberne Tukan-Brosche mit Onyx, Granaten und Markasiten"},"content":{"rendered":"<p>Model: RDM4907<br \/>\nGewicht ca. 11,20g<\/p>\n<p>Brosche.<br \/>\n0,925 Silber.<br \/>\nMarkasiten.<br \/>\nOnyx.<br \/>\nGranat.<br \/>\nMo\u017ce by\u0107 u\u017cywana jako wisiorek.<\/p>\n<p>D\u0142ugo\u015b\u0107 45 mm.<br \/>\nSzeroko\u015b\u0107 33 mm.<\/p>","protected":false},"excerpt":{"rendered":"<p>Efektowna broszka w kszta\u0142cie egzotycznego ptaka, wykonana ze srebra pr\u00f3by 0,925. Skrzyd\u0142a zdobi\u0105 g\u0142adkie onyksy o g\u0142\u0119bokiej czerni, a dzi\u00f3b oraz oko roz\u015bwietlaj\u0105 czerwone granaty. Ca\u0142o\u015b\u0107 uzupe\u0142niaj\u0105 l\u015bni\u0105ce markazyty, kt\u00f3re dodaj\u0105 eleganckiego blasku i podkre\u015blaj\u0105 misterne detale. Bi\u017cuteria pe\u0142na charakteru, kt\u00f3r\u0105 mo\u017cna nosi\u0107 tak\u017ce jako wisiorek.<\/p>","protected":false},"featured_media":21122,"comment_status":"closed","ping_status":"closed","template":"","meta":{"om_disable_all_campaigns":false},"product_brand":[2284],"product_cat":[2233,2235,1817],"product_tag":[5673,5672,5740,5674,5722,5723,5746,5729,5731,5725,5728,5724,5727,5741,5676,2427,5747,5730,5744],"class_list":{"0":"post-15644","1":"product","2":"type-product","3":"status-publish","4":"has-post-thumbnail","6":"product_brand-staviori","7":"product_cat-broszki-3","8":"product_cat-srebrna-broszka","9":"product_cat-srebro-2","10":"product_tag-broszka-ptak","11":"product_tag-broszka-srebrna","12":"product_tag-broszka-z-granatami","13":"product_tag-broszka-z-markazytami","14":"product_tag-broszka-z-onyksami","15":"product_tag-elegancka-broszka","16":"product_tag-exotic-bird-brooch","17":"product_tag-garnet-brooch","18":"product_tag-granatbrosche","19":"product_tag-marcasite-brooch","20":"product_tag-markasitbrosche","21":"product_tag-onyx-brooch","22":"product_tag-onyxbrosche","23":"product_tag-owl-brooch","24":"product_tag-silver-brooch","25":"product_tag-srebro-925","26":"product_tag-tukan","27":"product_tag-vogelbrosche","28":"product_tag-wisiorek-srebrny","29":"pa_dlugosc-45mm","30":"pa_dostawca-markazyty-hong","31":"pa_kamien-markazyty","32":"pa_kruszec-srebro","33":"pa_motyw-ptak","34":"pa_proba-0-925","35":"pa_szerokosc-33mm","36":"pa_waga-1120g","38":"first","39":"instock","40":"purchasable","41":"product-type-simple"},"aioseo_notices":[],"_links":{"self":[{"href":"https:\/\/staviori.com.pl\/de\/wp-json\/wp\/v2\/product\/15644","targetHints":{"allow":["GET"]}}],"collection":[{"href":"https:\/\/staviori.com.pl\/de\/wp-json\/wp\/v2\/product"}],"about":[{"href":"https:\/\/staviori.com.pl\/de\/wp-json\/wp\/v2\/types\/product"}],"replies":[{"embeddable":true,"href":"https:\/\/staviori.com.pl\/de\/wp-json\/wp\/v2\/comments?post=15644"}],"wp:featuredmedia":[{"embeddable":true,"href":"https:\/\/staviori.com.pl\/de\/wp-json\/wp\/v2\/media\/21122"}],"wp:attachment":[{"href":"https:\/\/staviori.com.pl\/de\/wp-json\/wp\/v2\/media?parent=15644"}],"wp:term":[{"taxonomy":"product_brand","embeddable":true,"href":"https:\/\/staviori.com.pl\/de\/wp-json\/wp\/v2\/product_brand?post=15644"},{"taxonomy":"product_cat","embeddable":true,"href":"https:\/\/staviori.com.pl\/de\/wp-json\/wp\/v2\/product_cat?post=15644"},{"taxonomy":"product_tag","embeddable":true,"href":"https:\/\/staviori.com.pl\/de\/wp-json\/wp\/v2\/product_tag?post=15644"}],"curies":[{"name":"wp","href":"https:\/\/api.w.org\/{rel}","templated":true}]}}