{"id":15639,"date":"2025-02-24T22:49:24","date_gmt":"2025-02-24T21:49:24","guid":{"rendered":"https:\/\/staviori.com.pl\/product\/srebrna-broszka-rdm3439\/"},"modified":"2026-02-11T00:09:23","modified_gmt":"2026-02-10T23:09:23","slug":"srebrna-broszka-rdm3439","status":"publish","type":"product","link":"https:\/\/staviori.com.pl\/de\/product\/srebrna-broszka-rdm3439\/","title":{"rendered":"Silberne Schmetterlingsbrosche mit Onyx und Markasiten"},"content":{"rendered":"<p>Modell: RDM3439<br \/>\nGewicht ca. 11,20g<\/p>\n<p>Brosche.<br \/>\n0,925 rhodiniertes Silber.<br \/>\nMarkasiten.<br \/>\nOnyx.<\/p>\n<p>Abmessungen 36\u00d750 mm.<\/p>","protected":false},"excerpt":{"rendered":"<p>Eine bezaubernde Brosche in Form eines Schmetterlings aus rhodiniertem Sterlingsilber. Die Fl\u00fcgel sind mit intensiven schwarzen Onyxen besetzt, die einen sch\u00f6nen Kontrast zu gl\u00e4nzenden Markasiten bilden. Die detaillierte Verarbeitung und der elegante Glanz machen die Brosche zu einem einzigartigen Schmuckst\u00fcck, das jedem Styling Stil und Charakter verleiht.<\/p>","protected":false},"featured_media":7451,"comment_status":"closed","ping_status":"closed","template":"","meta":{"om_disable_all_campaigns":false},"product_brand":[2284],"product_cat":[2233,2235,1817],"product_tag":[5694,5672,5674,5722,5696,5723,5725,5728,5724,5727,5734,5676,2427],"class_list":{"0":"post-15639","1":"product","2":"type-product","3":"status-publish","4":"has-post-thumbnail","6":"product_brand-staviori","7":"product_cat-broszki-3","8":"product_cat-srebrna-broszka","9":"product_cat-srebro-2","10":"product_tag-broszka-motyl","11":"product_tag-broszka-srebrna","12":"product_tag-broszka-z-markazytami","13":"product_tag-broszka-z-onyksami","14":"product_tag-butterfly-brooch","15":"product_tag-elegancka-broszka","16":"product_tag-marcasite-brooch","17":"product_tag-markasitbrosche","18":"product_tag-onyx-brooch","19":"product_tag-onyxbrosche","20":"product_tag-schmetterlingsbrosche","21":"product_tag-silver-brooch","22":"product_tag-srebro-925","23":"pa_dostawca-markazyty-hong","24":"pa_kamien-markazyty","25":"pa_kamien-onyks","26":"pa_kruszec-srebro-rodowane","27":"pa_motyw-motylek","28":"pa_proba-0-925","29":"pa_waga-1120g","30":"pa_wymiary-36x50mm","32":"first","33":"instock","34":"purchasable","35":"product-type-simple"},"aioseo_notices":[],"_links":{"self":[{"href":"https:\/\/staviori.com.pl\/de\/wp-json\/wp\/v2\/product\/15639","targetHints":{"allow":["GET"]}}],"collection":[{"href":"https:\/\/staviori.com.pl\/de\/wp-json\/wp\/v2\/product"}],"about":[{"href":"https:\/\/staviori.com.pl\/de\/wp-json\/wp\/v2\/types\/product"}],"replies":[{"embeddable":true,"href":"https:\/\/staviori.com.pl\/de\/wp-json\/wp\/v2\/comments?post=15639"}],"wp:featuredmedia":[{"embeddable":true,"href":"https:\/\/staviori.com.pl\/de\/wp-json\/wp\/v2\/media\/7451"}],"wp:attachment":[{"href":"https:\/\/staviori.com.pl\/de\/wp-json\/wp\/v2\/media?parent=15639"}],"wp:term":[{"taxonomy":"product_brand","embeddable":true,"href":"https:\/\/staviori.com.pl\/de\/wp-json\/wp\/v2\/product_brand?post=15639"},{"taxonomy":"product_cat","embeddable":true,"href":"https:\/\/staviori.com.pl\/de\/wp-json\/wp\/v2\/product_cat?post=15639"},{"taxonomy":"product_tag","embeddable":true,"href":"https:\/\/staviori.com.pl\/de\/wp-json\/wp\/v2\/product_tag?post=15639"}],"curies":[{"name":"wp","href":"https:\/\/api.w.org\/{rel}","templated":true}]}}