{"id":15638,"date":"2025-02-24T22:49:24","date_gmt":"2025-02-24T21:49:24","guid":{"rendered":"https:\/\/staviori.com.pl\/product\/srebrna-broszka-rdm3438\/"},"modified":"2026-02-11T00:09:23","modified_gmt":"2026-02-10T23:09:23","slug":"srebrna-broszka-rdm3438","status":"publish","type":"product","link":"https:\/\/staviori.com.pl\/de\/product\/srebrna-broszka-rdm3438\/","title":{"rendered":"Silberbrosche mit Onyx und Markasiten"},"content":{"rendered":"<p>Model: RDM3438<br \/>\nGewicht ca. 11,20g<\/p>\n<p>Brosche.<br \/>\n0,925 rhodiniertes Silber.<br \/>\nMarkasiten.<br \/>\nOnyx.<\/p>\n<p>Wymiary 21&#215;69 mm.<\/p>","protected":false},"excerpt":{"rendered":"<p>Elegancka broszka w kszta\u0142cie fantazyjnej wst\u0105\u017cki, wykonana z rodowanego srebra pr\u00f3by 0,925. Jej centrum zdobi g\u0142\u0119boki, czarny onyks, otoczony migocz\u0105cymi markazytami, kt\u00f3re podkre\u015blaj\u0105 finezyjne detale ozdoby. Subtelne po\u0142\u0105czenie po\u0142ysku i kontrastu sprawia, \u017ce broszka jest wyj\u0105tkowym dodatkiem zar\u00f3wno do codziennych, jak i wieczorowych stylizacji.<\/p>","protected":false},"featured_media":7444,"comment_status":"closed","ping_status":"closed","template":"","meta":{"om_disable_all_campaigns":false},"product_brand":[2284],"product_cat":[2233,2235,1817],"product_tag":[5672,5732,5674,5722,5723,5725,5728,5724,5727,5733,5676,2427],"class_list":{"0":"post-15638","1":"product","2":"type-product","3":"status-publish","4":"has-post-thumbnail","6":"product_brand-staviori","7":"product_cat-broszki-3","8":"product_cat-srebrna-broszka","9":"product_cat-srebro-2","10":"product_tag-broszka-srebrna","11":"product_tag-broszka-wstazka","12":"product_tag-broszka-z-markazytami","13":"product_tag-broszka-z-onyksami","14":"product_tag-elegancka-broszka","15":"product_tag-marcasite-brooch","16":"product_tag-markasitbrosche","17":"product_tag-onyx-brooch","18":"product_tag-onyxbrosche","19":"product_tag-schleifenbrosche","20":"product_tag-silver-brooch","21":"product_tag-srebro-925","22":"pa_dostawca-markazyty-hong","23":"pa_kamien-markazyty","24":"pa_kamien-onyks","25":"pa_kruszec-srebro-rodowane","26":"pa_proba-0-925","27":"pa_waga-1120g","28":"pa_wymiary-21x69mm","30":"first","31":"instock","32":"purchasable","33":"product-type-simple"},"aioseo_notices":[],"_links":{"self":[{"href":"https:\/\/staviori.com.pl\/de\/wp-json\/wp\/v2\/product\/15638","targetHints":{"allow":["GET"]}}],"collection":[{"href":"https:\/\/staviori.com.pl\/de\/wp-json\/wp\/v2\/product"}],"about":[{"href":"https:\/\/staviori.com.pl\/de\/wp-json\/wp\/v2\/types\/product"}],"replies":[{"embeddable":true,"href":"https:\/\/staviori.com.pl\/de\/wp-json\/wp\/v2\/comments?post=15638"}],"wp:featuredmedia":[{"embeddable":true,"href":"https:\/\/staviori.com.pl\/de\/wp-json\/wp\/v2\/media\/7444"}],"wp:attachment":[{"href":"https:\/\/staviori.com.pl\/de\/wp-json\/wp\/v2\/media?parent=15638"}],"wp:term":[{"taxonomy":"product_brand","embeddable":true,"href":"https:\/\/staviori.com.pl\/de\/wp-json\/wp\/v2\/product_brand?post=15638"},{"taxonomy":"product_cat","embeddable":true,"href":"https:\/\/staviori.com.pl\/de\/wp-json\/wp\/v2\/product_cat?post=15638"},{"taxonomy":"product_tag","embeddable":true,"href":"https:\/\/staviori.com.pl\/de\/wp-json\/wp\/v2\/product_tag?post=15638"}],"curies":[{"name":"wp","href":"https:\/\/api.w.org\/{rel}","templated":true}]}}