{"id":15636,"date":"2025-02-24T22:49:24","date_gmt":"2025-02-24T21:49:24","guid":{"rendered":"https:\/\/staviori.com.pl\/product\/srebrna-broszka-rdm3233\/"},"modified":"2026-02-11T00:09:23","modified_gmt":"2026-02-10T23:09:23","slug":"srebrna-broszka-rdm3233","status":"publish","type":"product","link":"https:\/\/staviori.com.pl\/de\/product\/srebrna-broszka-rdm3233\/","title":{"rendered":"Silberne Sicherheitsnadel-Brosche mit Onyx und Markasiten"},"content":{"rendered":"<p>Modell: RDM3233<br \/>\nGewicht ca. 11,35g<\/p>\n<p>Brosche.<br \/>\n0,925 rhodiniertes Silber.<br \/>\nMarkasiten.<br \/>\nOnyx.<\/p>\n<p>Abmessungen 22\u00d772 mm.<\/p>","protected":false},"excerpt":{"rendered":"<p>Stilvolle Brosche in Form einer eleganten Sicherheitsnadel aus rhodiniertem Sterlingsilber, deren au\u00dfergew\u00f6hnlicher Charakter durch gl\u00e4nzende Markasite und tiefschwarze Onyxe betont wird, die zusammen einen au\u00dfergew\u00f6hnlichen Kontrast und eine zeitlose Dekoration bilden. Sie ist die perfekte Wahl f\u00fcr Frauen, die originelle Accessoires mit Retro-Touch sch\u00e4tzen, die mit ihrem subtilen Glitzern und einzigartigen Design die Blicke auf sich ziehen.<\/p>","protected":false},"featured_media":7431,"comment_status":"closed","ping_status":"closed","template":"","meta":{"om_disable_all_campaigns":false},"product_brand":[2284],"product_cat":[2233,2235,1817],"product_tag":[5672,5674,5722,5723,5725,5728,5724,5727,5726,5676,2427,4107],"class_list":{"0":"post-15636","1":"product","2":"type-product","3":"status-publish","4":"has-post-thumbnail","6":"product_brand-staviori","7":"product_cat-broszki-3","8":"product_cat-srebrna-broszka","9":"product_cat-srebro-2","10":"product_tag-broszka-srebrna","11":"product_tag-broszka-z-markazytami","12":"product_tag-broszka-z-onyksami","13":"product_tag-elegancka-broszka","14":"product_tag-marcasite-brooch","15":"product_tag-markasitbrosche","16":"product_tag-onyx-brooch","17":"product_tag-onyxbrosche","18":"product_tag-silberbrosche","19":"product_tag-silver-brooch","20":"product_tag-srebro-925","21":"product_tag-styl-retro","22":"pa_dostawca-markazyty-hong","23":"pa_kamien-markazyty","24":"pa_kamien-onyks","25":"pa_kruszec-srebro-rodowane","26":"pa_motyw-agrafka","27":"pa_proba-0-925","28":"pa_waga-1120g","29":"pa_wymiary-22x72mm","31":"first","32":"instock","33":"purchasable","34":"product-type-simple"},"aioseo_notices":[],"_links":{"self":[{"href":"https:\/\/staviori.com.pl\/de\/wp-json\/wp\/v2\/product\/15636","targetHints":{"allow":["GET"]}}],"collection":[{"href":"https:\/\/staviori.com.pl\/de\/wp-json\/wp\/v2\/product"}],"about":[{"href":"https:\/\/staviori.com.pl\/de\/wp-json\/wp\/v2\/types\/product"}],"replies":[{"embeddable":true,"href":"https:\/\/staviori.com.pl\/de\/wp-json\/wp\/v2\/comments?post=15636"}],"wp:featuredmedia":[{"embeddable":true,"href":"https:\/\/staviori.com.pl\/de\/wp-json\/wp\/v2\/media\/7431"}],"wp:attachment":[{"href":"https:\/\/staviori.com.pl\/de\/wp-json\/wp\/v2\/media?parent=15636"}],"wp:term":[{"taxonomy":"product_brand","embeddable":true,"href":"https:\/\/staviori.com.pl\/de\/wp-json\/wp\/v2\/product_brand?post=15636"},{"taxonomy":"product_cat","embeddable":true,"href":"https:\/\/staviori.com.pl\/de\/wp-json\/wp\/v2\/product_cat?post=15636"},{"taxonomy":"product_tag","embeddable":true,"href":"https:\/\/staviori.com.pl\/de\/wp-json\/wp\/v2\/product_tag?post=15636"}],"curies":[{"name":"wp","href":"https:\/\/api.w.org\/{rel}","templated":true}]}}