{"id":15633,"date":"2025-02-24T22:49:24","date_gmt":"2025-02-24T21:49:24","guid":{"rendered":"https:\/\/staviori.com.pl\/product\/srebrna-broszka-rdm3228\/"},"modified":"2026-02-11T00:09:23","modified_gmt":"2026-02-10T23:09:23","slug":"srebrna-broszka-rdm3228","status":"publish","type":"product","link":"https:\/\/staviori.com.pl\/de\/product\/srebrna-broszka-rdm3228\/","title":{"rendered":"Silberbrosche \/ Anh\u00e4nger mit Perlmutt und Markasiten"},"content":{"rendered":"<p>Model: RDM3228<br \/>\nWaga ok. 7,30g<\/p>\n<p>Brosche.<br \/>\n0,925 rhodiniertes Silber.<br \/>\nMarkasiten.<br \/>\nMasa Per\u0142owa.<br \/>\nSzeroko\u015b\u0107 23 mm.<\/p>\n<p>Mo\u017ce by\u0107 u\u017cywana jako wisiorek.<\/p>","protected":false},"excerpt":{"rendered":"<p>Elegancka broszka o geometrycznym kszta\u0142cie, wykonana z rodowanego srebra pr\u00f3by 0,925. Jej centralnym punktem jest po\u0142yskuj\u0105ca masa per\u0142owa, kt\u00f3rej blask podkre\u015blaj\u0105 b\u0142yszcz\u0105ce markazyty. Kunsztowne, a\u017curowe wyko\u0144czenie nadaje ca\u0142o\u015bci klasycznego i wyj\u0105tkowego charakteru. Broszk\u0119 mo\u017cna nosi\u0107 r\u00f3wnie\u017c jako wisiorek, dzi\u0119ki czemu staje si\u0119 uniwersalnym dodatkiem na r\u00f3\u017cne okazje.<\/p>","protected":false},"featured_media":21103,"comment_status":"closed","ping_status":"closed","template":"","meta":{"om_disable_all_campaigns":false},"product_brand":[2284],"product_cat":[2233,2235,1817],"product_tag":[5707,5672,5705,5674,5695,4118,5697,5706,5676,2427],"class_list":{"0":"post-15633","1":"product","2":"type-product","3":"status-publish","4":"has-post-thumbnail","6":"product_brand-staviori","7":"product_cat-broszki-3","8":"product_cat-srebrna-broszka","9":"product_cat-srebro-2","10":"product_tag-brosche-anhanger","11":"product_tag-broszka-srebrna","12":"product_tag-broszka-wisiorek","13":"product_tag-broszka-z-markazytami","14":"product_tag-broszka-z-masa-perlowa","15":"product_tag-marcasite-jewelry","16":"product_tag-mother-of-pearl-jewelry","17":"product_tag-pendant-brooch","18":"product_tag-silver-brooch","19":"product_tag-srebro-925","20":"pa_dostawca-markazyty-hong","21":"pa_kamien-markazyty","22":"pa_kamien-masa-perlowa","23":"pa_kruszec-srebro-rodowane","24":"pa_proba-0-925","25":"pa_szerokosc-23mm","26":"pa_waga-730g","28":"first","29":"instock","30":"purchasable","31":"product-type-simple"},"aioseo_notices":[],"_links":{"self":[{"href":"https:\/\/staviori.com.pl\/de\/wp-json\/wp\/v2\/product\/15633","targetHints":{"allow":["GET"]}}],"collection":[{"href":"https:\/\/staviori.com.pl\/de\/wp-json\/wp\/v2\/product"}],"about":[{"href":"https:\/\/staviori.com.pl\/de\/wp-json\/wp\/v2\/types\/product"}],"replies":[{"embeddable":true,"href":"https:\/\/staviori.com.pl\/de\/wp-json\/wp\/v2\/comments?post=15633"}],"wp:featuredmedia":[{"embeddable":true,"href":"https:\/\/staviori.com.pl\/de\/wp-json\/wp\/v2\/media\/21103"}],"wp:attachment":[{"href":"https:\/\/staviori.com.pl\/de\/wp-json\/wp\/v2\/media?parent=15633"}],"wp:term":[{"taxonomy":"product_brand","embeddable":true,"href":"https:\/\/staviori.com.pl\/de\/wp-json\/wp\/v2\/product_brand?post=15633"},{"taxonomy":"product_cat","embeddable":true,"href":"https:\/\/staviori.com.pl\/de\/wp-json\/wp\/v2\/product_cat?post=15633"},{"taxonomy":"product_tag","embeddable":true,"href":"https:\/\/staviori.com.pl\/de\/wp-json\/wp\/v2\/product_tag?post=15633"}],"curies":[{"name":"wp","href":"https:\/\/api.w.org\/{rel}","templated":true}]}}