{"id":15630,"date":"2025-02-24T22:49:20","date_gmt":"2025-02-24T21:49:20","guid":{"rendered":"https:\/\/staviori.com.pl\/product\/srebrna-broszka-rdm2854\/"},"modified":"2026-02-11T00:09:22","modified_gmt":"2026-02-10T23:09:22","slug":"srebrna-broszka-rdm2854","status":"publish","type":"product","link":"https:\/\/staviori.com.pl\/de\/product\/srebrna-broszka-rdm2854\/","title":{"rendered":"gediegene anh\u00e4nger-brosche aus sterlingsilber mit perlmutt und markasiten"},"content":{"rendered":"<p>Model: RDM2854<br \/>\nGewicht ca. 13,50g<\/p>\n<p>Broszka \/ Wisiorek<br \/>\n0,925 rhodiniertes Silber.<br \/>\nMasa Per\u0142owa.<br \/>\nMarkasiten.<\/p>\n<p>Wymiary 36&#215;45 mm.<\/p>","protected":false},"excerpt":{"rendered":"<p>Stylowa broszka o kunsztownym, a\u017curowym wzorze, wykonana z rodowanego srebra pr\u00f3by 0,925. Jej centralnym elementem jest subtelnie po\u0142yskuj\u0105ca masa per\u0142owa, otoczona b\u0142yszcz\u0105cymi markazytami, kt\u00f3re nadaj\u0105 ca\u0142o\u015bci elegancji i klasycznego uroku. Dzi\u0119ki specjalnemu zapi\u0119ciu broszka mo\u017ce by\u0107 r\u00f3wnie\u017c noszona jako wisiorek, co czyni j\u0105 uniwersalnym dodatkiem na wiele okazji.<\/p>","protected":false},"featured_media":7381,"comment_status":"closed","ping_status":"closed","template":"","meta":{"om_disable_all_campaigns":false},"product_brand":[2284],"product_cat":[2233,2235,1817],"product_tag":[5707,5672,5705,5674,5695,4118,5697,5706,5676,2427],"class_list":{"0":"post-15630","1":"product","2":"type-product","3":"status-publish","4":"has-post-thumbnail","6":"product_brand-staviori","7":"product_cat-broszki-3","8":"product_cat-srebrna-broszka","9":"product_cat-srebro-2","10":"product_tag-brosche-anhanger","11":"product_tag-broszka-srebrna","12":"product_tag-broszka-wisiorek","13":"product_tag-broszka-z-markazytami","14":"product_tag-broszka-z-masa-perlowa","15":"product_tag-marcasite-jewelry","16":"product_tag-mother-of-pearl-jewelry","17":"product_tag-pendant-brooch","18":"product_tag-silver-brooch","19":"product_tag-srebro-925","20":"pa_dostawca-markazyty-hong","21":"pa_kamien-markazyty","22":"pa_kamien-masa-perlowa","23":"pa_kruszec-srebro-rodowane","24":"pa_proba-0-925","25":"pa_waga-1350g","26":"pa_wymiary-36x45mm","28":"first","29":"instock","30":"purchasable","31":"product-type-simple"},"aioseo_notices":[],"_links":{"self":[{"href":"https:\/\/staviori.com.pl\/de\/wp-json\/wp\/v2\/product\/15630","targetHints":{"allow":["GET"]}}],"collection":[{"href":"https:\/\/staviori.com.pl\/de\/wp-json\/wp\/v2\/product"}],"about":[{"href":"https:\/\/staviori.com.pl\/de\/wp-json\/wp\/v2\/types\/product"}],"replies":[{"embeddable":true,"href":"https:\/\/staviori.com.pl\/de\/wp-json\/wp\/v2\/comments?post=15630"}],"wp:featuredmedia":[{"embeddable":true,"href":"https:\/\/staviori.com.pl\/de\/wp-json\/wp\/v2\/media\/7381"}],"wp:attachment":[{"href":"https:\/\/staviori.com.pl\/de\/wp-json\/wp\/v2\/media?parent=15630"}],"wp:term":[{"taxonomy":"product_brand","embeddable":true,"href":"https:\/\/staviori.com.pl\/de\/wp-json\/wp\/v2\/product_brand?post=15630"},{"taxonomy":"product_cat","embeddable":true,"href":"https:\/\/staviori.com.pl\/de\/wp-json\/wp\/v2\/product_cat?post=15630"},{"taxonomy":"product_tag","embeddable":true,"href":"https:\/\/staviori.com.pl\/de\/wp-json\/wp\/v2\/product_tag?post=15630"}],"curies":[{"name":"wp","href":"https:\/\/api.w.org\/{rel}","templated":true}]}}