{"id":15623,"date":"2025-02-24T22:49:20","date_gmt":"2025-02-24T21:49:20","guid":{"rendered":"https:\/\/staviori.com.pl\/product\/bizuteria-inwestycyjna-broszki-rbd4845\/"},"modified":"2026-02-11T00:09:21","modified_gmt":"2026-02-10T23:09:21","slug":"bizuteria-inwestycyjna-broszki-rbd4845","status":"publish","type":"product","link":"https:\/\/staviori.com.pl\/de\/product\/bizuteria-inwestycyjna-broszki-rbd4845\/","title":{"rendered":"Exklusive Brosche aus 750er Wei\u00dfgold mit Smaragden und Diamanten"},"content":{"rendered":"<p>Model: RBD4845<br \/>\nWaga ok. 14,90g<\/p>\n<p>Brosche.<br \/>\nWei\u00dfgold 0,750.<br \/>\n211 Diament\u00f3w, szlif brylantowy, o masie 1,19ct, barwa G, czysto\u015b\u0107 SI1.<br \/>\n5 Szmaragd\u00f3w, o masie 2ct.<br \/>\nWymiary 42&#215;61 mm.<\/p>\n<p>Produkt nur auf Anfrage erh\u00e4ltlich, Vorlaufzeit ca. 5 Wochen.<\/p>","protected":false},"excerpt":{"rendered":"<p>Elegancka broszka w kszta\u0142cie kwiatowego ornamentu, wykonana z 18-karatowego bia\u0142ego z\u0142ota. Delikatne linie wysadzane 211 l\u015bni\u0105cymi diamentami o \u0142\u0105cznej masie 1,19 ct tworz\u0105 mistern\u0105 kompozycj\u0119, kt\u00f3rej centrum zdobi pi\u0119\u0107 soczy\u015bcie zielonych szmaragd\u00f3w o masie 2 ct. To wyj\u0105tkowe po\u0142\u0105czenie kamieni szlachetnych i z\u0142ota nadaje broszce niezwyk\u0142y blask i szlachetny charakter. Idealna dla kobiet ceni\u0105cych wyrafinowan\u0105 bi\u017cuteri\u0119 i eleganckie detale.<\/p>","protected":false},"featured_media":7338,"comment_status":"closed","ping_status":"closed","template":"","meta":{"om_disable_all_campaigns":false},"product_brand":[2284],"product_cat":[5669,2233,1803],"product_tag":[2769,5649,5664,5653,5661,5660,5656,5654,5663,5666,5667,5665,5668,5662,2341],"class_list":{"0":"post-15623","1":"product","2":"type-product","3":"status-publish","4":"has-post-thumbnail","6":"product_brand-staviori","7":"product_cat-broszka","8":"product_cat-broszki-3","9":"product_cat-brylanty-exclusive","10":"product_tag-bizuteria-z-bialego-zlota","11":"product_tag-broszka","12":"product_tag-broszka-luxusni","13":"product_tag-broszka-z-diamentami","14":"product_tag-broszka-ze-szmaragdami","15":"product_tag-broszka-zlota","16":"product_tag-diamantova-broz","17":"product_tag-diamond-brooch","18":"product_tag-emerald-brooch","19":"product_tag-goldbrosche-mit-diamanten","20":"product_tag-smaragd-brosche","21":"product_tag-smaragdova-broz","22":"product_tag-weisgold-750","23":"product_tag-white-gold-brooch","24":"product_tag-zloto-750","25":"pa_barwa-g-2","26":"pa_czystosc-si1","27":"pa_dostawca-draco","28":"pa_kamien-brylanty","29":"pa_kamien-szmaragdy","30":"pa_kolor-biale","31":"pa_kruszec-zloto","32":"pa_motyw-kwiatek","33":"pa_proba-0-750","34":"pa_waga-1490g","35":"pa_wymiary-42x61mm","37":"first","38":"onbackorder","39":"purchasable","40":"product-type-simple"},"aioseo_notices":[],"_links":{"self":[{"href":"https:\/\/staviori.com.pl\/de\/wp-json\/wp\/v2\/product\/15623","targetHints":{"allow":["GET"]}}],"collection":[{"href":"https:\/\/staviori.com.pl\/de\/wp-json\/wp\/v2\/product"}],"about":[{"href":"https:\/\/staviori.com.pl\/de\/wp-json\/wp\/v2\/types\/product"}],"replies":[{"embeddable":true,"href":"https:\/\/staviori.com.pl\/de\/wp-json\/wp\/v2\/comments?post=15623"}],"wp:featuredmedia":[{"embeddable":true,"href":"https:\/\/staviori.com.pl\/de\/wp-json\/wp\/v2\/media\/7338"}],"wp:attachment":[{"href":"https:\/\/staviori.com.pl\/de\/wp-json\/wp\/v2\/media?parent=15623"}],"wp:term":[{"taxonomy":"product_brand","embeddable":true,"href":"https:\/\/staviori.com.pl\/de\/wp-json\/wp\/v2\/product_brand?post=15623"},{"taxonomy":"product_cat","embeddable":true,"href":"https:\/\/staviori.com.pl\/de\/wp-json\/wp\/v2\/product_cat?post=15623"},{"taxonomy":"product_tag","embeddable":true,"href":"https:\/\/staviori.com.pl\/de\/wp-json\/wp\/v2\/product_tag?post=15623"}],"curies":[{"name":"wp","href":"https:\/\/api.w.org\/{rel}","templated":true}]}}