{"id":15622,"date":"2025-02-24T22:49:20","date_gmt":"2025-02-24T21:49:20","guid":{"rendered":"https:\/\/staviori.com.pl\/product\/bizuteria-inwestycyjna-broszki-rbd1829\/"},"modified":"2026-02-11T00:09:21","modified_gmt":"2026-02-10T23:09:21","slug":"bizuteria-inwestycyjna-broszki-rbd1829","status":"publish","type":"product","link":"https:\/\/staviori.com.pl\/de\/product\/bizuteria-inwestycyjna-broszki-rbd1829\/","title":{"rendered":"Exklusive | au\u00dfergew\u00f6hnliche Brosche mit 1579 Diamanten in 18k Wei\u00dfgold"},"content":{"rendered":"<p>Model: RBD1829<br \/>\nWaga ok. 59,00g<\/p>\n<p>Brosche.<br \/>\nAnh\u00e4nger.<br \/>\nWei\u00dfgold 0,750.<br \/>\n1579 Diament\u00f3w, szlif brylantowy, o masie 9,67 ct., barwa G-H, czysto\u015b\u0107 SI1.<\/p>\n<p>Wymiary 17&#215;25 mm.<\/p>\n<p>Mo\u017cliwo\u015b\u0107 u\u017cywania wisiorka jako broszki.<br \/>\nProdukt nur auf Anfrage erh\u00e4ltlich, Vorlaufzeit ca. 5 Wochen.<\/p>","protected":false},"excerpt":{"rendered":"<p>Zjawiskowa broszka-wisiorek w formie bukietu r\u00f3\u017c, wykonana z 18-karatowego bia\u0142ego z\u0142ota i wysadzana a\u017c 1579 diamentami o \u0142\u0105cznej masie 9,67ct. L\u015bni\u0105ce brylanty tworz\u0105 niezwyk\u0142\u0105 kompozycj\u0119, w kt\u00f3rej ka\u017cdy listek i ka\u017cdy p\u0142atek mieni\u0105 si\u0119 przy ka\u017cdym ruchu. To wyj\u0105tkowy klejnot, \u0142\u0105cz\u0105cy w sobie kunszt jubilerski i ponadczasow\u0105 elegancj\u0119. Mo\u017ce by\u0107 noszony zar\u00f3wno jako wisiorek, jak i broszka \u2013 idealna ozdoba na szczeg\u00f3lne okazje.<\/p>","protected":false},"featured_media":7334,"comment_status":"closed","ping_status":"closed","template":"","meta":{"om_disable_all_campaigns":false},"product_brand":[2284],"product_cat":[5669,2233,1803],"product_tag":[5311,2308,2658,5651,2311,5649,5650,5653,5659,5658,5656,5654,5655,5652,3747,5657,5648,5047,4028,4442,2341],"class_list":{"0":"post-15622","1":"product","2":"type-product","3":"status-publish","4":"has-post-thumbnail","6":"product_brand-staviori","7":"product_cat-broszka","8":"product_cat-broszki-3","9":"product_cat-brylanty-exclusive","10":"product_tag-18k-zloto","11":"product_tag-biale-zloto","12":"product_tag-biale-zloto-750","13":"product_tag-bizuteria-inwestycyjna","14":"product_tag-bizuteria-luksusowa","15":"product_tag-broszka","16":"product_tag-broszka-brylantowa","17":"product_tag-broszka-z-diamentami","18":"product_tag-diamant-anhanger","19":"product_tag-diamantbrosche","20":"product_tag-diamantova-broz","21":"product_tag-diamond-brooch","22":"product_tag-diamond-pendant","23":"product_tag-dzielo-sztuki","24":"product_tag-luxury-jewelry","25":"product_tag-privesek-z-diamanty","26":"product_tag-rbd1829","27":"product_tag-white-gold-18k","28":"product_tag-wisiorek","29":"product_tag-wisiorek-z-diamentami","30":"product_tag-zloto-750","31":"pa_barwa-g-h","32":"pa_czystosc-si1","33":"pa_dostawca-draco","34":"pa_kamien-brylanty","35":"pa_kolor-biale","36":"pa_kruszec-zloto","37":"pa_motyw-kwiatek","38":"pa_motyw-roza","39":"pa_proba-0-750","40":"pa_waga-5900g","41":"pa_wymiary-17x25mm","43":"first","44":"onbackorder","45":"purchasable","46":"product-type-simple"},"aioseo_notices":[],"_links":{"self":[{"href":"https:\/\/staviori.com.pl\/de\/wp-json\/wp\/v2\/product\/15622","targetHints":{"allow":["GET"]}}],"collection":[{"href":"https:\/\/staviori.com.pl\/de\/wp-json\/wp\/v2\/product"}],"about":[{"href":"https:\/\/staviori.com.pl\/de\/wp-json\/wp\/v2\/types\/product"}],"replies":[{"embeddable":true,"href":"https:\/\/staviori.com.pl\/de\/wp-json\/wp\/v2\/comments?post=15622"}],"wp:featuredmedia":[{"embeddable":true,"href":"https:\/\/staviori.com.pl\/de\/wp-json\/wp\/v2\/media\/7334"}],"wp:attachment":[{"href":"https:\/\/staviori.com.pl\/de\/wp-json\/wp\/v2\/media?parent=15622"}],"wp:term":[{"taxonomy":"product_brand","embeddable":true,"href":"https:\/\/staviori.com.pl\/de\/wp-json\/wp\/v2\/product_brand?post=15622"},{"taxonomy":"product_cat","embeddable":true,"href":"https:\/\/staviori.com.pl\/de\/wp-json\/wp\/v2\/product_cat?post=15622"},{"taxonomy":"product_tag","embeddable":true,"href":"https:\/\/staviori.com.pl\/de\/wp-json\/wp\/v2\/product_tag?post=15622"}],"curies":[{"name":"wp","href":"https:\/\/api.w.org\/{rel}","templated":true}]}}