{"id":15621,"date":"2025-02-24T22:49:20","date_gmt":"2025-02-24T21:49:20","guid":{"rendered":"https:\/\/staviori.com.pl\/product\/pierscionek-z-diamentem-pzs0100\/"},"modified":"2026-02-11T00:09:57","modified_gmt":"2026-02-10T23:09:57","slug":"pierscionek-z-diamentem-pzs0100","status":"publish","type":"product","link":"https:\/\/staviori.com.pl\/de\/product\/pierscionek-z-diamentem-pzs0100\/","title":{"rendered":"Ring mit Saphir und Diamanten jede Gold 585"},"content":{"rendered":"<p>Model: PZS0100<br \/>\nWaga ok. 2,03g<\/p>\n<p>Ring.<br \/>\n\u017b\u00f3\u0142te, Bia\u0142e, R\u00f3\u017cowe Z\u0142oto 0,585.<br \/>\n9 Diament\u00f3w, szlif brylantowy, o masie 0,068ct, barwa H, czysto\u015b\u0107 SI1-SI2.<br \/>\n1 Szafir, o masie 0,60ct.<\/p>\n<p>Mo\u017cliwo\u015b\u0107 zam\u00f3wienia w \u017c\u00f3\u0142tym, bia\u0142ym lub r\u00f3\u017cowym z\u0142ocie<\/p>\n<p>Wymiary kamieni ok. 6&#215;4 mm.<br \/>\nKorona 10&#215;8 mm.<br \/>\nSzeroko\u015b\u0107 obr\u0105czki ok. 2 mm.<\/p>\n<p>Nur einige Gr\u00f6\u00dfen verf\u00fcgbar - bitte anfragen<br \/>\nW przypadku braku rozmiaru &#8211; pier\u015bcionek dost\u0119pny na zam\u00f3wienie w terminie oko\u0142o 2 tygodni.<\/p>","protected":false},"excerpt":{"rendered":"<p>Wyj\u0105tkowy pier\u015bcionek wykonany z \u017c\u00f3\u0142tego i bia\u0142ego z\u0142ota pr\u00f3by 585, ozdobiony centralnym szafirem o masie 0,60 ct. Kamie\u0144 otaczaj\u0105 l\u015bni\u0105ce diamenty w szlifie brylantowym, tworz\u0105c kompozycj\u0119 pe\u0142n\u0105 klasy i blasku. To niezwykle elegancki model, kt\u00f3ry \u0142\u0105czy w sobie ponadczasowy urok szafiru z delikatnym po\u0142yskiem diament\u00f3w, idealny na zar\u0119czyny lub jako prezent na wyj\u0105tkow\u0105 okazj\u0119.<\/p>\n<p>Nur einige Gr\u00f6\u00dfen verf\u00fcgbar - bitte anfragen<br \/>\nW przypadku braku rozmiaru &#8211; pier\u015bcionek dost\u0119pny na zam\u00f3wienie w terminie oko\u0142o 2 tygodni.<\/p>","protected":false},"featured_media":7323,"comment_status":"closed","ping_status":"closed","template":"","meta":{"om_disable_all_campaigns":false},"product_brand":[2284],"product_cat":[1838,2182,801],"product_tag":[5645,5631,4708,4685,4668,5643,5644,2599],"class_list":{"0":"post-15621","1":"product","2":"type-product","3":"status-publish","4":"has-post-thumbnail","6":"product_brand-staviori","7":"product_cat-diamenty","8":"product_cat-pierscionek-z-diamentem","9":"product_cat-pierscionki","10":"product_tag-anillo-de-oro-con-zafiro","11":"product_tag-gold-engagement-ring","12":"product_tag-pierscionek-z-diamentami","13":"product_tag-pierscionek-z-szafirem","14":"product_tag-pierscionek-zareczynowy","15":"product_tag-sapphire-diamond-ring","16":"product_tag-zlaty-prsten-se-safirem","17":"product_tag-zolte-zloto-585","18":"pa_barwa-h-2","19":"pa_czystosc-si1","20":"pa_dostawca-zloty-skorpion","21":"pa_kamien-brylanty","22":"pa_kamien-szafir","23":"pa_kolor-biale","24":"pa_kolor-rozowe","25":"pa_kolor-zolte","26":"pa_korona-10x8mm","27":"pa_kruszec-zloto","28":"pa_proba-0-585","29":"pa_rozmiar-4355","30":"pa_rozmiar-2351","31":"pa_rozmiar-2352","32":"pa_rozmiar-2353","33":"pa_rozmiar-2354","34":"pa_rozmiar-2355","35":"pa_rozmiar-2356","36":"pa_rozmiar-2357","37":"pa_rozmiar-2358","38":"pa_rozmiar-2359","39":"pa_rozmiar-2360","40":"pa_rozmiar-4356","41":"pa_rozmiar-4357","42":"pa_rozmiar-4358","43":"pa_rozmiar-4359","44":"pa_rozmiar-4862","45":"pa_waga-200g","46":"pa_wymiary-kamieni-ok-6x4mm","48":"first","49":"instock","50":"purchasable","51":"product-type-variable","52":"has-default-attributes"},"aioseo_notices":[],"_links":{"self":[{"href":"https:\/\/staviori.com.pl\/de\/wp-json\/wp\/v2\/product\/15621","targetHints":{"allow":["GET"]}}],"collection":[{"href":"https:\/\/staviori.com.pl\/de\/wp-json\/wp\/v2\/product"}],"about":[{"href":"https:\/\/staviori.com.pl\/de\/wp-json\/wp\/v2\/types\/product"}],"replies":[{"embeddable":true,"href":"https:\/\/staviori.com.pl\/de\/wp-json\/wp\/v2\/comments?post=15621"}],"wp:featuredmedia":[{"embeddable":true,"href":"https:\/\/staviori.com.pl\/de\/wp-json\/wp\/v2\/media\/7323"}],"wp:attachment":[{"href":"https:\/\/staviori.com.pl\/de\/wp-json\/wp\/v2\/media?parent=15621"}],"wp:term":[{"taxonomy":"product_brand","embeddable":true,"href":"https:\/\/staviori.com.pl\/de\/wp-json\/wp\/v2\/product_brand?post=15621"},{"taxonomy":"product_cat","embeddable":true,"href":"https:\/\/staviori.com.pl\/de\/wp-json\/wp\/v2\/product_cat?post=15621"},{"taxonomy":"product_tag","embeddable":true,"href":"https:\/\/staviori.com.pl\/de\/wp-json\/wp\/v2\/product_tag?post=15621"}],"curies":[{"name":"wp","href":"https:\/\/api.w.org\/{rel}","templated":true}]}}