{"id":15615,"date":"2025-02-24T22:49:20","date_gmt":"2025-02-24T21:49:20","guid":{"rendered":"https:\/\/staviori.com.pl\/product\/pierscionek-z-diamentem-pzd6699\/"},"modified":"2026-04-20T01:16:44","modified_gmt":"2026-04-19T23:16:44","slug":"pierscionek-z-diamentem-pzd6699","status":"publish","type":"product","link":"https:\/\/staviori.com.pl\/de\/product\/pierscionek-z-diamentem-pzd6699\/","title":{"rendered":"Verlobungsring Herz Gelbgold 585 mit Diamant"},"content":{"rendered":"<p>Model: PZD6699<br \/>\nWaga ok. 1,80g<\/p>\n<p>Ring.<br \/>\nGelbgold 0,585.<br \/>\n1 Diament, szlif brylantowy, o masie 0,04ct., barwa H, czysto\u015b\u0107 SI1-SI2.<\/p>\n<p>Pier\u015bcionek zar\u0119czynowy<br \/>\nNur einige Gr\u00f6\u00dfen verf\u00fcgbar - bitte anfragen<br \/>\nTermin realizacji oko\u0142o 1 tydzie\u0144<\/p>","protected":false},"excerpt":{"rendered":"<p>Romantyczny pier\u015bcionek zar\u0119czynowy wykonany z \u017c\u00f3\u0142tego z\u0142ota pr\u00f3by 585, ozdobiony subtelnym diamentem o masie 0,04 ct. Delikatny kamie\u0144 osadzony w sercu symbolizuje mi\u0142o\u015b\u0107 i oddanie, czyni\u0105c ten model idealnym wyborem na wyj\u0105tkowe zar\u0119czyny. Prosty, a zarazem niezwykle urokliwy wz\u00f3r, kt\u00f3ry podkre\u015bla emocje i elegancj\u0119 w najczystszej formie.<\/p>\n<p>Nur einige Gr\u00f6\u00dfen verf\u00fcgbar - bitte anfragen<\/p>","protected":false},"featured_media":15616,"comment_status":"closed","ping_status":"closed","template":"","meta":{"om_disable_all_campaigns":false},"product_brand":[2284,2350],"product_cat":[1384,1838,2182,801,176],"product_tag":[5641,5631,5594,5552,4686,4668,5638,5639,5640,2599],"class_list":{"0":"post-15615","1":"product","2":"type-product","3":"status-publish","4":"has-post-thumbnail","6":"product_brand-staviori","7":"product_brand-verona","8":"product_cat-bizuteria","9":"product_cat-diamenty","10":"product_cat-pierscionek-z-diamentem","11":"product_cat-pierscionki","12":"product_cat-zloto","13":"product_tag-anillo-de-compromiso-con-diamante","14":"product_tag-gold-engagement-ring","15":"product_tag-heart-diamond-ring","16":"product_tag-pierscionek-serce","17":"product_tag-pierscionek-z-diamentem","18":"product_tag-pierscionek-zareczynowy","19":"product_tag-pz20674","20":"product_tag-pzd6699","21":"product_tag-zlaty-prsten-srdce","22":"product_tag-zolte-zloto-585","23":"pa_barwa-h-2","24":"pa_czystosc-si1","25":"pa_kamien-diament","26":"pa_kolor-zolte","27":"pa_kruszec-zloto","28":"pa_motyw-serce","29":"pa_proba-0-585","30":"pa_rozmiar-4355","31":"pa_rozmiar-2351","32":"pa_rozmiar-2352","33":"pa_rozmiar-2353","34":"pa_rozmiar-2354","35":"pa_rozmiar-2355","36":"pa_rozmiar-2356","37":"pa_rozmiar-2357","38":"pa_rozmiar-2358","39":"pa_rozmiar-2359","40":"pa_rozmiar-2360","41":"pa_szlif-brylantowy-okragly","42":"pa_waga-180g","43":"pa_waga-g","45":"first","46":"instock","47":"purchasable","48":"product-type-simple"},"aioseo_notices":[],"_links":{"self":[{"href":"https:\/\/staviori.com.pl\/de\/wp-json\/wp\/v2\/product\/15615","targetHints":{"allow":["GET"]}}],"collection":[{"href":"https:\/\/staviori.com.pl\/de\/wp-json\/wp\/v2\/product"}],"about":[{"href":"https:\/\/staviori.com.pl\/de\/wp-json\/wp\/v2\/types\/product"}],"replies":[{"embeddable":true,"href":"https:\/\/staviori.com.pl\/de\/wp-json\/wp\/v2\/comments?post=15615"}],"wp:featuredmedia":[{"embeddable":true,"href":"https:\/\/staviori.com.pl\/de\/wp-json\/wp\/v2\/media\/15616"}],"wp:attachment":[{"href":"https:\/\/staviori.com.pl\/de\/wp-json\/wp\/v2\/media?parent=15615"}],"wp:term":[{"taxonomy":"product_brand","embeddable":true,"href":"https:\/\/staviori.com.pl\/de\/wp-json\/wp\/v2\/product_brand?post=15615"},{"taxonomy":"product_cat","embeddable":true,"href":"https:\/\/staviori.com.pl\/de\/wp-json\/wp\/v2\/product_cat?post=15615"},{"taxonomy":"product_tag","embeddable":true,"href":"https:\/\/staviori.com.pl\/de\/wp-json\/wp\/v2\/product_tag?post=15615"}],"curies":[{"name":"wp","href":"https:\/\/api.w.org\/{rel}","templated":true}]}}