{"id":15606,"date":"2025-02-24T22:49:20","date_gmt":"2025-02-24T21:49:20","guid":{"rendered":"https:\/\/staviori.com.pl\/product\/pierscionek-z-diamentem-pzd6350\/"},"modified":"2026-02-11T00:09:21","modified_gmt":"2026-02-10T23:09:21","slug":"pierscionek-z-diamentem-pzd6350","status":"publish","type":"product","link":"https:\/\/staviori.com.pl\/de\/product\/pierscionek-z-diamentem-pzd6350\/","title":{"rendered":"Goldring mit drei 0,36ct Diamanten"},"content":{"rendered":"<p>Model: PZD6350<br \/>\nGewicht ca. 3,90g<\/p>\n<p>Ring.<br \/>\nGelbgold 0,585.<br \/>\n3 Diamenty, szlif brylantowy, o masie 0,36ct, barwa G-H, czysto\u015b\u0107 SI1-SI2.<\/p>\n<p>Szeroko\u015b\u0107 obr\u0105czki ok. 2.50 mm.<br \/>\nGrubo\u015b\u0107 1.40 mm.<\/p>\n<p>Produkt w dowolnym rozmiarze, dost\u0119pny wy\u0142\u0105cznie na zam\u00f3wienie, czas realizacji ok. 4 tygodnie.<\/p>","protected":false},"excerpt":{"rendered":"<p>Elegancki pier\u015bcionek z \u017c\u00f3\u0142tego z\u0142ota pr\u00f3by 585 ozdobiony trzema l\u015bni\u0105cymi diamentami o \u0142\u0105cznej masie 0,36 ct. Harmonijne rozmieszczenie kamieni symbolizuje przesz\u0142o\u015b\u0107, tera\u017aniejszo\u015b\u0107 i przysz\u0142o\u015b\u0107, czyni\u0105c ten model wyj\u0105tkowym wyborem na zar\u0119czyny lub wa\u017cne okazje. Subtelny, a zarazem wyrazisty design sprawia, \u017ce pier\u015bcionek doskonale podkre\u015bla kobiec\u0105 d\u0142o\u0144, \u0142\u0105cz\u0105c klasyk\u0119 z ponadczasow\u0105 elegancj\u0105.<\/p>","protected":false},"featured_media":11105,"comment_status":"closed","ping_status":"closed","template":"","meta":{"om_disable_all_campaigns":false},"product_brand":[2284],"product_cat":[1838,6752,2182,801],"product_tag":[5632,4928,5633,5631,5630,4668,5558,2599],"class_list":{"0":"post-15606","1":"product","2":"type-product","3":"status-publish","4":"has-post-thumbnail","6":"product_brand-staviori","7":"product_cat-diamenty","8":"product_cat-kolekcja-staviori-must-have","9":"product_cat-pierscionek-z-diamentem","10":"product_cat-pierscionki","11":"product_tag-anillo-de-oro-con-diamantes","12":"product_tag-diamond-ring","13":"product_tag-dreistein-diamant-ring","14":"product_tag-gold-engagement-ring","15":"product_tag-pierscionek-z-trzema-diamentami","16":"product_tag-pierscionek-zareczynowy","17":"product_tag-zlaty-prsten-s-diamanty","18":"product_tag-zolte-zloto-585","19":"pa_barwa-g-h","20":"pa_czystosc-si1-si2","21":"pa_dostawca-estrella","22":"pa_grubosc-1-40mm","23":"pa_kamien-brylanty","24":"pa_kolor-zolte","25":"pa_kruszec-zloto","26":"pa_proba-0-585","27":"pa_szerokosc-obraczki-ok-2-50mm","28":"pa_waga-390g","30":"first","31":"onbackorder","32":"purchasable","33":"product-type-simple"},"aioseo_notices":[],"_links":{"self":[{"href":"https:\/\/staviori.com.pl\/de\/wp-json\/wp\/v2\/product\/15606","targetHints":{"allow":["GET"]}}],"collection":[{"href":"https:\/\/staviori.com.pl\/de\/wp-json\/wp\/v2\/product"}],"about":[{"href":"https:\/\/staviori.com.pl\/de\/wp-json\/wp\/v2\/types\/product"}],"replies":[{"embeddable":true,"href":"https:\/\/staviori.com.pl\/de\/wp-json\/wp\/v2\/comments?post=15606"}],"wp:featuredmedia":[{"embeddable":true,"href":"https:\/\/staviori.com.pl\/de\/wp-json\/wp\/v2\/media\/11105"}],"wp:attachment":[{"href":"https:\/\/staviori.com.pl\/de\/wp-json\/wp\/v2\/media?parent=15606"}],"wp:term":[{"taxonomy":"product_brand","embeddable":true,"href":"https:\/\/staviori.com.pl\/de\/wp-json\/wp\/v2\/product_brand?post=15606"},{"taxonomy":"product_cat","embeddable":true,"href":"https:\/\/staviori.com.pl\/de\/wp-json\/wp\/v2\/product_cat?post=15606"},{"taxonomy":"product_tag","embeddable":true,"href":"https:\/\/staviori.com.pl\/de\/wp-json\/wp\/v2\/product_tag?post=15606"}],"curies":[{"name":"wp","href":"https:\/\/api.w.org\/{rel}","templated":true}]}}