{"id":15605,"date":"2025-02-24T22:49:20","date_gmt":"2025-02-24T21:49:20","guid":{"rendered":"https:\/\/staviori.com.pl\/product\/pierscionek-z-diamentem-pzd6349\/"},"modified":"2026-02-11T00:09:21","modified_gmt":"2026-02-10T23:09:21","slug":"pierscionek-z-diamentem-pzd6349","status":"publish","type":"product","link":"https:\/\/staviori.com.pl\/de\/product\/pierscionek-z-diamentem-pzd6349\/","title":{"rendered":"Goldring mit 0,25ct Diamant in Form einer Blume"},"content":{"rendered":"<p>Model: PZD6349<br \/>\nGewicht ca. 3,90g<\/p>\n<p>Ring.<br \/>\nGelbgold 0,585.<br \/>\n1 Diament, szlif brylantowy, o masie 0,25ct, barwa G-H, czysto\u015b\u0107 SI1-SI2.<\/p>\n<p>\u015arednica korony ok. 14 mm.<br \/>\nWysoko\u015b\u0107 5.50 mm.<br \/>\nGrubo\u015b\u0107 1.30 mm.<br \/>\nSzeroko\u015b\u0107 obr\u0105czki ok. 2.00 mm.<\/p>\n<p>Produkt w dowolnym rozmiarze, dost\u0119pny wy\u0142\u0105cznie na zam\u00f3wienie, czas realizacji ok. 4 tygodnie.<\/p>","protected":false},"excerpt":{"rendered":"<p>Zjawiskowy pier\u015bcionek z \u017c\u00f3\u0142tego z\u0142ota pr\u00f3by 0,585, kt\u00f3rego subtelna forma przypomina delikatny kwiat. W centrum osadzono l\u015bni\u0105cy diament o masie 0,25 ct, barwie G i czysto\u015bci SI1-SI2, kt\u00f3ry pi\u0119knie odbija \u015bwiat\u0142o, nadaj\u0105c ca\u0142o\u015bci wyj\u0105tkowego blasku. To elegancka i romantyczna bi\u017cuteria, idealna jako pier\u015bcionek zar\u0119czynowy lub wyj\u0105tkowy prezent dla ukochanej osoby.<\/p>","protected":false},"featured_media":11103,"comment_status":"closed","ping_status":"closed","template":"","meta":{"om_disable_all_campaigns":false},"product_brand":[2284],"product_cat":[1838,6752,2182,801],"product_tag":[5577,5626,4906,5573,4772,4686,4668,5629,5560,5627,4910,5628,5625,2599],"class_list":{"0":"post-15605","1":"product","2":"type-product","3":"status-publish","4":"has-post-thumbnail","6":"product_brand-staviori","7":"product_cat-diamenty","8":"product_cat-kolekcja-staviori-must-have","9":"product_cat-pierscionek-z-diamentem","10":"product_cat-pierscionki","11":"product_tag-diamantring","12":"product_tag-diamond-flower-ring","13":"product_tag-engagement-ring","14":"product_tag-gelbgold-585","15":"product_tag-kwiatowy-pierscionek","16":"product_tag-pierscionek-z-diamentem","17":"product_tag-pierscionek-zareczynowy","18":"product_tag-pzd6349","19":"product_tag-verlobungsring","20":"product_tag-yellow-gold-ring-14k","21":"product_tag-zasnubni-prsten","22":"product_tag-zlaty-prsten-se-diamantem","23":"product_tag-zloty-pierscionek-z-brylantem","24":"product_tag-zolte-zloto-585","25":"pa_barwa-g-h","26":"pa_czystosc-si1-si2","27":"pa_dostawca-estrella","28":"pa_kamien-brylant","29":"pa_kolor-zolte","30":"pa_kruszec-zloto","31":"pa_motyw-kwiatek","32":"pa_proba-0-585","33":"pa_srednica-korony-ok-14mm","34":"pa_waga-390g","35":"pa_wysokosc-5-50mm","37":"first","38":"onbackorder","39":"purchasable","40":"product-type-simple"},"aioseo_notices":[],"_links":{"self":[{"href":"https:\/\/staviori.com.pl\/de\/wp-json\/wp\/v2\/product\/15605","targetHints":{"allow":["GET"]}}],"collection":[{"href":"https:\/\/staviori.com.pl\/de\/wp-json\/wp\/v2\/product"}],"about":[{"href":"https:\/\/staviori.com.pl\/de\/wp-json\/wp\/v2\/types\/product"}],"replies":[{"embeddable":true,"href":"https:\/\/staviori.com.pl\/de\/wp-json\/wp\/v2\/comments?post=15605"}],"wp:featuredmedia":[{"embeddable":true,"href":"https:\/\/staviori.com.pl\/de\/wp-json\/wp\/v2\/media\/11103"}],"wp:attachment":[{"href":"https:\/\/staviori.com.pl\/de\/wp-json\/wp\/v2\/media?parent=15605"}],"wp:term":[{"taxonomy":"product_brand","embeddable":true,"href":"https:\/\/staviori.com.pl\/de\/wp-json\/wp\/v2\/product_brand?post=15605"},{"taxonomy":"product_cat","embeddable":true,"href":"https:\/\/staviori.com.pl\/de\/wp-json\/wp\/v2\/product_cat?post=15605"},{"taxonomy":"product_tag","embeddable":true,"href":"https:\/\/staviori.com.pl\/de\/wp-json\/wp\/v2\/product_tag?post=15605"}],"curies":[{"name":"wp","href":"https:\/\/api.w.org\/{rel}","templated":true}]}}