{"id":15597,"date":"2025-02-24T22:49:15","date_gmt":"2025-02-24T21:49:15","guid":{"rendered":"https:\/\/staviori.com.pl\/product\/pierscionek-z-diamentem-pzd6096\/"},"modified":"2026-02-11T00:09:21","modified_gmt":"2026-02-10T23:09:21","slug":"pierscionek-z-diamentem-pzd6096","status":"publish","type":"product","link":"https:\/\/staviori.com.pl\/de\/product\/pierscionek-z-diamentem-pzd6096\/","title":{"rendered":"Exklusiver Ring aus 750er Gelb- und Wei\u00dfgold mit Baguette-Diamanten"},"content":{"rendered":"<p>Model: PZD6096<br \/>\nWaga ok. 3,30g<\/p>\n<p>Ring.<br \/>\n\u017b\u00f3\u0142te, Bia\u0142e Z\u0142oto 0,750.<br \/>\n3 Diamenty, szlif bagieta, o masie 0,06ct, barwa G, czysto\u015b\u0107 VS1-SI2.<\/p>\n<p>Kann auch in einer anderen Goldfarbe hergestellt werden.<br \/>\nProdukt in jeder Gr\u00f6\u00dfe, nur auf Anfrage erh\u00e4ltlich, Lieferzeit ca. 2 Wochen.<\/p>\n<p>Bardzo ciekawy, modny pier\u015bcionek. Dowolna konfiguracja kolorystyczna.<\/p>","protected":false},"excerpt":{"rendered":"<p>Nowoczesny i oryginalny pier\u015bcionek wykonany z po\u0142\u0105czenia \u017c\u00f3\u0142tego i bia\u0142ego z\u0142ota pr\u00f3by 0,750. Jego unikalna forma z\u0142o\u017cona z trzech smuk\u0142ych obr\u0105czek zosta\u0142a ozdobiona trzema diamentami w szlifie bagieta, kt\u00f3re dodaj\u0105 mu elegancji i geometrycznego charakteru. To wyj\u0105tkowy model dla kobiet ceni\u0105cych nietuzinkowy styl i ponadczasowe pi\u0119kno. Dost\u0119pny r\u00f3wnie\u017c w innych wariantach kolorystycznych z\u0142ota, co pozwala dopasowa\u0107 go do indywidualnych upodoba\u0144.<\/p>\n<p>https:\/\/www.youtube.com\/watch?v=QXxRTYts6-c<\/p>\n<p>Kann auch in einer anderen Goldfarbe hergestellt werden.<br \/>\nProdukt in jeder Gr\u00f6\u00dfe, nur auf Anfrage erh\u00e4ltlich, Lieferzeit ca. 2 Wochen.<\/p>","protected":false},"featured_media":7295,"comment_status":"closed","ping_status":"closed","template":"","meta":{"om_disable_all_campaigns":false},"product_brand":[2284],"product_cat":[1803,1838,2182,801],"product_tag":[5617,5616,5222,4757,5615,4708,5610,5602,5607,5606,4910,3589],"class_list":{"0":"post-15597","1":"product","2":"type-product","3":"status-publish","4":"has-post-thumbnail","6":"product_brand-staviori","7":"product_cat-brylanty-exclusive","8":"product_cat-diamenty","9":"product_cat-pierscionek-z-diamentem","10":"product_cat-pierscionki","11":"product_tag-diamantring-baguette","12":"product_tag-diamond-baguette-ring","13":"product_tag-modna-bizuteria","14":"product_tag-nowoczesny-pierscionek","15":"product_tag-pierscionek-bagietka","16":"product_tag-pierscionek-z-diamentami","17":"product_tag-pierscionek-zloto-750","18":"product_tag-prsten-se-zlatem-750","19":"product_tag-verlobungsring-gelbgold-weisgold","20":"product_tag-yellow-white-gold-ring","21":"product_tag-zasnubni-prsten","22":"product_tag-zolte-i-biale-zloto","23":"pa_barwa-g-2","24":"pa_czystosc-vs1-si2","25":"pa_dostawca-hosgor","26":"pa_kamien-diamenty-bagietowe","27":"pa_kolor-biale","28":"pa_kolor-zolte","29":"pa_kruszec-zloto","30":"pa_proba-0-750","31":"pa_waga-330g","33":"first","34":"onbackorder","35":"purchasable","36":"product-type-simple"},"aioseo_notices":[],"_links":{"self":[{"href":"https:\/\/staviori.com.pl\/de\/wp-json\/wp\/v2\/product\/15597","targetHints":{"allow":["GET"]}}],"collection":[{"href":"https:\/\/staviori.com.pl\/de\/wp-json\/wp\/v2\/product"}],"about":[{"href":"https:\/\/staviori.com.pl\/de\/wp-json\/wp\/v2\/types\/product"}],"replies":[{"embeddable":true,"href":"https:\/\/staviori.com.pl\/de\/wp-json\/wp\/v2\/comments?post=15597"}],"wp:featuredmedia":[{"embeddable":true,"href":"https:\/\/staviori.com.pl\/de\/wp-json\/wp\/v2\/media\/7295"}],"wp:attachment":[{"href":"https:\/\/staviori.com.pl\/de\/wp-json\/wp\/v2\/media?parent=15597"}],"wp:term":[{"taxonomy":"product_brand","embeddable":true,"href":"https:\/\/staviori.com.pl\/de\/wp-json\/wp\/v2\/product_brand?post=15597"},{"taxonomy":"product_cat","embeddable":true,"href":"https:\/\/staviori.com.pl\/de\/wp-json\/wp\/v2\/product_cat?post=15597"},{"taxonomy":"product_tag","embeddable":true,"href":"https:\/\/staviori.com.pl\/de\/wp-json\/wp\/v2\/product_tag?post=15597"}],"curies":[{"name":"wp","href":"https:\/\/api.w.org\/{rel}","templated":true}]}}