{"id":15595,"date":"2025-02-24T22:49:15","date_gmt":"2025-02-24T21:49:15","guid":{"rendered":"https:\/\/staviori.com.pl\/product\/pierscionek-z-diamentem-pzd6007\/"},"modified":"2026-03-18T08:28:32","modified_gmt":"2026-03-18T07:28:32","slug":"pierscionek-z-diamentem-pzd6007","status":"publish","type":"product","link":"https:\/\/staviori.com.pl\/de\/product\/pierscionek-z-diamentem-pzd6007\/","title":{"rendered":"Diamant-Verlobungsring Gelbgold 585"},"content":{"rendered":"<p>Model: PZD6007<br \/>\nGewicht ca. 1,20g<\/p>\n<p>Ring.<br \/>\nGelbgold 0,585.<br \/>\n1 Diament, szlif brylantowy, o masie 0,025ct, barwa H, czysto\u015b\u0107 SI1-SI2.<\/p>\n<p>Nur einige Gr\u00f6\u00dfen verf\u00fcgbar - bitte anfragen<br \/>\nJe\u015bli brak na magazynie &#8211; produkt na zam\u00f3wienie w terminie oko\u0142o 1 tygodnia.<\/p>","protected":false},"excerpt":{"rendered":"<p>Klasyczny pier\u015bcionek zar\u0119czynowy wykonany z \u017c\u00f3\u0142tego z\u0142ota pr\u00f3by 585, ozdobiony pojedynczym diamentem o masie 0,025 ct. Szlif brylantowy nadaje kamieniowi wyj\u0105tkowego blasku, a smuk\u0142a, elegancka obr\u0105czka podkre\u015bla subteln\u0105 form\u0119 bi\u017cuterii. To ponadczasowy model, kt\u00f3ry symbolizuje czysto\u015b\u0107 i trwa\u0142o\u015b\u0107 uczu\u0107, idealny na zar\u0119czyny lub jako wyj\u0105tkowy prezent.<\/p>\n<p>Nur einige Gr\u00f6\u00dfen verf\u00fcgbar - bitte anfragen<br \/>\nJe\u015bli brak na magazynie &#8211; produkt na zam\u00f3wienie w terminie oko\u0142o 1 tygodnia.<\/p>","protected":false},"featured_media":7289,"comment_status":"closed","ping_status":"closed","template":"","meta":{"om_disable_all_campaigns":false},"product_brand":[2284,2350],"product_cat":[1838,2182,801],"product_tag":[5582,4923,5577,4928,4906,5576,4686,4668,5583,5560,4910,3723,5018,2599],"class_list":{"0":"post-15595","1":"product","2":"type-product","3":"status-publish","4":"has-post-thumbnail","6":"product_brand-staviori","7":"product_brand-verona","8":"product_cat-diamenty","9":"product_cat-pierscionek-z-diamentem","10":"product_cat-pierscionki","11":"product_tag-12228-1","12":"product_tag-diamantovy-prsten","13":"product_tag-diamantring","14":"product_tag-diamond-ring","15":"product_tag-engagement-ring","16":"product_tag-gold-ring","17":"product_tag-pierscionek-z-diamentem","18":"product_tag-pierscionek-zareczynowy","19":"product_tag-pzd6007","20":"product_tag-verlobungsring","21":"product_tag-zasnubni-prsten","22":"product_tag-zlota-bizuteria","23":"product_tag-zloty-pierscionek","24":"product_tag-zolte-zloto-585","25":"pa_barwa-h-2","26":"pa_czystosc-si1","27":"pa_kamien-diament","28":"pa_kolor-zolte","29":"pa_kruszec-zloto","30":"pa_proba-0-585","31":"pa_rozmiar-4355","32":"pa_rozmiar-2351","33":"pa_rozmiar-2352","34":"pa_rozmiar-2353","35":"pa_rozmiar-2354","36":"pa_rozmiar-2355","37":"pa_rozmiar-2356","38":"pa_rozmiar-2357","39":"pa_rozmiar-2358","40":"pa_waga-120g","42":"first","43":"instock","44":"purchasable","45":"product-type-simple"},"aioseo_notices":[],"_links":{"self":[{"href":"https:\/\/staviori.com.pl\/de\/wp-json\/wp\/v2\/product\/15595","targetHints":{"allow":["GET"]}}],"collection":[{"href":"https:\/\/staviori.com.pl\/de\/wp-json\/wp\/v2\/product"}],"about":[{"href":"https:\/\/staviori.com.pl\/de\/wp-json\/wp\/v2\/types\/product"}],"replies":[{"embeddable":true,"href":"https:\/\/staviori.com.pl\/de\/wp-json\/wp\/v2\/comments?post=15595"}],"wp:featuredmedia":[{"embeddable":true,"href":"https:\/\/staviori.com.pl\/de\/wp-json\/wp\/v2\/media\/7289"}],"wp:attachment":[{"href":"https:\/\/staviori.com.pl\/de\/wp-json\/wp\/v2\/media?parent=15595"}],"wp:term":[{"taxonomy":"product_brand","embeddable":true,"href":"https:\/\/staviori.com.pl\/de\/wp-json\/wp\/v2\/product_brand?post=15595"},{"taxonomy":"product_cat","embeddable":true,"href":"https:\/\/staviori.com.pl\/de\/wp-json\/wp\/v2\/product_cat?post=15595"},{"taxonomy":"product_tag","embeddable":true,"href":"https:\/\/staviori.com.pl\/de\/wp-json\/wp\/v2\/product_tag?post=15595"}],"curies":[{"name":"wp","href":"https:\/\/api.w.org\/{rel}","templated":true}]}}