{"id":15592,"date":"2025-02-24T22:49:15","date_gmt":"2025-02-24T21:49:15","guid":{"rendered":"https:\/\/staviori.com.pl\/product\/pierscionek-z-diamentem-pzd5990\/"},"modified":"2026-02-11T00:09:53","modified_gmt":"2026-02-10T23:09:53","slug":"pierscionek-z-diamentem-pzd5990","status":"publish","type":"product","link":"https:\/\/staviori.com.pl\/de\/product\/pierscionek-z-diamentem-pzd5990\/","title":{"rendered":"Diamantring Gelbgold 585"},"content":{"rendered":"<p>Model: PZD5990<br \/>\nGewicht ca. 1,20g<\/p>\n<p>Ring.<br \/>\nGelbgold 0,585.<br \/>\n5 Diament\u00f3w, szlif brylantowy, o masie 0,05ct, barwa H, czysto\u015b\u0107 I1.<\/p>\n<p>Nur einige Gr\u00f6\u00dfen verf\u00fcgbar - bitte anfragen<\/p>","protected":false},"excerpt":{"rendered":"<p>Delikatny pier\u015bcionek z \u017c\u00f3\u0142tego z\u0142ota pr\u00f3by 585, ozdobiony pi\u0119cioma l\u015bni\u0105cymi diamentami o \u0142\u0105cznej masie 0,05ct. Subtelny i elegancki wz\u00f3r sprawia, \u017ce bi\u017cuteria doskonale podkre\u015bla codzienne stylizacje, a jednocze\u015bnie \u015bwietnie sprawdzi si\u0119 jako symbol wyj\u0105tkowych chwil. To klasyka w nowoczesnym wydaniu \u2013 idealny dla kobiet ceni\u0105cych ponadczasowe pi\u0119kno i minimalizm.<\/p>\n<p>Nur einige Gr\u00f6\u00dfen verf\u00fcgbar - bitte anfragen<\/p>","protected":false},"featured_media":7266,"comment_status":"closed","ping_status":"closed","template":"","meta":{"om_disable_all_campaigns":false},"product_brand":[2284],"product_cat":[1838,2182,801],"product_tag":[4923,5577,4928,4906,5576,4708,5257,5560,4910,3723,5018,2599],"class_list":{"0":"post-15592","1":"product","2":"type-product","3":"status-publish","4":"has-post-thumbnail","6":"product_brand-staviori","7":"product_cat-diamenty","8":"product_cat-pierscionek-z-diamentem","9":"product_cat-pierscionki","10":"product_tag-diamantovy-prsten","11":"product_tag-diamantring","12":"product_tag-diamond-ring","13":"product_tag-engagement-ring","14":"product_tag-gold-ring","15":"product_tag-pierscionek-z-diamentami","16":"product_tag-pierscionek-zloty","17":"product_tag-verlobungsring","18":"product_tag-zasnubni-prsten","19":"product_tag-zlota-bizuteria","20":"product_tag-zloty-pierscionek","21":"product_tag-zolte-zloto-585","22":"pa_barwa-h-2","23":"pa_czystosc-i1","24":"pa_dostawca-estrella","25":"pa_kamien-brylanty","26":"pa_kolor-zolte","27":"pa_kruszec-zloto","28":"pa_proba-0-585","29":"pa_rozmiar-2352","30":"pa_waga-120g","32":"first","33":"instock","34":"purchasable","35":"product-type-variable","36":"has-default-attributes"},"aioseo_notices":[],"_links":{"self":[{"href":"https:\/\/staviori.com.pl\/de\/wp-json\/wp\/v2\/product\/15592","targetHints":{"allow":["GET"]}}],"collection":[{"href":"https:\/\/staviori.com.pl\/de\/wp-json\/wp\/v2\/product"}],"about":[{"href":"https:\/\/staviori.com.pl\/de\/wp-json\/wp\/v2\/types\/product"}],"replies":[{"embeddable":true,"href":"https:\/\/staviori.com.pl\/de\/wp-json\/wp\/v2\/comments?post=15592"}],"wp:featuredmedia":[{"embeddable":true,"href":"https:\/\/staviori.com.pl\/de\/wp-json\/wp\/v2\/media\/7266"}],"wp:attachment":[{"href":"https:\/\/staviori.com.pl\/de\/wp-json\/wp\/v2\/media?parent=15592"}],"wp:term":[{"taxonomy":"product_brand","embeddable":true,"href":"https:\/\/staviori.com.pl\/de\/wp-json\/wp\/v2\/product_brand?post=15592"},{"taxonomy":"product_cat","embeddable":true,"href":"https:\/\/staviori.com.pl\/de\/wp-json\/wp\/v2\/product_cat?post=15592"},{"taxonomy":"product_tag","embeddable":true,"href":"https:\/\/staviori.com.pl\/de\/wp-json\/wp\/v2\/product_tag?post=15592"}],"curies":[{"name":"wp","href":"https:\/\/api.w.org\/{rel}","templated":true}]}}