{"id":15581,"date":"2025-02-24T22:49:15","date_gmt":"2025-02-24T21:49:15","guid":{"rendered":"https:\/\/staviori.com.pl\/product\/bizuteria-inwestycyjna-pierscionek-pzd4435\/"},"modified":"2026-02-11T00:09:55","modified_gmt":"2026-02-10T23:09:55","slug":"bizuteria-inwestycyjna-pierscionek-pzd4435","status":"publish","type":"product","link":"https:\/\/staviori.com.pl\/de\/product\/bizuteria-inwestycyjna-pierscionek-pzd4435\/","title":{"rendered":"Exklusive | sch\u00f6ne Verlobung mit Diamanten in 18 Karat Gold"},"content":{"rendered":"<p>Model: DDR0664<br \/>\nWaga ok. 2,75g<\/p>\n<p>Ring.<br \/>\n\u017b\u00f3\u0142te, Bia\u0142e lub R\u00f3\u017cowe Z\u0142oto 0,750.<br \/>\n1 Diament, szlif brylantowy, o masie 0,20ct, barwa G, czysto\u015b\u0107 SI1.<br \/>\n62 Diamenty, szlif brylantowy, o masie 0,21ct, barwa G-H, czysto\u015b\u0107 SI1.<\/p>\n<p>\u015arednica korony ok. 4.2 mm.<br \/>\nWysoko\u015b\u0107 5 mm.<br \/>\nSzeroko\u015b\u0107 obr\u0105czki ok. 3.1 mm.<\/p>\n<p>Pier\u015bcionek zar\u0119czynowy<br \/>\nProdukt in jeder Gr\u00f6\u00dfe, nur auf Anfrage erh\u00e4ltlich, Lieferzeit ca. 5 Wochen.<\/p>","protected":false},"excerpt":{"rendered":"<p>Zachwycaj\u0105cy pier\u015bcionek zar\u0119czynowy wykonany z \u017c\u00f3\u0142tego z\u0142ota pr\u00f3by 0,750. Jego centralnym punktem jest ol\u015bniewaj\u0105cy diament o masie 0,20 ct, oprawiony w klasyczn\u0105 sze\u015bcioramienn\u0105 koron\u0119. Dodatkowego blasku dodaj\u0105 a\u017c 62 drobniejsze brylanty, kt\u00f3re zdobi\u0105 obr\u0105czk\u0119, tworz\u0105c efekt niesamowitego po\u0142ysku. To wyj\u0105tkowy symbol mi\u0142o\u015bci i elegancji, idealny na zar\u0119czyny.<\/p>","protected":false},"featured_media":7183,"comment_status":"closed","ping_status":"closed","template":"","meta":{"om_disable_all_campaigns":false},"product_brand":[2284],"product_cat":[1803,6741,801],"product_tag":[4123,5577,3722,4928,4906,4668,5602,5600,5601,5556,4910,4771,2610],"class_list":{"0":"post-15581","1":"product","2":"type-product","3":"status-publish","4":"has-post-thumbnail","6":"product_brand-staviori","7":"product_cat-brylanty-exclusive","8":"product_cat-pierscionki-brylanty-exclusive","9":"product_cat-pierscionki","10":"product_tag-brylant","11":"product_tag-diamantring","12":"product_tag-diament","13":"product_tag-diamond-ring","14":"product_tag-engagement-ring","15":"product_tag-pierscionek-zareczynowy","16":"product_tag-prsten-se-zlatem-750","17":"product_tag-pzd4435","18":"product_tag-verlobungsring-gelbgold","19":"product_tag-yellow-gold-ring","20":"product_tag-zasnubni-prsten","21":"product_tag-zloty-pierscionek-z-diamentem","22":"product_tag-zolte-zloto-750","23":"pa_barwa-g-2","24":"pa_czystosc-si1","25":"pa_dostawca-draco","26":"pa_kamien-brylanty","27":"pa_kolor-biale","28":"pa_kolor-zolte","29":"pa_kruszec-zloto","30":"pa_okazja-idealne-na-zareczyny","31":"pa_proba-0-750","32":"pa_srednica-korony-ok-4-2mm","33":"pa_waga-275g","34":"pa_wysokosc-5mm","36":"first","37":"onbackorder","38":"purchasable","39":"product-type-variable","40":"has-default-attributes"},"aioseo_notices":[],"_links":{"self":[{"href":"https:\/\/staviori.com.pl\/de\/wp-json\/wp\/v2\/product\/15581","targetHints":{"allow":["GET"]}}],"collection":[{"href":"https:\/\/staviori.com.pl\/de\/wp-json\/wp\/v2\/product"}],"about":[{"href":"https:\/\/staviori.com.pl\/de\/wp-json\/wp\/v2\/types\/product"}],"replies":[{"embeddable":true,"href":"https:\/\/staviori.com.pl\/de\/wp-json\/wp\/v2\/comments?post=15581"}],"wp:featuredmedia":[{"embeddable":true,"href":"https:\/\/staviori.com.pl\/de\/wp-json\/wp\/v2\/media\/7183"}],"wp:attachment":[{"href":"https:\/\/staviori.com.pl\/de\/wp-json\/wp\/v2\/media?parent=15581"}],"wp:term":[{"taxonomy":"product_brand","embeddable":true,"href":"https:\/\/staviori.com.pl\/de\/wp-json\/wp\/v2\/product_brand?post=15581"},{"taxonomy":"product_cat","embeddable":true,"href":"https:\/\/staviori.com.pl\/de\/wp-json\/wp\/v2\/product_cat?post=15581"},{"taxonomy":"product_tag","embeddable":true,"href":"https:\/\/staviori.com.pl\/de\/wp-json\/wp\/v2\/product_tag?post=15581"}],"curies":[{"name":"wp","href":"https:\/\/api.w.org\/{rel}","templated":true}]}}