{"id":15580,"date":"2025-02-24T22:49:15","date_gmt":"2025-02-24T21:49:15","guid":{"rendered":"https:\/\/staviori.com.pl\/product\/bizuteria-inwestycyjna-pierscionek-pzd4411\/"},"modified":"2026-02-11T00:09:55","modified_gmt":"2026-02-10T23:09:55","slug":"bizuteria-inwestycyjna-pierscionek-pzd4411","status":"publish","type":"product","link":"https:\/\/staviori.com.pl\/de\/product\/bizuteria-inwestycyjna-pierscionek-pzd4411\/","title":{"rendered":"Exklusive | klassische Verlobung in 18K Gold mit 1ct Diamant"},"content":{"rendered":"<p>Model: PZD4411<br \/>\nGewicht ca. 3,90g<\/p>\n<p>Ring.<br \/>\n\u017b\u00f3\u0142te, Bia\u0142e Z\u0142oto 0,750.<br \/>\n1 Diament, szlif brylantowy, o masie 1,00ct, barwa H, czysto\u015b\u0107 SI1.<\/p>\n<p>\u015arednica korony ok. 8.1 mm.<br \/>\nWysoko\u015b\u0107 6.7 mm.<br \/>\nSzeroko\u015b\u0107 obr\u0105czki ok. 1.7 mm.<\/p>\n<p>Dost\u0119pny na indywidualne zam\u00f3wienie z dowolnym brylantem.<br \/>\nW przypadku naturalnego brylantu Certyfikat Mi\u0119dzynarodowy instytutu IGI, GIA lub HRD.<br \/>\nMo\u017cliwo\u015b\u0107 wykonania z brylantem laboratoryjnym &#8211; w\u00f3wczas cena -30%.<br \/>\nTermin realizacji oko\u0142o 2 tygodni &#8211; zale\u017cny od ustale\u0144.<\/p>","protected":false},"excerpt":{"rendered":"<p>Klasyczny i niezwykle elegancki pier\u015bcionek zar\u0119czynowy wykonany z po\u0142\u0105czenia \u017c\u00f3\u0142tego i bia\u0142ego z\u0142ota pr\u00f3by 0,750. Jego sercem jest wyj\u0105tkowy brylant o imponuj\u0105cej masie 1,00ct, kt\u00f3ry l\u015bni niezwyk\u0142ym blaskiem w sze\u015bcioramiennej oprawie. Prosta, smuk\u0142a obr\u0105czka podkre\u015bla pi\u0119kno i wielko\u015b\u0107 diamentu, czyni\u0105c ten model prawdziwie ponadczasowym symbolem mi\u0142o\u015bci. Doskona\u0142y wyb\u00f3r dla os\u00f3b ceni\u0105cych luksus i klasyk\u0119 w najlepszym wydaniu.<\/p>\n<p>Dost\u0119pny na indywidualne zam\u00f3wienie z dowolnym brylantem.<br \/>\nW przypadku naturalnego brylantu Certyfikat Mi\u0119dzynarodowy instytutu IGI, GIA lub HRD.<br \/>\nMo\u017cliwo\u015b\u0107 wykonania z brylantem laboratoryjnym &#8211; w\u00f3wczas cena -30%.<br \/>\nTermin realizacji oko\u0142o 2 tygodni &#8211; zale\u017cny od ustale\u0144.<\/p>","protected":false},"featured_media":7170,"comment_status":"closed","ping_status":"closed","template":"","meta":{"om_disable_all_campaigns":false},"product_brand":[2284],"product_cat":[1803,801,6741],"product_tag":[2658,4123,5608,3722,5605,4906,5603,4668,5609,5504,5607,5606,4910,5604,2610],"class_list":{"0":"post-15580","1":"product","2":"type-product","3":"status-publish","4":"has-post-thumbnail","6":"product_brand-staviori","7":"product_cat-brylanty-exclusive","8":"product_cat-pierscionki","9":"product_cat-pierscionki-brylanty-exclusive","10":"product_tag-biale-zloto-750","11":"product_tag-brylant","12":"product_tag-diamantring-1-karat","13":"product_tag-diament","14":"product_tag-diamond-ring-1ct","15":"product_tag-engagement-ring","16":"product_tag-pierscionek-z-brylantem-1ct","17":"product_tag-pierscionek-zareczynowy","18":"product_tag-prsten-s-diamantem-1-ct","19":"product_tag-tiffany","20":"product_tag-verlobungsring-gelbgold-weisgold","21":"product_tag-yellow-white-gold-ring","22":"product_tag-zasnubni-prsten","23":"product_tag-zloty-pierscionek-zareczynowy","24":"product_tag-zolte-zloto-750","25":"pa_barwa-h-2","26":"pa_czystosc-si1","27":"pa_dostawca-estrella","28":"pa_kamien-diament-laboratoryjny","29":"pa_kamien-diament-naturalny-kopalny","30":"pa_kolor-biale","31":"pa_kolor-zolte","32":"pa_kruszec-zloto","33":"pa_okazja-idealne-na-zareczyny","34":"pa_proba-0-750","35":"pa_srednica-korony-ok-8-1mm","36":"pa_waga-390g","37":"pa_wysokosc-6-7mm","39":"first","40":"onbackorder","41":"purchasable","42":"product-type-variable","43":"has-default-attributes"},"aioseo_notices":[],"_links":{"self":[{"href":"https:\/\/staviori.com.pl\/de\/wp-json\/wp\/v2\/product\/15580","targetHints":{"allow":["GET"]}}],"collection":[{"href":"https:\/\/staviori.com.pl\/de\/wp-json\/wp\/v2\/product"}],"about":[{"href":"https:\/\/staviori.com.pl\/de\/wp-json\/wp\/v2\/types\/product"}],"replies":[{"embeddable":true,"href":"https:\/\/staviori.com.pl\/de\/wp-json\/wp\/v2\/comments?post=15580"}],"wp:featuredmedia":[{"embeddable":true,"href":"https:\/\/staviori.com.pl\/de\/wp-json\/wp\/v2\/media\/7170"}],"wp:attachment":[{"href":"https:\/\/staviori.com.pl\/de\/wp-json\/wp\/v2\/media?parent=15580"}],"wp:term":[{"taxonomy":"product_brand","embeddable":true,"href":"https:\/\/staviori.com.pl\/de\/wp-json\/wp\/v2\/product_brand?post=15580"},{"taxonomy":"product_cat","embeddable":true,"href":"https:\/\/staviori.com.pl\/de\/wp-json\/wp\/v2\/product_cat?post=15580"},{"taxonomy":"product_tag","embeddable":true,"href":"https:\/\/staviori.com.pl\/de\/wp-json\/wp\/v2\/product_tag?post=15580"}],"curies":[{"name":"wp","href":"https:\/\/api.w.org\/{rel}","templated":true}]}}