{"id":15579,"date":"2025-02-24T22:49:11","date_gmt":"2025-02-24T21:49:11","guid":{"rendered":"https:\/\/staviori.com.pl\/product\/pierscionek-z-diamentem-pzd4409\/"},"modified":"2026-02-11T00:09:20","modified_gmt":"2026-02-10T23:09:20","slug":"pierscionek-z-diamentem-pzd4409","status":"publish","type":"product","link":"https:\/\/staviori.com.pl\/de\/product\/pierscionek-z-diamentem-pzd4409\/","title":{"rendered":"Staviori | Sch\u00f6ner klassischer Verlobungsring mit 0,25ct Diamant G\/Si1"},"content":{"rendered":"<p>Model: PZD4409<br \/>\nWaga ok. 2,50g<\/p>\n<p>Ring.<br \/>\n\u017b\u00f3\u0142te, Bia\u0142e Z\u0142oto 0,585.<br \/>\n1 Diament, szlif brylantowy, o masie 0,25ct, barwa G, czysto\u015b\u0107 SI1.<\/p>\n<p>\u015arednica korony ok. 4.9 mm.<br \/>\nWysoko\u015b\u0107 4.7 mm.<br \/>\nSzeroko\u015b\u0107 obr\u0105czki ok. 1.80 mm.<\/p>\n<p>Pier\u015bcionek zar\u0119czynowy<br \/>\nDost\u0119pny tylko na zam\u00f3wienie w terminie oko\u0142o 1 tygodnia.<\/p>\n<p>&#8212;&#8212;&#8212;&#8212;&#8212;&#8212;&#8212;&#8211;<br \/>\nWz\u00f3r typu Tiffany czyli cudowny, bia\u0142y i czysty brylant 0,25ct oprawiony w sze\u015bciu \u0142apkach. Koszyczek z bia\u0142ego z\u0142ota na obr\u0105czce z \u017c\u00f3\u0142tego 14-karatowego z\u0142ota tworzy jeden z najpi\u0119kniejszych i najpopularniejszych pier\u015bcionk\u00f3w. Spraw, aby Twoje zar\u0119czyny by\u0142y wyj\u0105tkowe.<\/p>","protected":false},"excerpt":{"rendered":"<p>Klasyczny pier\u015bcionek zar\u0119czynowy typu Tiffany z l\u015bni\u0105cym diamentem o masie 0,25ct. Kamie\u0144 w oprawie z sze\u015bciu \u0142apek wykonanej z bia\u0142ego z\u0142ota cudownie wsp\u00f3\u0142gra z \u017c\u00f3\u0142tym 14-karatowym z\u0142otem obr\u0105czki. Subtelny, a zarazem niezwykle elegancki \u2013 symbol mi\u0142o\u015bci i ponadczasowego stylu. Idealny wyb\u00f3r na zar\u0119czyny pe\u0142ne blasku i emocji.<\/p>","protected":false},"featured_media":7159,"comment_status":"closed","ping_status":"closed","template":"","meta":{"om_disable_all_campaigns":false},"product_brand":[2284],"product_cat":[1803,1838,6752,2182,801,6741],"product_tag":[2308,5077,6743,3722,4928,4906,6298,5576,4668,5504,6742,5560,4910,6728,2364,2522],"class_list":{"0":"post-15579","1":"product","2":"type-product","3":"status-publish","4":"has-post-thumbnail","6":"product_brand-staviori","7":"product_cat-brylanty-exclusive","8":"product_cat-diamenty","9":"product_cat-kolekcja-staviori-must-have","10":"product_cat-pierscionek-z-diamentem","11":"product_cat-pierscionki","12":"product_cat-pierscionki-brylanty-exclusive","13":"product_tag-biale-zloto","14":"product_tag-diamant","15":"product_tag-diamant-ring","16":"product_tag-diament","17":"product_tag-diamond-ring","18":"product_tag-engagement-ring","19":"product_tag-gold-585","20":"product_tag-gold-ring","21":"product_tag-pierscionek-zareczynowy","22":"product_tag-tiffany","23":"product_tag-tiffany-style","24":"product_tag-verlobungsring","25":"product_tag-zasnubni-prsten","26":"product_tag-zlaty-prsten","27":"product_tag-zloto-585","28":"product_tag-zolte-zloto","29":"pa_barwa-g-2","30":"pa_czystosc-si1","31":"pa_kamien-brylant","32":"pa_kolor-zolte","33":"pa_kruszec-zloto","34":"pa_masa-karatowa-025ct","35":"pa_proba-0-585","36":"pa_srednica-korony-ok-4-9mm","37":"pa_waga-250g","38":"pa_wysokosc-4-7mm","40":"first","41":"onbackorder","42":"purchasable","43":"product-type-simple"},"aioseo_notices":[],"_links":{"self":[{"href":"https:\/\/staviori.com.pl\/de\/wp-json\/wp\/v2\/product\/15579","targetHints":{"allow":["GET"]}}],"collection":[{"href":"https:\/\/staviori.com.pl\/de\/wp-json\/wp\/v2\/product"}],"about":[{"href":"https:\/\/staviori.com.pl\/de\/wp-json\/wp\/v2\/types\/product"}],"replies":[{"embeddable":true,"href":"https:\/\/staviori.com.pl\/de\/wp-json\/wp\/v2\/comments?post=15579"}],"wp:featuredmedia":[{"embeddable":true,"href":"https:\/\/staviori.com.pl\/de\/wp-json\/wp\/v2\/media\/7159"}],"wp:attachment":[{"href":"https:\/\/staviori.com.pl\/de\/wp-json\/wp\/v2\/media?parent=15579"}],"wp:term":[{"taxonomy":"product_brand","embeddable":true,"href":"https:\/\/staviori.com.pl\/de\/wp-json\/wp\/v2\/product_brand?post=15579"},{"taxonomy":"product_cat","embeddable":true,"href":"https:\/\/staviori.com.pl\/de\/wp-json\/wp\/v2\/product_cat?post=15579"},{"taxonomy":"product_tag","embeddable":true,"href":"https:\/\/staviori.com.pl\/de\/wp-json\/wp\/v2\/product_tag?post=15579"}],"curies":[{"name":"wp","href":"https:\/\/api.w.org\/{rel}","templated":true}]}}